{"id":802,"date":"2021-03-16T11:02:30","date_gmt":"2021-03-16T10:02:30","guid":{"rendered":"https:\/\/monsieursaucisson.com\/nl\/product\/spaanse-pate-van-artisjok\/"},"modified":"2026-04-07T19:02:47","modified_gmt":"2026-04-07T17:02:47","slug":"spaanse-pate-van-artisjok","status":"publish","type":"product","link":"https:\/\/monsieursaucisson.com\/nl\/spaanse-pate-van-artisjok\/","title":{"rendered":"Spaanse pat\u00e9 van artisjok"},"content":{"rendered":"<p>Bij Monsieur Saucisson zijn we trots op onze passie voor authentieke delicatessen voor op je borrelplank. Onze Spaanse pat\u00e9 van artisjok is een veelzijdige verrassing voor je smaakpapillen, en we nodigen je uit om deze heerlijke creatie te ontdekken.<\/p>\n<p>Onze Spaanse pat\u00e9 van artisjok is gemaakt van de fijnste artisjokharten en biedt een scala aan culinaire mogelijkheden. Het is niet alleen geweldig op toast of crackers, maar het voegt ook een verrukkelijke dimensie toe aan je favoriete dips en dressings.<\/p>\n<p>Wat deze Spaanse pat\u00e9 van artisjok echt bijzonder maakt, is de mogelijkheid om het te gebruiken als een vleesvrije pat\u00e9. Als je vegetarisch bent of gewoon op zoek bent naar een smaakvol alternatief voor traditionele pat\u00e9, dan is dit de ideale keuze. Smeer het op versgebakken brood en voeg wat geraspte parmezaan toe voor een smaakexplosie die je zintuigen zal betoveren.<\/p>\n<p>Deze Spaanse pat\u00e9 van artisjok is een heerlijke aanvulling op je borrelplank, en je zult verbaasd zijn over de veelzijdigheid ervan. Of je nu een casual bijeenkomst hebt met vrienden of een gastronomisch avontuur plant, onze cr\u00e8me zal indruk maken.<\/p>\n<p>Bij Monsieur Saucisson hechten we waarde aan authenticiteit en versheid, en dat proef je in elk hapje van onze Spaanse pat\u00e9 van artisjok. Voeg een vleugje Spaanse culinaire traditie toe aan je volgende borrel met deze smaakvolle en veelzijdige creatie.<\/p>\n<p>Probeer onze Spaanse pat\u00e9 van artisjok vandaag nog en ontdek nieuwe manieren om van dit culinaire juweeltje te genieten. Je zult versteld staan van de creativiteit die het aan je culinaire avonturen toevoegt.<\/p>\n","protected":false},"excerpt":{"rendered":"<p>Deze heerlijke Spaanse pat\u00e9 van artisjok is een veelzijdige cr\u00e8me gemaakt van artisjokharten. Geweldig op toast of crackers. Te gebruiken in dips en dressings. Probeer dit ook eens met pasta en geraspte parmezaan. Geweldig als vegetarische pat\u00e9, en een erg veelzijdig product.<\/p>\n","protected":false},"featured_media":1069,"template":"","meta":{"_acf_changed":false,"iawp_total_views":91,"editor_notices":[]},"product_brand":[],"product_cat":[312,309,310,15],"product_tag":[379],"class_list":{"0":"post-802","1":"product","2":"type-product","3":"status-publish","4":"has-post-thumbnail","6":"product_cat-spaanse-pate","7":"product_cat-delicatessen","8":"product_cat-terrine-pate","9":"product_cat-alle-producten","10":"product_tag-borrel-producten","12":"first","13":"instock","14":"taxable","15":"shipping-taxable","16":"purchasable","17":"product-type-simple"},"acf":[],"_links":{"self":[{"href":"https:\/\/monsieursaucisson.com\/nl\/wp-json\/wp\/v2\/product\/802","targetHints":{"allow":["GET"]}}],"collection":[{"href":"https:\/\/monsieursaucisson.com\/nl\/wp-json\/wp\/v2\/product"}],"about":[{"href":"https:\/\/monsieursaucisson.com\/nl\/wp-json\/wp\/v2\/types\/product"}],"wp:featuredmedia":[{"embeddable":true,"href":"https:\/\/monsieursaucisson.com\/nl\/wp-json\/wp\/v2\/media\/1069"}],"wp:attachment":[{"href":"https:\/\/monsieursaucisson.com\/nl\/wp-json\/wp\/v2\/media?parent=802"}],"wp:term":[{"taxonomy":"product_brand","embeddable":true,"href":"https:\/\/monsieursaucisson.com\/nl\/wp-json\/wp\/v2\/product_brand?post=802"},{"taxonomy":"product_cat","embeddable":true,"href":"https:\/\/monsieursaucisson.com\/nl\/wp-json\/wp\/v2\/product_cat?post=802"},{"taxonomy":"product_tag","embeddable":true,"href":"https:\/\/monsieursaucisson.com\/nl\/wp-json\/wp\/v2\/product_tag?post=802"}],"curies":[{"name":"wp","href":"https:\/\/api.w.org\/{rel}","templated":true}]}}