{"id":796,"date":"2021-03-16T11:08:02","date_gmt":"2021-03-16T10:08:02","guid":{"rendered":"https:\/\/monsieursaucisson.com\/nl\/product\/spaanse-pate-met-eekhoorntjesbrood\/"},"modified":"2026-04-21T15:50:39","modified_gmt":"2026-04-21T13:50:39","slug":"spaanse-pate-met-eekhoorntjesbrood","status":"publish","type":"product","link":"https:\/\/monsieursaucisson.com\/nl\/spaanse-pate-met-eekhoorntjesbrood\/","title":{"rendered":"Spaanse pat\u00e9 met eekhoorntjesbrood"},"content":{"rendered":"<p>Spaanse pat\u00e9 met eekhoorntjesbrood is een ware smaaksensatie voor fijnproevers. Onze pat\u00e9 wordt ambachtelijk bereid met zorgvuldig geselecteerde volwaardige porcini paddenstoelen, die in Nederland vaak bekend staan als Eekhoorntjesbrood. Deze delicatesse wordt verrijkt met de verfijnde smaak van extra vergine olijfolie, wat resulteert in een pat\u00e9 van uitzonderlijke kwaliteit.<\/p>\n<p>De Spaanse pat\u00e9 met eekhoorntjesbrood is veelzijdig en kan op diverse manieren worden genoten. Als voorgerecht biedt het een heerlijke inleiding tot een culinair avontuur. Smeer het royaal op versgebakken brood voor een smaakvolle boterham, of gebruik het als hartig beleg op crackers voor een voedzame snack. Bovendien voegt deze pat\u00e9 een vleugje Spaanse elegantie toe aan je borrelplank wanneer geserveerd op een knapperig toastje.<\/p>\n<p>Elk hap onthult de diepe, aardse tonen van de porcini paddenstoelen en de subtiele kruidigheid van de olijfolie. Bij Monsieur Saucisson is kwaliteit en versheid gegarandeerd, waardoor je met vertrouwen kunt genieten van deze Spaanse lekkernij.<\/p>\n<p>Ontdek de veelzijdigheid en verfijning van de Spaanse pat\u00e9 met eekhoorntjesbrood en laat je smaakpapillen verwennen door deze unieke delicatesse. Een onmisbare toevoeging aan elke borrelplank.<\/p>\n","protected":false},"excerpt":{"rendered":"<p>Spaanse pat\u00e9 met eekhoorntjesbrood is een heerlijke pat\u00e9, gemaakt van volwaardige porcini paddenstoelen en extra vergine olijfolie. Porcini paddenstoelen kennen we in Nederland veelal als Eekhoorntjesbrood. Deze pat\u00e9 is een voortreffelijk voorgerecht, ideaal als beleg op een boterham, en past ook nog eens uitstekend bij de borrelplank op een toastje; een erg veelzijdig product dus!<\/p>\n","protected":false},"featured_media":1070,"template":"","meta":{"_acf_changed":false,"iawp_total_views":73,"editor_notices":[]},"product_brand":[],"product_cat":[312,15,309,310],"product_tag":[379],"class_list":{"0":"post-796","1":"product","2":"type-product","3":"status-publish","4":"has-post-thumbnail","6":"product_cat-spaanse-pate","7":"product_cat-alle-producten","8":"product_cat-delicatessen","9":"product_cat-terrine-pate","10":"product_tag-borrel-producten","12":"first","13":"instock","14":"taxable","15":"shipping-taxable","16":"purchasable","17":"product-type-simple"},"acf":[],"_links":{"self":[{"href":"https:\/\/monsieursaucisson.com\/nl\/wp-json\/wp\/v2\/product\/796","targetHints":{"allow":["GET"]}}],"collection":[{"href":"https:\/\/monsieursaucisson.com\/nl\/wp-json\/wp\/v2\/product"}],"about":[{"href":"https:\/\/monsieursaucisson.com\/nl\/wp-json\/wp\/v2\/types\/product"}],"wp:featuredmedia":[{"embeddable":true,"href":"https:\/\/monsieursaucisson.com\/nl\/wp-json\/wp\/v2\/media\/1070"}],"wp:attachment":[{"href":"https:\/\/monsieursaucisson.com\/nl\/wp-json\/wp\/v2\/media?parent=796"}],"wp:term":[{"taxonomy":"product_brand","embeddable":true,"href":"https:\/\/monsieursaucisson.com\/nl\/wp-json\/wp\/v2\/product_brand?post=796"},{"taxonomy":"product_cat","embeddable":true,"href":"https:\/\/monsieursaucisson.com\/nl\/wp-json\/wp\/v2\/product_cat?post=796"},{"taxonomy":"product_tag","embeddable":true,"href":"https:\/\/monsieursaucisson.com\/nl\/wp-json\/wp\/v2\/product_tag?post=796"}],"curies":[{"name":"wp","href":"https:\/\/api.w.org\/{rel}","templated":true}]}}