{"id":793,"date":"2021-03-11T10:57:34","date_gmt":"2021-03-11T09:57:34","guid":{"rendered":"https:\/\/monsieursaucisson.com\/nl\/product\/fuet-met-kruiden\/"},"modified":"2026-04-15T23:21:25","modified_gmt":"2026-04-15T21:21:25","slug":"fuet-met-kruiden","status":"publish","type":"product","link":"https:\/\/monsieursaucisson.com\/nl\/fuet-met-kruiden\/","title":{"rendered":"Fuet met kruiden"},"content":{"rendered":"<p>De heerlijke fuet met kruiden. Natuurlijke Spaanse fuet omhuld met Proven\u00e7aalse kruiden, rechtstreeks vanuit het hart van Cataloni\u00eb. Deze fuet is een ware delicatesse, met een unieke twist van aromatische Proven\u00e7aalse kruiden, waaronder rozemarijn, tijm, marjolein en peterselie. Deze kruidencombinatie zorgt voor een smaakexplosie die je zintuigen zal verwennen.<\/p>\n<p>Onze Spaanse fuet met kruiden is met passie en vakmanschap gemaakt, en we nemen trots in de traditionele methoden die deze droge worst zo bijzonder maken. Of je het nu op je borrelplank serveert, toevoegt aan je favoriete gerecht, of gewoon als snack tussendoor geniet, de natuurlijke smaken van onze fuet zullen je smaakpapillen betoveren.<\/p>\n<p>Bij Monsieur Saucisson staan we bekend om onze passie voor authentieke producten voor op je borrelplank, en onze Spaanse fuet met kruiden is geen uitzondering. Laat je verleiden door de rijke smaken van de Proven\u00e7aalse kruiden en ontdek de traditionele smaak van Cataloni\u00eb met elke hap. Bestel vandaag nog en geniet van de pure, onvervalste smaak van onze natuurlijke Spaanse fuet.<\/p>\n","protected":false},"excerpt":{"rendered":"<p>De worsten van Monsieur Saucisson worden met zorg voor u samengesteld. Deze fuet met kruiden is daar een van. De Spaanse fuet is omhuld met Proven\u00e7aalse kruiden, die zorgen voor verschillende verrukkelijke smaken. Heerlijk in combinatie met een van de andere worsten zoals de <a href=\"https:\/\/monsieursaucisson.com\/nl\/fuet-met-vijgen\/\">fuet met vijgen<\/a>. De zoete smaak van de vijgen gaat goed samen met de kruidige smaak van deze fuet.<\/p>\n[shop_offer slug=\"staffel-frans-styled\"]\n","protected":false},"featured_media":1046,"template":"","meta":{"_acf_changed":false,"iawp_total_views":235,"editor_notices":[]},"product_brand":[],"product_cat":[88,81,87,15],"product_tag":[],"class_list":{"0":"post-793","1":"product","2":"type-product","3":"status-publish","4":"has-post-thumbnail","6":"product_cat-spanje-fuet","7":"product_cat-droge-worst","8":"product_cat-droge-worst-spanje","9":"product_cat-alle-producten","11":"first","12":"instock","13":"taxable","14":"shipping-taxable","15":"purchasable","16":"product-type-simple"},"acf":[],"_links":{"self":[{"href":"https:\/\/monsieursaucisson.com\/nl\/wp-json\/wp\/v2\/product\/793","targetHints":{"allow":["GET"]}}],"collection":[{"href":"https:\/\/monsieursaucisson.com\/nl\/wp-json\/wp\/v2\/product"}],"about":[{"href":"https:\/\/monsieursaucisson.com\/nl\/wp-json\/wp\/v2\/types\/product"}],"wp:featuredmedia":[{"embeddable":true,"href":"https:\/\/monsieursaucisson.com\/nl\/wp-json\/wp\/v2\/media\/1046"}],"wp:attachment":[{"href":"https:\/\/monsieursaucisson.com\/nl\/wp-json\/wp\/v2\/media?parent=793"}],"wp:term":[{"taxonomy":"product_brand","embeddable":true,"href":"https:\/\/monsieursaucisson.com\/nl\/wp-json\/wp\/v2\/product_brand?post=793"},{"taxonomy":"product_cat","embeddable":true,"href":"https:\/\/monsieursaucisson.com\/nl\/wp-json\/wp\/v2\/product_cat?post=793"},{"taxonomy":"product_tag","embeddable":true,"href":"https:\/\/monsieursaucisson.com\/nl\/wp-json\/wp\/v2\/product_tag?post=793"}],"curies":[{"name":"wp","href":"https:\/\/api.w.org\/{rel}","templated":true}]}}