{"id":759,"date":"2020-10-30T11:56:59","date_gmt":"2020-10-30T10:56:59","guid":{"rendered":"https:\/\/monsieursaucisson.com\/nl\/product\/worst-met-pistache\/"},"modified":"2026-04-09T11:20:23","modified_gmt":"2026-04-09T09:20:23","slug":"droge-worst-pistache","status":"publish","type":"product","link":"https:\/\/monsieursaucisson.com\/nl\/droge-worst-pistache\/","title":{"rendered":"Droge worst pistache"},"content":{"rendered":"<h3>Saucisson aux pistache &#8211; Droge worst pistache<\/h3>\n<p>Een premium editie van Monsieur Saucisson!<\/p>\n<p>Ontdek onze exclusieve saucisson: een klassieke naturel worst met verrukkelijke pistachenoten. Deze groene pistachenoten zitten boordevol eiwitten en voegen een heerlijk knapperige textuur toe aan de zachte Franse worst. Bij elke plak kan het vari\u00ebren hoeveel noten je zult tegenkomen, maar \u00e9\u00e9n ding is zeker: de pistache brengt een nootachtige smaak die je zintuigen zal verwennen.<\/p>\n<p>Advies: Proef het verschil wanneer je worstje droger is, want hoe droger de worst, hoe intenser de smaak van de pistachenootjes tot zijn recht komt. Geniet van de perfecte combinatie van traditie en verfijning. Verrijk jouw borrelplank vandaag nog!<\/p>\n","protected":false},"excerpt":{"rendered":"<p class=\"cvGsUA direction-ltr align-center para-style-body\"><span class=\"OYPEnA text-decoration-none text-strikethrough-none\">Een premium edition van Monsieur Saucisson, De droge worst pistache! <\/span><span class=\"OYPEnA text-decoration-none text-strikethrough-none\">Een klassieke naturel worst met lekkere stukjes pistachenootjes. De groene pistachenoten zitten boordevol eiwitten. Daarnaast zorgt de pistache voor een lekker bite in de zachte Franse worst. <\/span><span class=\"OYPEnA text-decoration-none text-strikethrough-none\">Het kan per plakje verschillen of er noten in zitten. De pistache geeft een nootachtige smaak. De smaakvolle droge worst pistache is te herkennen aan het zwart met rode touwtje.<\/span><\/p>\n[shop_offer slug=\"staffel-frans-styled\"]\n","protected":false},"featured_media":1000,"template":"","meta":{"_acf_changed":false,"iawp_total_views":842,"editor_notices":[]},"product_brand":[],"product_cat":[85,81,82,15],"product_tag":[],"class_list":{"0":"post-759","1":"product","2":"type-product","3":"status-publish","4":"has-post-thumbnail","6":"product_cat-frankrijk-saucisson","7":"product_cat-droge-worst","8":"product_cat-droge-worst-frankrijk","9":"product_cat-alle-producten","10":"pa_smaakprofiel-noten","12":"first","13":"instock","14":"taxable","15":"shipping-taxable","16":"purchasable","17":"product-type-simple"},"acf":[],"_links":{"self":[{"href":"https:\/\/monsieursaucisson.com\/nl\/wp-json\/wp\/v2\/product\/759","targetHints":{"allow":["GET"]}}],"collection":[{"href":"https:\/\/monsieursaucisson.com\/nl\/wp-json\/wp\/v2\/product"}],"about":[{"href":"https:\/\/monsieursaucisson.com\/nl\/wp-json\/wp\/v2\/types\/product"}],"wp:featuredmedia":[{"embeddable":true,"href":"https:\/\/monsieursaucisson.com\/nl\/wp-json\/wp\/v2\/media\/1000"}],"wp:attachment":[{"href":"https:\/\/monsieursaucisson.com\/nl\/wp-json\/wp\/v2\/media?parent=759"}],"wp:term":[{"taxonomy":"product_brand","embeddable":true,"href":"https:\/\/monsieursaucisson.com\/nl\/wp-json\/wp\/v2\/product_brand?post=759"},{"taxonomy":"product_cat","embeddable":true,"href":"https:\/\/monsieursaucisson.com\/nl\/wp-json\/wp\/v2\/product_cat?post=759"},{"taxonomy":"product_tag","embeddable":true,"href":"https:\/\/monsieursaucisson.com\/nl\/wp-json\/wp\/v2\/product_tag?post=759"}],"curies":[{"name":"wp","href":"https:\/\/api.w.org\/{rel}","templated":true}]}}