{"id":914,"date":"2023-04-21T12:38:28","date_gmt":"2023-04-21T10:38:28","guid":{"rendered":"https:\/\/monsieursaucisson.com\/nl\/product\/spaanse-chips-met-iberico-ham\/"},"modified":"2026-04-23T13:40:21","modified_gmt":"2026-04-23T11:40:21","slug":"iberico-chips","status":"publish","type":"product","link":"https:\/\/monsieursaucisson.com\/de\/iberico-chips\/","title":{"rendered":"Iberico Chips"},"content":{"rendered":"<h2><span class=\"last\">Iberico Chips &#8211; spanische Chips mit Ib\u00e9rico-Schinken<\/span><\/h2>\n<p>Unsere spanischen Iberico Chips werden aus hochwertigen Zutaten hergestellt und haben einen authentischen Geschmack, der Ihre Sinne \u00fcberraschen wird. Der Geschmack des Iberico-Schinkens ist einer der am meisten gesch\u00e4tzten in Spanien, und wir sind stolz darauf, diesen Geschmack in jedem Bissen unserer Chips zum Leben zu erwecken.<\/p>\n<p>Doch lieber Lust auf etwas anderes? Hier gehts zu unseren <a href=\"https:\/\/monsieursaucisson.com\/de\/aioli-knoblauch-dip\/\">Aioli &#8211; Kreationen<\/a>.<\/p>\n","protected":false},"excerpt":{"rendered":"<p>Leckere spanische Ib\u00e9rico-Chips. Diese Chips sind in 125 g-Beuteln verpackt, damit Sie sie lange genie\u00dfen k\u00f6nnen, falls doch mal ein Rest \u00fcbrig bleiben sollte! Diese Kartoffel-Chips eignen sich hervorragend als Geschenk f\u00fcr gro\u00dfe Chips-Liebhaber und f\u00fcr alle, die mal etwas anderes als die \u00fcblichen Chips aus dem Supermarkt probieren m\u00f6chten.<\/p>\n","protected":false},"featured_media":2246,"template":"","meta":{"_acf_changed":false,"iawp_total_views":74,"editor_notices":[]},"product_brand":[],"product_cat":[15,316,309,313],"product_tag":[],"class_list":{"0":"post-914","1":"product","2":"type-product","3":"status-publish","4":"has-post-thumbnail","6":"product_cat-alle-produkte","7":"product_cat-chips-cracker","8":"product_cat-delikatessen","9":"product_cat-tapas","11":"first","12":"instock","13":"taxable","14":"shipping-taxable","15":"purchasable","16":"product-type-simple"},"acf":[],"_links":{"self":[{"href":"https:\/\/monsieursaucisson.com\/de\/wp-json\/wp\/v2\/product\/914","targetHints":{"allow":["GET"]}}],"collection":[{"href":"https:\/\/monsieursaucisson.com\/de\/wp-json\/wp\/v2\/product"}],"about":[{"href":"https:\/\/monsieursaucisson.com\/de\/wp-json\/wp\/v2\/types\/product"}],"wp:featuredmedia":[{"embeddable":true,"href":"https:\/\/monsieursaucisson.com\/de\/wp-json\/wp\/v2\/media\/2246"}],"wp:attachment":[{"href":"https:\/\/monsieursaucisson.com\/de\/wp-json\/wp\/v2\/media?parent=914"}],"wp:term":[{"taxonomy":"product_brand","embeddable":true,"href":"https:\/\/monsieursaucisson.com\/de\/wp-json\/wp\/v2\/product_brand?post=914"},{"taxonomy":"product_cat","embeddable":true,"href":"https:\/\/monsieursaucisson.com\/de\/wp-json\/wp\/v2\/product_cat?post=914"},{"taxonomy":"product_tag","embeddable":true,"href":"https:\/\/monsieursaucisson.com\/de\/wp-json\/wp\/v2\/product_tag?post=914"}],"curies":[{"name":"wp","href":"https:\/\/api.w.org\/{rel}","templated":true}]}}