{"id":901,"date":"2023-04-12T13:20:41","date_gmt":"2023-04-12T11:20:41","guid":{"rendered":"https:\/\/monsieursaucisson.com\/nl\/product\/droge-worst-thaise-kruiden\/"},"modified":"2026-04-22T17:11:27","modified_gmt":"2026-04-22T15:11:27","slug":"salami-mit-thai-kraeuter","status":"publish","type":"product","link":"https:\/\/monsieursaucisson.com\/de\/salami-mit-thai-kraeuter\/","title":{"rendered":"Franz\u00f6sische Salami mit Thai Kr\u00e4utern"},"content":{"rendered":"<h2>Franz\u00f6sische Salami mit Thai Kr\u00e4utern &#8211; exotisch und scharf<\/h2>\n<p>Eine Vielfalt an Geschmacksrichtungen! Einfl\u00fcsse aus China, Indien, Malaysia, Indonesien und sogar aus Europa machen die thail\u00e4ndische K\u00fcche so vielf\u00e4ltig und gleichzeitig so einzigartig! Wer h\u00e4tte gedacht, dass thail\u00e4ndische Gew\u00fcrze so gut zu der traditionellen franz\u00f6sischen Saucisson passen. In dieser Geschmacksrichtung enthalten die Gew\u00fcrze. Wenn man die Salami mit Thai Kr\u00e4utern isst, w\u00e4hnt man sich sofort in Thailand &#8211; eine herrliche Geschmacksexplosion!<\/p>\n<p>Ihre geschmackliche Vielfalt verdankt die thail\u00e4ndische K\u00fcche vor allem den zahlreichen Gew\u00fcrzen. Thai-Basilikum, Ingwer, Galgant, Knoblauch, Chili, Koriander und Zitronengras sind nur einige der oft und gerne verwendeten Zutaten.<\/p>\n<p>Diese luftgetrocknete Salami ist nicht so scharf wie unsere <a href=\"https:\/\/monsieursaucisson.com\/de\/franzoesische-pfeffersalami\/\">Pfeffersalami<\/a>, bei der der Pfeffer auf der Au\u00dfenseite ist. F\u00fcr alle, die es scharf m\u00f6gen, geht es <strong><a href=\"https:\/\/monsieursaucisson.com\/de\/?s=scharf&amp;submit=\">hier<\/a><\/strong> lang!<\/p>\n","protected":false},"excerpt":{"rendered":"<p>Unsere franz\u00f6sische Salami mit Thai Kr\u00e4utern &#8211; die Saucisson Thai &#8211; ist scharf und so herrlich w\u00fcrzig im Geschmack. Es ist von Scheibe zu Scheibe spannend, was Sie bei dieser Salami schmecken werden &#8211; mal w\u00fcrzig, mal pikant. Wenn Sie diese Salami mit thail\u00e4ndischen Kr\u00e4utern essen, f\u00fchlen Sie sich sofort nach Thailand versetzt &#8211; eine herrliche Geschmacksexplosion!<\/p>\n<p>Diese Wurst ist an dem schwarz-rosa Faden zu erkennen.<\/p>\n","protected":false},"featured_media":981,"template":"","meta":{"_acf_changed":false,"iawp_total_views":101,"editor_notices":[]},"product_brand":[],"product_cat":[15,82,81,85],"product_tag":[],"class_list":{"0":"post-901","1":"product","2":"type-product","3":"status-publish","4":"has-post-thumbnail","6":"product_cat-alle-produkte","7":"product_cat-franzoesische-salami","8":"product_cat-luftgetrocknete-salami","9":"product_cat-saucisson-sec-franzosische-salami","11":"first","12":"instock","13":"taxable","14":"shipping-taxable","15":"purchasable","16":"product-type-simple"},"acf":[],"_links":{"self":[{"href":"https:\/\/monsieursaucisson.com\/de\/wp-json\/wp\/v2\/product\/901","targetHints":{"allow":["GET"]}}],"collection":[{"href":"https:\/\/monsieursaucisson.com\/de\/wp-json\/wp\/v2\/product"}],"about":[{"href":"https:\/\/monsieursaucisson.com\/de\/wp-json\/wp\/v2\/types\/product"}],"wp:featuredmedia":[{"embeddable":true,"href":"https:\/\/monsieursaucisson.com\/de\/wp-json\/wp\/v2\/media\/981"}],"wp:attachment":[{"href":"https:\/\/monsieursaucisson.com\/de\/wp-json\/wp\/v2\/media?parent=901"}],"wp:term":[{"taxonomy":"product_brand","embeddable":true,"href":"https:\/\/monsieursaucisson.com\/de\/wp-json\/wp\/v2\/product_brand?post=901"},{"taxonomy":"product_cat","embeddable":true,"href":"https:\/\/monsieursaucisson.com\/de\/wp-json\/wp\/v2\/product_cat?post=901"},{"taxonomy":"product_tag","embeddable":true,"href":"https:\/\/monsieursaucisson.com\/de\/wp-json\/wp\/v2\/product_tag?post=901"}],"curies":[{"name":"wp","href":"https:\/\/api.w.org\/{rel}","templated":true}]}}