{"id":900,"date":"2023-04-11T13:45:01","date_gmt":"2023-04-11T11:45:01","guid":{"rendered":"https:\/\/monsieursaucisson.com\/nl\/product\/fuet-met-geitenkaas\/"},"modified":"2026-04-11T11:50:24","modified_gmt":"2026-04-11T09:50:24","slug":"fuet-edelsalami-ziegenkaese","status":"publish","type":"product","link":"https:\/\/monsieursaucisson.com\/de\/fuet-edelsalami-ziegenkaese\/","title":{"rendered":"Fuet Edelsalami Ziegenk\u00e4se"},"content":{"rendered":"<h2>Fuet Edelsalami Ziegenk\u00e4se &#8211; es ist nicht alles K\u00e4se<\/h2>\n<p>Holen Sie sich den echten Geschmack Spaniens direkt nach Hause mit unserer spanischen Edelsalami mit <a href=\"https:\/\/de.wikipedia.org\/wiki\/Ziegenk%C3%A4se\" target=\"_blank\" rel=\"noopener\">Ziegenk\u00e4se<\/a>, die im Herzen Kataloniens fachm\u00e4nnisch hergestellt wird. Diese traditionelle Dauerwurst ist mehr als nur eine Wurst &#8211; sie ist ein kulinarisches Erlebnis, dass Sie vom Mittelmeer tr\u00e4umen l\u00e4sst. Mit jedem Bissen schmeckt man die Liebe und Sorgfalt, mit der diese traditionelle Fuet-Salami hergestellt wird. Diese spanische Delikatesse ist nicht nur f\u00fcr Feinschmecker, die den reinen, authentischen Geschmack Spaniens lieben, sondern f\u00fcr alle K\u00e4seliebhaber und Neugierige.<\/p>\n<p>F\u00fcr einen besonderen Anlass oder um einen ganz allt\u00e4glichen Abend zu etwas Besonderem zu machen, ist die Fuet Edelsalami Ziegenk\u00e4se die perfekte Zutat. Lassen Sie sich von unserem spanischen Fuet mit Ziegenk\u00e4se \u00fcberraschen und verw\u00f6hnen Sie Ihren Gaumen. Bestellen Sie jetzt unsere Fuet Edelsalami Ziegenk\u00e4se und holen Sie sich ein St\u00fcck Spanien nach Hause.<\/p>\n","protected":false},"excerpt":{"rendered":"<p>G\u00f6nnen Sie sich diese k\u00f6stliche und nat\u00fcrliche spanische Fuet Salami mit Ziegenk\u00e4se. Die schmackhafte Fuet Edelsalami Ziegenk\u00e4se wird in Katalonien hergestellt. Der Ziegenk\u00e4se verleiht der Dauerwurst einen cremigen Frischk\u00e4segeschmack. Eine tolle Erg\u00e4nzung f\u00fcr jeden Anlass.<\/p>\n<p>Stellen Sie gerade eine Aufschnittplatte zusammen? Dann werfen Sie doch einen Blick auf unsere anderen Fuet-Varianten oder unsere franz\u00f6sischen Saucissons. Auch k\u00f6stlich: unsere <a href=\"https:\/\/monsieursaucisson.com\/de\/delikatessen\/\">Feinkost<\/a>.<\/p>\n<p>Die k\u00f6stliche Fuet Edelsalami Ziegenk\u00e4se ist an der schwarz\/gelben Schnur zu erkennen.<\/p>\n","protected":false},"featured_media":1059,"template":"","meta":{"_acf_changed":false,"iawp_total_views":95,"editor_notices":[]},"product_brand":[],"product_cat":[81,87,88,15],"product_tag":[],"class_list":{"0":"post-900","1":"product","2":"type-product","3":"status-publish","4":"has-post-thumbnail","6":"product_cat-luftgetrocknete-salami","7":"product_cat-spanische-wurst","8":"product_cat-fuet-salami","9":"product_cat-alle-produkte","11":"first","12":"instock","13":"taxable","14":"shipping-taxable","15":"purchasable","16":"product-type-simple"},"acf":[],"_links":{"self":[{"href":"https:\/\/monsieursaucisson.com\/de\/wp-json\/wp\/v2\/product\/900","targetHints":{"allow":["GET"]}}],"collection":[{"href":"https:\/\/monsieursaucisson.com\/de\/wp-json\/wp\/v2\/product"}],"about":[{"href":"https:\/\/monsieursaucisson.com\/de\/wp-json\/wp\/v2\/types\/product"}],"wp:featuredmedia":[{"embeddable":true,"href":"https:\/\/monsieursaucisson.com\/de\/wp-json\/wp\/v2\/media\/1059"}],"wp:attachment":[{"href":"https:\/\/monsieursaucisson.com\/de\/wp-json\/wp\/v2\/media?parent=900"}],"wp:term":[{"taxonomy":"product_brand","embeddable":true,"href":"https:\/\/monsieursaucisson.com\/de\/wp-json\/wp\/v2\/product_brand?post=900"},{"taxonomy":"product_cat","embeddable":true,"href":"https:\/\/monsieursaucisson.com\/de\/wp-json\/wp\/v2\/product_cat?post=900"},{"taxonomy":"product_tag","embeddable":true,"href":"https:\/\/monsieursaucisson.com\/de\/wp-json\/wp\/v2\/product_tag?post=900"}],"curies":[{"name":"wp","href":"https:\/\/api.w.org\/{rel}","templated":true}]}}