{"id":899,"date":"2023-04-11T13:31:53","date_gmt":"2023-04-11T11:31:53","guid":{"rendered":"https:\/\/monsieursaucisson.com\/nl\/product\/fuet-met-eekhoorntjesbrood\/"},"modified":"2026-04-10T10:21:59","modified_gmt":"2026-04-10T08:21:59","slug":"fuet-edelsalami-steinpilze","status":"publish","type":"product","link":"https:\/\/monsieursaucisson.com\/de\/fuet-edelsalami-steinpilze\/","title":{"rendered":"Fuet Edelsalami Steinpilze"},"content":{"rendered":"<h2>Fuet Edelsalami Steinpilze &#8211; fast wie eine Tr\u00fcffel-Salami<\/h2>\n<p>Monsieur Saucisson bietet Ihnen eine besondere Delikatesse, die Feinschmecker begeistern wird: die authentische spanische Fuet mit Steinpilzen, die mit Liebe im Herzen Kataloniens hergestellt wird. Diese besondere Wurst ist vom erdigen und delikaten Geschmack der Steinpilze durchdrungen und \u00e4hnelt damit dem kostbaren Tr\u00fcffel, der in der italienischen K\u00fcche so gesch\u00e4tzt wird. In Italien sind Steinpilze als &#8222;<a href=\"https:\/\/de.wikipedia.org\/wiki\/Gemeiner_Steinpilz\" target=\"_blank\" rel=\"noopener\">Porcini<\/a>&#8220; bekannt, und diese besondere Zutat hebt unsere Fuet auf ein noch nie dagewesenes kulinarisches Niveau.<\/p>\n<p>Unsere spanische Fuet Edelsalami Steinpilze wird nach traditionellen Methoden hergestellt. Was diese Delikatesse so besonders macht, ist die sorgf\u00e4ltige Auswahl der Steinpilze, die in Katalonien geerntet werden. Das Ergebnis ist eine herausragende Wurst mit einem reichen, erdigen Geschmack, der die Sinne anregt. Ob Sie nun ein Feinschmecker sind, der die Vorz\u00fcge von Steinpilzen kennt, oder ein neugieriger Esser, der gerne Neues entdeckt, unsere spanische Fuet mit Steinpilzen bietet ein unvergessliches Geschmackserlebnis.<\/p>\n<p>Bei <a href=\"https:\/\/monsieursaucisson.com\/de\/\">Monsieur Saucisson<\/a> finden Sie garantiert aussergew\u00f6hnliche Wurstkreation. Lassen Sie sich von den authentischen Aromen und dem Luxus der Steinpilze \u00fcberraschen. Wir m\u00f6chten Ihnen helfen, Ihre Speisekarte auf die n\u00e4chste Stufe zu heben. Genie\u00dfen Sie die Magie der Steinpilze in Verbindung mit der spanischen Kochkunst und machen Sie jede Gelegenheit zu einem Fest.<\/p>\n<p>&nbsp;<\/p>\n<p>&nbsp;<\/p>\n","protected":false},"excerpt":{"rendered":"<p>Probieren Sie diese authentische Fuet Edelsalami mit Steinpilzen aus Katalonien, Spanien. Der Steinpilz verleiht der luftgetrockneten Salami einen aromatischen, erdigen Geschmack, der an Tr\u00fcffel erinnert. Im Italienischen wird sie auch Porcini genannt.<\/p>\n<p>Die k\u00f6stliche Salami ist an der braunen Schnur zu erkennen.<\/p>\n","protected":false},"featured_media":1058,"template":"","meta":{"_acf_changed":false,"iawp_total_views":263,"editor_notices":[]},"product_brand":[],"product_cat":[81,87,88,15],"product_tag":[],"class_list":{"0":"post-899","1":"product","2":"type-product","3":"status-publish","4":"has-post-thumbnail","6":"product_cat-luftgetrocknete-salami","7":"product_cat-spanische-wurst","8":"product_cat-fuet-salami","9":"product_cat-alle-produkte","11":"first","12":"instock","13":"taxable","14":"shipping-taxable","15":"purchasable","16":"product-type-simple"},"acf":[],"_links":{"self":[{"href":"https:\/\/monsieursaucisson.com\/de\/wp-json\/wp\/v2\/product\/899","targetHints":{"allow":["GET"]}}],"collection":[{"href":"https:\/\/monsieursaucisson.com\/de\/wp-json\/wp\/v2\/product"}],"about":[{"href":"https:\/\/monsieursaucisson.com\/de\/wp-json\/wp\/v2\/types\/product"}],"wp:featuredmedia":[{"embeddable":true,"href":"https:\/\/monsieursaucisson.com\/de\/wp-json\/wp\/v2\/media\/1058"}],"wp:attachment":[{"href":"https:\/\/monsieursaucisson.com\/de\/wp-json\/wp\/v2\/media?parent=899"}],"wp:term":[{"taxonomy":"product_brand","embeddable":true,"href":"https:\/\/monsieursaucisson.com\/de\/wp-json\/wp\/v2\/product_brand?post=899"},{"taxonomy":"product_cat","embeddable":true,"href":"https:\/\/monsieursaucisson.com\/de\/wp-json\/wp\/v2\/product_cat?post=899"},{"taxonomy":"product_tag","embeddable":true,"href":"https:\/\/monsieursaucisson.com\/de\/wp-json\/wp\/v2\/product_tag?post=899"}],"curies":[{"name":"wp","href":"https:\/\/api.w.org\/{rel}","templated":true}]}}