{"id":898,"date":"2023-04-11T13:10:07","date_gmt":"2023-04-11T11:10:07","guid":{"rendered":"https:\/\/monsieursaucisson.com\/nl\/product\/fuet-met-paprika\/"},"modified":"2026-04-04T15:30:45","modified_gmt":"2026-04-04T13:30:45","slug":"fuet-edelsalami-paprika","status":"publish","type":"product","link":"https:\/\/monsieursaucisson.com\/de\/fuet-edelsalami-paprika\/","title":{"rendered":"Fuet Edelsalami Paprika"},"content":{"rendered":"<h2>Fuet Edelsalami Paprika &#8211; ein orangefarbenes Juwel aus Spanien<\/h2>\n<p>Wir von Monsieur Saucisson freuen uns, Ihnen mit unserer k\u00f6stlichen Fuet Edelsalami Paprika, ein St\u00fcck spanischer Magie anbieten zu d\u00fcrfen. Dies ist keine gew\u00f6hnliche Salami, sondern eine typisch spanische Delikatesse, die sorgf\u00e4ltig zubereitet wird, um Ihre Geschmacksnerven zu verf\u00fchren.<\/p>\n<p>Unsere naturbelassene <a href=\"https:\/\/de.wikipedia.org\/wiki\/Fuet\" target=\"_blank\" rel=\"noopener\">Fuet<\/a> wird w\u00e4hrend des Trocknungsprozesses mit einer Paprikamischung ummantelt, was ihr ein leuchtend, orangefarbenes Aussehen verleiht &#8211; und damit jedes Buffet versch\u00f6nert. Die Kombination des unverwechselbaren w\u00fcrzigen und leicht s\u00fc\u00dfen Geschmacks der Paprika mit dem weichen und saftigen Fleisch der Fuet ist ein wahrer Genuss f\u00fcr Ihre Sinne.<\/p>\n<p>Die Fuet Edelsalami Paprika ist vielseitig einsetzbar und passt perfekt zu den anderen Geschmacksrichtungen &#8211; von s\u00fc\u00df bis salzig. Egal, ob Sie einen entspannten Abend mit Freunden verbringen oder einen besonderen Anlass feiern, dieses spanische Juwel wird Ihren G\u00e4sten immer ein L\u00e4cheln ins Gesicht zaubern.<\/p>\n<p>Bringen Sie mit unserer Paprika-Fuet einen Hauch von Spanien in Ihr Leben. Die Kombination aus Tradition, Qualit\u00e4t und Farbe macht diese Salami zu einer unverzichtbaren Wahl. Genie\u00dfen Sie das Beste, was Spanien zu bieten hat, direkt von Monsieur Saucisson.<\/p>\n","protected":false},"excerpt":{"rendered":"<p>Die Fuet Edelsalami Paprika ist eine typisch spanische Delikatesse und soooo lecker! Die nat\u00fcrlichen Fuet Salamis werden w\u00e4hrend des Trocknungsprozesses in einer Paprikamischung gew\u00e4lzt. Dieser orangefarbene Fuet Edelsalami Paprika ist daher nicht nur k\u00f6stlich, sondern auch ein Schmuckst\u00fcck f\u00fcr das Auge &#8211; auf einer Wurstplatte oder Buffet. Der Geschmack ist w\u00fcrzig und leicht s\u00fc\u00df, und passt gut zu anderen Geschmacksrichtungen von s\u00fc\u00df bis salzig.<\/p>\n<p>Die k\u00f6stliche Fuet Edelsalami Paprika ist an der weissen Schnur zu erkennen.<\/p>\n","protected":false},"featured_media":1060,"template":"","meta":{"_acf_changed":false,"iawp_total_views":68,"editor_notices":[]},"product_brand":[],"product_cat":[81,87,88,15],"product_tag":[],"class_list":{"0":"post-898","1":"product","2":"type-product","3":"status-publish","4":"has-post-thumbnail","6":"product_cat-luftgetrocknete-salami","7":"product_cat-spanische-wurst","8":"product_cat-fuet-salami","9":"product_cat-alle-produkte","11":"first","12":"instock","13":"taxable","14":"shipping-taxable","15":"purchasable","16":"product-type-simple"},"acf":[],"_links":{"self":[{"href":"https:\/\/monsieursaucisson.com\/de\/wp-json\/wp\/v2\/product\/898","targetHints":{"allow":["GET"]}}],"collection":[{"href":"https:\/\/monsieursaucisson.com\/de\/wp-json\/wp\/v2\/product"}],"about":[{"href":"https:\/\/monsieursaucisson.com\/de\/wp-json\/wp\/v2\/types\/product"}],"wp:featuredmedia":[{"embeddable":true,"href":"https:\/\/monsieursaucisson.com\/de\/wp-json\/wp\/v2\/media\/1060"}],"wp:attachment":[{"href":"https:\/\/monsieursaucisson.com\/de\/wp-json\/wp\/v2\/media?parent=898"}],"wp:term":[{"taxonomy":"product_brand","embeddable":true,"href":"https:\/\/monsieursaucisson.com\/de\/wp-json\/wp\/v2\/product_brand?post=898"},{"taxonomy":"product_cat","embeddable":true,"href":"https:\/\/monsieursaucisson.com\/de\/wp-json\/wp\/v2\/product_cat?post=898"},{"taxonomy":"product_tag","embeddable":true,"href":"https:\/\/monsieursaucisson.com\/de\/wp-json\/wp\/v2\/product_tag?post=898"}],"curies":[{"name":"wp","href":"https:\/\/api.w.org\/{rel}","templated":true}]}}