{"id":896,"date":"2023-03-10T14:53:45","date_gmt":"2023-03-10T13:53:45","guid":{"rendered":"https:\/\/monsieursaucisson.com\/nl\/product\/deluxe-brunch-pakket\/"},"modified":"2026-04-15T22:53:40","modified_gmt":"2026-04-15T20:53:40","slug":"ostern-paket","status":"publish","type":"product","link":"https:\/\/monsieursaucisson.com\/de\/ostern-paket\/","title":{"rendered":"Osternpaket"},"content":{"rendered":"<h2>Osternpaket &#8211; perfekt f\u00fcr Ostern<\/h2>\n<p>Nat\u00fcrlich m\u00f6chte man sich zu Ostern etwas Besonderes g\u00f6nnen. Ein sch\u00f6nes Ostern beginnt daher mit einem k\u00f6stlichen Fr\u00fchst\u00fcck oder brunch. In diesem Osternpaket finden Sie alles, was Sie brauchen, um mit der ganzen Familie authentische und\u00a0 mediterrane Wurst-Spezialit\u00e4ten zu genie\u00dfen! Das Osternpaket ist nicht nur perfekt f\u00fcr Anl\u00e4sse wie Ostern, sondern auch ein Highlight f\u00fcr Geburtstage oder einen gem\u00fctlichen Sonntagmorgen. Im Handumdrehen haben Sie ein schmackhaftes Men\u00fc auf dem Tisch stehen.<\/p>\n<h3>Inhalt vom \u201cOsternpaket\u201d<\/h3>\n<p>Das Osternpaket besteht aus den folgenden Produkten:<\/p>\n<ul>\n<li data-section-id=\"cczblb\" data-start=\"62\" data-end=\"98\">\n<p data-start=\"64\" data-end=\"98\"><span class=\"BZ_Pyq_fadeIn\">Fuet <\/span><span class=\"BZ_Pyq_fadeIn\">mit <\/span><span class=\"BZ_Pyq_fadeIn\">Knoblauch <\/span><span class=\"BZ_Pyq_fadeIn\">umh\u00fcllt<\/span><\/p>\n<\/li>\n<li>Natur-Trockenwurst<\/li>\n<li>Trockenwurst mit ger\u00e4uchertem Speck<\/li>\n<li>Feigenmarmelade<\/li>\n<li data-section-id=\"14ft779\" data-start=\"99\" data-end=\"145\">\n<p data-start=\"101\" data-end=\"145\">Spanische Iberico-Pastete mit Kirschen<\/p>\n<\/li>\n<li data-section-id=\"dpqt9u\" data-start=\"226\" data-end=\"269\">\n<p data-start=\"228\" data-end=\"269\">Spanische Pastete mit Manchego-K\u00e4se<\/p>\n<\/li>\n<li data-section-id=\"1ffzfn8\" data-start=\"353\" data-end=\"375\">\n<p data-start=\"355\" data-end=\"375\">Entenrillettes<\/p>\n<\/li>\n<li data-section-id=\"19o8uet\" data-start=\"376\" data-end=\"415\">\n<p data-start=\"378\" data-end=\"415\">Wildschwein-Terrine mit Genever<\/p>\n<\/li>\n<li data-section-id=\"1mledhp\" data-start=\"270\" data-end=\"308\">\n<p data-start=\"272\" data-end=\"308\">Geschnittener Serrano-Schinken<\/p>\n<\/li>\n<li data-section-id=\"1vmkc2e\" data-start=\"416\" data-end=\"452\"><span class=\"BZ_Pyq_fadeIn\">Geschnittener <\/span><span class=\"BZ_Pyq_fadeIn\">Tapas-<\/span><span class=\"BZ_Pyq_fadeIn\">Mix<\/span><\/li>\n<li data-section-id=\"ae09y0\" data-start=\"558\" data-end=\"603\">\n<p data-start=\"560\" data-end=\"603\">Spitzt\u00fcte Snackw\u00fcrstchen mit Parmesan<\/p>\n<\/li>\n<li data-section-id=\"b4ck2z\" data-start=\"604\" data-end=\"646\">\n<p data-start=\"606\" data-end=\"646\">Spitzt\u00fcte Snackw\u00fcrstchen mit Pfeffer<\/p>\n<\/li>\n<li data-section-id=\"b4ck2z\" data-start=\"604\" data-end=\"646\">Tr\u00fcffel chips<\/li>\n<\/ul>\n<h3>Allergene<\/h3>\n<p>Die W\u00fcrste in dieser Packung enthalten keine sch\u00e4dlichen Geschmacks-, Farb- und Duftstoffe. Die franz\u00f6sischen W\u00fcrstchen enthalten Laktose. Alle franz\u00f6sischen W\u00fcrste k\u00f6nnen auch Spuren von N\u00fcssen enthalten. Die Schale der Snack-W\u00fcrste besteht aus einem nat\u00fcrlich gewonnenen Kollagen. Alle franz\u00f6sischen Salamis k\u00f6nnen auch Spuren von N\u00fcssen enthalten.<\/p>\n<h3>Schimmel auf der Wurst<\/h3>\n<p>Auf der Salami kann sich ein Belag aus gr\u00fcn-blauen Schimmel befinden und das ist typisch f\u00fcr handgefertigten Wurstwaren, denn der Edelschimmel entsteht auf nat\u00fcrliche Weise. Dieser nat\u00fcrliche Edelschimmel kann ohne Bedenken verzehrt werden und sorgt auch daf\u00fcr, dass das die Wurst lange haltbar ist. Weitere Informationen zum Thema Schimmel finden Sie in unserem Blog: <a href=\"https:\/\/monsieursaucisson.com\/de\/schimmel-auf-der-wurst\/\" target=\"_blank\" rel=\"noopener\">Oh je, da ist Schimmel auf meiner Salami Rohwurst<\/a>.<\/p>\n<h3>Andere Informationen<\/h3>\n<p>Herkunftsland: Frankreich und Spanien<\/p>\n<p><i>Monsieur Saucisson ist Spezialist f\u00fcr den Import von luftgetrockneten Saucisson Wurstwaren und Charcuterie.\u00a0<\/i><\/p>\n","protected":false},"excerpt":{"rendered":"<p>Ein sch\u00f6ner Tag beginnt mit einem leckeren Fr\u00fchst\u00fcck oder mit einem Brunch. In diesem Osternpaket finden Sie alles, was Sie brauchen, um authentische mediterrane Produkte mit der ganzen Familie zu genie\u00dfen!<\/p>\n","protected":false},"featured_media":12351,"template":"","meta":{"_acf_changed":false,"iawp_total_views":431,"editor_notices":[]},"product_brand":[],"product_cat":[15,299],"product_tag":[],"class_list":{"0":"post-896","1":"product","2":"type-product","3":"status-publish","4":"has-post-thumbnail","6":"product_cat-alle-produkte","7":"product_cat-wurstpakete-und-geschenksets","8":"product_shipping_class-brievenbus-verzending","10":"first","11":"outofstock","12":"taxable","13":"shipping-taxable","14":"purchasable","15":"product-type-simple"},"acf":[],"_links":{"self":[{"href":"https:\/\/monsieursaucisson.com\/de\/wp-json\/wp\/v2\/product\/896","targetHints":{"allow":["GET"]}}],"collection":[{"href":"https:\/\/monsieursaucisson.com\/de\/wp-json\/wp\/v2\/product"}],"about":[{"href":"https:\/\/monsieursaucisson.com\/de\/wp-json\/wp\/v2\/types\/product"}],"wp:featuredmedia":[{"embeddable":true,"href":"https:\/\/monsieursaucisson.com\/de\/wp-json\/wp\/v2\/media\/12351"}],"wp:attachment":[{"href":"https:\/\/monsieursaucisson.com\/de\/wp-json\/wp\/v2\/media?parent=896"}],"wp:term":[{"taxonomy":"product_brand","embeddable":true,"href":"https:\/\/monsieursaucisson.com\/de\/wp-json\/wp\/v2\/product_brand?post=896"},{"taxonomy":"product_cat","embeddable":true,"href":"https:\/\/monsieursaucisson.com\/de\/wp-json\/wp\/v2\/product_cat?post=896"},{"taxonomy":"product_tag","embeddable":true,"href":"https:\/\/monsieursaucisson.com\/de\/wp-json\/wp\/v2\/product_tag?post=896"}],"curies":[{"name":"wp","href":"https:\/\/api.w.org\/{rel}","templated":true}]}}