{"id":893,"date":"2023-03-08T14:06:46","date_gmt":"2023-03-08T13:06:46","guid":{"rendered":"https:\/\/monsieursaucisson.com\/nl\/product\/spaanse-fuet-chorizo-pikant\/"},"modified":"2026-04-07T22:20:37","modified_gmt":"2026-04-07T20:20:37","slug":"scharfe-chorizo-fuet","status":"publish","type":"product","link":"https:\/\/monsieursaucisson.com\/de\/scharfe-chorizo-fuet\/","title":{"rendered":"Scharfe Chorizo Fuet"},"content":{"rendered":"<h2>Scharfe Chorizo Fuet &#8211; spanische, luftgetrocknete Paprikasalami<\/h2>\n<p>Entdecken Sie den unwiderstehlichen Geschmack unserer naturbelassenen scharfen Chorizo-Wurst, die im Herzen Kataloniens gekonnt hergestellt wird. Wir von Monsieur Saucisson freuen uns, Ihnen diese kulinarische Tradition Spaniens in Form eines k\u00f6stlichen Leckerbissen anbieten zu d\u00fcrfen &#8211; Ihre verw\u00f6hnten Sinne werden begeistern sein.<\/p>\n<p>Unsere scharfe <a href=\"https:\/\/de.wikipedia.org\/wiki\/Chorizo\" target=\"_blank\" rel=\"noopener\">Chorizo<\/a> Fuet ist nicht einfach nur eine weitere Salami, sondern eine Einladung, die Aromen Spaniens zu erleben. Ob Sie die scharfe Chorizo auf einer Festtafel servieren, in eine Pasta einr\u00fchren oder einfach als Snack essen &#8211; diese Delikatesse wird Sie begeistern. Bei Monsieur Saucisson legen wir gro\u00dfen Wert auf Authentizit\u00e4t und Frische, und das schmeckt man in jedem Bissen unserer k\u00f6stlichen Chorizo. Genie\u00dfen Sie diese K\u00f6stlichkeit und finden Sie heraus, warum unsere Kunden immer wieder zu uns kommen.<\/p>\n","protected":false},"excerpt":{"rendered":"<p>Diese spanische Chorizo Salami ist herrlich scharf. Durch die Zugabe von Paprika und Knoblauch erh\u00e4lt die Chorizo-Wurst einen angenehm w\u00fcrzigen Geschmack. Und der Chili l\u00e4\u00dft es richtig sch\u00f6n krachen. Die scharfe Chorizo Fuet findet auch zahlreiche Verwendung in der K\u00fcche &#8211; herrlich auf Pizza und mit Nudeln.<\/p>\n<p>Sie bevorzugen Sie die etwas mildere Variante? Schauen Sie sich diese <a href=\"https:\/\/monsieursaucisson.com\/de\/fuet-chorizo-mild\/\">Chorizo<\/a> an.<\/p>\n","protected":false},"featured_media":1062,"template":"","meta":{"_acf_changed":false,"iawp_total_views":342,"editor_notices":[]},"product_brand":[],"product_cat":[81,87,88,296,15],"product_tag":[],"class_list":{"0":"post-893","1":"product","2":"type-product","3":"status-publish","4":"has-post-thumbnail","6":"product_cat-luftgetrocknete-salami","7":"product_cat-spanische-wurst","8":"product_cat-fuet-salami","9":"product_cat-chorizo-wurst","10":"product_cat-alle-produkte","12":"first","13":"instock","14":"taxable","15":"shipping-taxable","16":"purchasable","17":"product-type-simple"},"acf":[],"_links":{"self":[{"href":"https:\/\/monsieursaucisson.com\/de\/wp-json\/wp\/v2\/product\/893","targetHints":{"allow":["GET"]}}],"collection":[{"href":"https:\/\/monsieursaucisson.com\/de\/wp-json\/wp\/v2\/product"}],"about":[{"href":"https:\/\/monsieursaucisson.com\/de\/wp-json\/wp\/v2\/types\/product"}],"wp:featuredmedia":[{"embeddable":true,"href":"https:\/\/monsieursaucisson.com\/de\/wp-json\/wp\/v2\/media\/1062"}],"wp:attachment":[{"href":"https:\/\/monsieursaucisson.com\/de\/wp-json\/wp\/v2\/media?parent=893"}],"wp:term":[{"taxonomy":"product_brand","embeddable":true,"href":"https:\/\/monsieursaucisson.com\/de\/wp-json\/wp\/v2\/product_brand?post=893"},{"taxonomy":"product_cat","embeddable":true,"href":"https:\/\/monsieursaucisson.com\/de\/wp-json\/wp\/v2\/product_cat?post=893"},{"taxonomy":"product_tag","embeddable":true,"href":"https:\/\/monsieursaucisson.com\/de\/wp-json\/wp\/v2\/product_tag?post=893"}],"curies":[{"name":"wp","href":"https:\/\/api.w.org\/{rel}","templated":true}]}}