{"id":892,"date":"2023-03-08T13:42:01","date_gmt":"2023-03-08T12:42:01","guid":{"rendered":"https:\/\/monsieursaucisson.com\/nl\/product\/fuet-chorizo-mild\/"},"modified":"2026-04-04T12:20:35","modified_gmt":"2026-04-04T10:20:35","slug":"fuet-chorizo-mild","status":"publish","type":"product","link":"https:\/\/monsieursaucisson.com\/de\/fuet-chorizo-mild\/","title":{"rendered":"Chorizo mild"},"content":{"rendered":"<h2>Chorizo mild &#8211; spanische, luftgetrocknete Paprikasalami<\/h2>\n<p>Entdecken Sie den unwiderstehlichen Geschmack unserer naturbelassenen spanischen Fuet Salami Chorizo mild, die im Herzen Kataloniens gekonnt hergestellt wird. Wir von Monsieur Saucisson freuen uns, Ihnen diese kulinarische Tradition Spaniens in Form eines k\u00f6stlichen Leckerbissen anbieten zu d\u00fcrfen &#8211; Ihre verw\u00f6hnten Sinne werden begeistern sein.<\/p>\n<p>Unsere spanische Paprikasalami Chorizo mild verk\u00f6rpert die Reinheit des Schweinefleischs, kombiniert mit dem aromatischen Flair von Paprika, Knoblauch und einem Hauch von Chili. Jeder Bissen offenbart die perfekte Balance zwischen einer reichhaltigen, fleischigen Textur und der dezenten, milden Sch\u00e4rfe.<\/p>\n<p>Das Besondere an der <a href=\"https:\/\/de.wikipedia.org\/wiki\/Chorizo\" target=\"_blank\" rel=\"noopener\">Chorizo<\/a> mild sind die sorgf\u00e4ltig ausgew\u00e4hlten Zutaten und das traditionelle Herstellungsverfahren. Ob Sie einen gem\u00fctlichen Abend mit Freunden verbringen oder einen Moment des pers\u00f6nlichen Genusses suchen, diese spanische Salami ist immer der ideale Begleiter.<\/p>\n","protected":false},"excerpt":{"rendered":"<p>Diese spanische Fuet Chorizo mild ist herrlich mild im Geschmack. Durch die Zugabe von Paprika, Knoblauch und Chili erh\u00e4lt die Chorizo-Wurst einen angenehm w\u00fcrzigen Geschmack, der diese Fuet Edelsalami auch f\u00fcr die Verwendung in der K\u00fcche bestens geeignet macht &#8211; herrlich auf Pizza und mit Nudeln.<\/p>\n<p>Sie bevorzugen etwas Sch\u00e4rferes? Schauen Sie sich die <a href=\"https:\/\/monsieursaucisson.com\/de\/scharfe-chorizo-fuet\/\">scharfe Chorizo Fuet<\/a> an.<\/p>\n","protected":false},"featured_media":1061,"template":"","meta":{"_acf_changed":false,"iawp_total_views":136,"editor_notices":[]},"product_brand":[],"product_cat":[81,87,88,296,15],"product_tag":[],"class_list":{"0":"post-892","1":"product","2":"type-product","3":"status-publish","4":"has-post-thumbnail","6":"product_cat-luftgetrocknete-salami","7":"product_cat-spanische-wurst","8":"product_cat-fuet-salami","9":"product_cat-chorizo-wurst","10":"product_cat-alle-produkte","12":"first","13":"instock","14":"taxable","15":"shipping-taxable","16":"purchasable","17":"product-type-simple"},"acf":[],"_links":{"self":[{"href":"https:\/\/monsieursaucisson.com\/de\/wp-json\/wp\/v2\/product\/892","targetHints":{"allow":["GET"]}}],"collection":[{"href":"https:\/\/monsieursaucisson.com\/de\/wp-json\/wp\/v2\/product"}],"about":[{"href":"https:\/\/monsieursaucisson.com\/de\/wp-json\/wp\/v2\/types\/product"}],"wp:featuredmedia":[{"embeddable":true,"href":"https:\/\/monsieursaucisson.com\/de\/wp-json\/wp\/v2\/media\/1061"}],"wp:attachment":[{"href":"https:\/\/monsieursaucisson.com\/de\/wp-json\/wp\/v2\/media?parent=892"}],"wp:term":[{"taxonomy":"product_brand","embeddable":true,"href":"https:\/\/monsieursaucisson.com\/de\/wp-json\/wp\/v2\/product_brand?post=892"},{"taxonomy":"product_cat","embeddable":true,"href":"https:\/\/monsieursaucisson.com\/de\/wp-json\/wp\/v2\/product_cat?post=892"},{"taxonomy":"product_tag","embeddable":true,"href":"https:\/\/monsieursaucisson.com\/de\/wp-json\/wp\/v2\/product_tag?post=892"}],"curies":[{"name":"wp","href":"https:\/\/api.w.org\/{rel}","templated":true}]}}