{"id":891,"date":"2023-03-08T13:21:48","date_gmt":"2023-03-08T12:21:48","guid":{"rendered":"https:\/\/monsieursaucisson.com\/nl\/product\/droge-worst-extra-pikant\/"},"modified":"2026-04-24T13:01:21","modified_gmt":"2026-04-24T11:01:21","slug":"extra-scharfe-salami","status":"publish","type":"product","link":"https:\/\/monsieursaucisson.com\/de\/extra-scharfe-salami\/","title":{"rendered":"Extra scharfe Salami"},"content":{"rendered":"<h2>Extra scharfe Salami &#8211; Saucisson Piment fort<\/h2>\n<p><em>Die extra scharfe Salami (Saucisson Piment fort) ist eine exquisite Delikatesse<\/em> mit einem herrlichen, w\u00fcrzigen Nachgeschmack, der Ihre Geschmacksnerven verw\u00f6hnen wird. Unsere extra scharfe Salami ist mit dem reichhaltigen Aroma von Piment d&#8217;Espelette versetzt, einer ber\u00fchmten Pfeffersorte, die aus dem bezaubernden franz\u00f6sischen Baskenland stammt.<\/p>\n<p>Diese franz\u00f6sische Delikatesse zeichnet sich durch ihre unwiderstehliche Sch\u00e4rfe und ihre sorgf\u00e4ltig ausgew\u00e4hlten Zutaten aus. Unsere luftgerockneten W\u00fcrste werden mit gr\u00f6\u00dfter Sorgfalt zubereitet, damit Sie ein einzigartiges Geschmackserlebnis genie\u00dfen k\u00f6nnen. Bei Monsieur Saucisson legen wir Wert auf Authentizit\u00e4t und Qualit\u00e4t, und die Trockenwurst extra scharf ist ein perfektes Beispiel daf\u00fcr.<\/p>\n<p>Ganz gleich, ob Sie ein Liebhaber w\u00fcrziger Speisen sind oder einfach nur nach einer au\u00dfergew\u00f6hnlichen Erg\u00e4nzung f\u00fcr Ihre Speisetafel suchen, diese Wurst wird Sie nicht entt\u00e4uschen &#8211; beeindrucken Sie Ihren Gaumen udn Ihre G\u00e4ste (wenn was \u00fcbrig bleibt).<\/p>\n<p>Probieren Sie die echte Essenz des franz\u00f6sischen Baskenlandes mit unserer extra scharfen Rohwurst, die frisch vom Bauernhof kommt und Sie mit ihrem reichhaltigen Geschmack und ihrem w\u00fcrzigen Charakter \u00fcberzeugen wird.<\/p>\n","protected":false},"excerpt":{"rendered":"<p>Die extra scharfe Salami &#8211; Saucisson Piment fort &#8211; ist eine w\u00fcrzige luftgetrocknete Wurst mit einem pikanten Nachgeschmack. Das Fleisch ist mit Piment d&#8217;Espelette gemischt, einem bekannten Pfeffer aus dem franz\u00f6sischen Baskenland. Piment d&#8217;Espelette wird aus <a href=\"https:\/\/de.wikipedia.org\/wiki\/Gorria\" target=\"_blank\" rel=\"noopener\">Gorriaschoten<\/a> gewonnen, die Seeleute im 16. Jahrhundert aus S\u00fcdamerika nach Frankreich brachten.<\/p>\n<p>Ist Ihnen die extra scharfe Salami &#8211; Saucisson Piment fort zu scharf? Dann werfen Sie einen Blick auf unsere <a href=\"https:\/\/monsieursaucisson.com\/de\/mild-wuerzige-salami\/\" target=\"_blank\" rel=\"noopener\">milder gew\u00fcrzte Salami<\/a>.<\/p>\n<p>Diese Wurst ist an ihrer gr\u00fcn-rosa Schnur zu erkennen.<\/p>\n","protected":false},"featured_media":979,"template":"","meta":{"_acf_changed":false,"iawp_total_views":548,"editor_notices":[]},"product_brand":[],"product_cat":[15,82,81,85],"product_tag":[],"class_list":{"0":"post-891","1":"product","2":"type-product","3":"status-publish","4":"has-post-thumbnail","6":"product_cat-alle-produkte","7":"product_cat-franzoesische-salami","8":"product_cat-luftgetrocknete-salami","9":"product_cat-saucisson-sec-franzosische-salami","11":"first","12":"instock","13":"taxable","14":"shipping-taxable","15":"purchasable","16":"product-type-simple"},"acf":[],"_links":{"self":[{"href":"https:\/\/monsieursaucisson.com\/de\/wp-json\/wp\/v2\/product\/891","targetHints":{"allow":["GET"]}}],"collection":[{"href":"https:\/\/monsieursaucisson.com\/de\/wp-json\/wp\/v2\/product"}],"about":[{"href":"https:\/\/monsieursaucisson.com\/de\/wp-json\/wp\/v2\/types\/product"}],"wp:featuredmedia":[{"embeddable":true,"href":"https:\/\/monsieursaucisson.com\/de\/wp-json\/wp\/v2\/media\/979"}],"wp:attachment":[{"href":"https:\/\/monsieursaucisson.com\/de\/wp-json\/wp\/v2\/media?parent=891"}],"wp:term":[{"taxonomy":"product_brand","embeddable":true,"href":"https:\/\/monsieursaucisson.com\/de\/wp-json\/wp\/v2\/product_brand?post=891"},{"taxonomy":"product_cat","embeddable":true,"href":"https:\/\/monsieursaucisson.com\/de\/wp-json\/wp\/v2\/product_cat?post=891"},{"taxonomy":"product_tag","embeddable":true,"href":"https:\/\/monsieursaucisson.com\/de\/wp-json\/wp\/v2\/product_tag?post=891"}],"curies":[{"name":"wp","href":"https:\/\/api.w.org\/{rel}","templated":true}]}}