{"id":885,"date":"2023-02-16T15:11:12","date_gmt":"2023-02-16T14:11:12","guid":{"rendered":"https:\/\/monsieursaucisson.com\/nl\/product\/fuet-naturel\/"},"modified":"2026-04-28T17:01:33","modified_gmt":"2026-04-28T15:01:33","slug":"fuet-edelsalami-naturell","status":"publish","type":"product","link":"https:\/\/monsieursaucisson.com\/de\/fuet-edelsalami-naturell\/","title":{"rendered":"Fuet Edelsalami Naturell"},"content":{"rendered":"<h2>Fuet Edelsalami Naturell &#8211; der pure Geschmack von Schweinefleisch<\/h2>\n<p>Mit unserer Fuet Edelsalami Naturell entdecken Sie eine unverf\u00e4lschte und spanische Tradition, direkt aus dem Herzen Kataloniens. Diese Wurst ist eine Fuet in der reinsten und authentischsten Form, getreu den jahrhundertealten Rezepten und Techniken der Fuet-Zubereitung.<\/p>\n<p>Die Fuet Edelsalami Naturell ist der unangefochtene K\u00f6nig in Sachen Einfachheit und Geschmack. Hier finden Sie keine \u00fcberfl\u00fcssigen Zutaten, sondern nur die reine Essenz des Schweinefleischs, angereichert mit einem feinen Hauch von Knoblauch und Pfeffer. Dies sorgt f\u00fcr ein unvergleichliches Geschmackserlebnis, dass perfekt zu jedem Getr\u00e4nk passt.<\/p>\n<p>Bei Monsieur Saucisson glauben wir an den Erhalt von Traditionen und die Lieferung von erstklassigen Produkten. Unsere spanische Fuet Edelsalami Naturell wird mit Hingabe und handwerklichem Geschick zubereitet, und das Ergebnis k\u00f6nnen Sie schmecken. Jeder Bissen entf\u00fchrt Sie direkt auf die sonnenverw\u00f6hnten katalanischen Felder, wo die Essenz dieser Delikatesse lebendig wird.<\/p>\n<p>Erg\u00e4nzen Sie Ihre Sortiment mit dieser k\u00f6stlichen <a href=\"https:\/\/de.wikipedia.org\/wiki\/Salami\" target=\"_blank\" rel=\"noopener\">Salami<\/a> aus Spanien und lassen Sie Ihre G\u00e4ste den zeitlosen Geschmack Spaniens genie\u00dfen. Bestellen Sie noch heute die Fuet Edelsalami Naturell und entdecken Sie, warum sie ein Favorit unter Feinschmeckern ist.<\/p>\n","protected":false},"excerpt":{"rendered":"<p>Die Mutter aller Fuet-Salamis: Fuet Edelsalami Naturell. Eine k\u00f6stliche, spanische Salami in der reinsten Form. Das Einzige, was hier hinzugef\u00fcgt wird, sind Knoblauch und Pfeffer. K\u00f6stlich weich in der Konsistenz und leicht s\u00fc\u00dflich im Geschmack &#8211; der pure Geschmack von Schweinefleisch. Der am meisten untersch\u00e4tzte Geschmack im Sortiment &#8211; probieren Sie selbst!<\/p>\n<p>Die k\u00f6stliche Fuet Naturell ist an der weissen Schnur zu erkennen.<\/p>\n","protected":false},"featured_media":1050,"template":"","meta":{"_acf_changed":false,"iawp_total_views":503,"editor_notices":[]},"product_brand":[],"product_cat":[15,88,81,87],"product_tag":[],"class_list":{"0":"post-885","1":"product","2":"type-product","3":"status-publish","4":"has-post-thumbnail","6":"product_cat-alle-produkte","7":"product_cat-fuet-salami","8":"product_cat-luftgetrocknete-salami","9":"product_cat-spanische-wurst","11":"first","12":"instock","13":"taxable","14":"shipping-taxable","15":"purchasable","16":"product-type-simple"},"acf":[],"_links":{"self":[{"href":"https:\/\/monsieursaucisson.com\/de\/wp-json\/wp\/v2\/product\/885","targetHints":{"allow":["GET"]}}],"collection":[{"href":"https:\/\/monsieursaucisson.com\/de\/wp-json\/wp\/v2\/product"}],"about":[{"href":"https:\/\/monsieursaucisson.com\/de\/wp-json\/wp\/v2\/types\/product"}],"wp:featuredmedia":[{"embeddable":true,"href":"https:\/\/monsieursaucisson.com\/de\/wp-json\/wp\/v2\/media\/1050"}],"wp:attachment":[{"href":"https:\/\/monsieursaucisson.com\/de\/wp-json\/wp\/v2\/media?parent=885"}],"wp:term":[{"taxonomy":"product_brand","embeddable":true,"href":"https:\/\/monsieursaucisson.com\/de\/wp-json\/wp\/v2\/product_brand?post=885"},{"taxonomy":"product_cat","embeddable":true,"href":"https:\/\/monsieursaucisson.com\/de\/wp-json\/wp\/v2\/product_cat?post=885"},{"taxonomy":"product_tag","embeddable":true,"href":"https:\/\/monsieursaucisson.com\/de\/wp-json\/wp\/v2\/product_tag?post=885"}],"curies":[{"name":"wp","href":"https:\/\/api.w.org\/{rel}","templated":true}]}}