{"id":883,"date":"2023-01-13T09:23:38","date_gmt":"2023-01-13T08:23:38","guid":{"rendered":"https:\/\/monsieursaucisson.com\/nl\/product\/droge-worst-zwarte-olijf-basilicum\/"},"modified":"2026-04-09T05:22:14","modified_gmt":"2026-04-09T03:22:14","slug":"salami-mit-schwarzen-oliven-und-basilikum","status":"publish","type":"product","link":"https:\/\/monsieursaucisson.com\/de\/salami-mit-schwarzen-oliven-und-basilikum\/","title":{"rendered":"Franz\u00f6sische Salami mit schwarzen Oliven und Basilikum"},"content":{"rendered":"<h2>Saucisson olives noir et basil &#8211; Salami mit schwarzen Oliven und Basilikum<\/h2>\n<p>Die luftgetrocknete Salami mit schwarzen Oliven und Basilikum ist im Inneren mit schwarzen Oliven und Basilikumbl\u00e4ttern gef\u00fcllt. Diese Kombination ergibt eine feine pikante Mischung und die Saucisson aux Olives noires et au Basilic erh\u00e4lt dadurch einen k\u00f6stlichen und angenehmen Geschmack. Diese Kombination verleiht der Wurst eine etwas dunklere Farbe und diese Salami pa\u00dft perfekt zu einem guten Glas Wein oder auf eine Pizza.<\/p>\n","protected":false},"excerpt":{"rendered":"<p>Diese Franz\u00f6sische Salami ist im Inneren mit schwarzen Oliven und Basilikumbl\u00e4ttern gef\u00fcllt. Diese Kombination ergibt eine sch\u00f6ne pikante Kombination. K\u00f6stlich zur Vesper oder auf einer Pizza!<\/p>\n<p>Diese Wurst ist an der blau-rosa Schnur zu erkennen.<\/p>\n","protected":false},"featured_media":972,"template":"","meta":{"_acf_changed":false,"iawp_total_views":97,"editor_notices":[]},"product_brand":[],"product_cat":[81,82,85,15],"product_tag":[],"class_list":{"0":"post-883","1":"product","2":"type-product","3":"status-publish","4":"has-post-thumbnail","6":"product_cat-luftgetrocknete-salami","7":"product_cat-franzoesische-salami","8":"product_cat-saucisson-sec-franzosische-salami","9":"product_cat-alle-produkte","11":"first","12":"instock","13":"taxable","14":"shipping-taxable","15":"purchasable","16":"product-type-simple"},"acf":[],"_links":{"self":[{"href":"https:\/\/monsieursaucisson.com\/de\/wp-json\/wp\/v2\/product\/883","targetHints":{"allow":["GET"]}}],"collection":[{"href":"https:\/\/monsieursaucisson.com\/de\/wp-json\/wp\/v2\/product"}],"about":[{"href":"https:\/\/monsieursaucisson.com\/de\/wp-json\/wp\/v2\/types\/product"}],"wp:featuredmedia":[{"embeddable":true,"href":"https:\/\/monsieursaucisson.com\/de\/wp-json\/wp\/v2\/media\/972"}],"wp:attachment":[{"href":"https:\/\/monsieursaucisson.com\/de\/wp-json\/wp\/v2\/media?parent=883"}],"wp:term":[{"taxonomy":"product_brand","embeddable":true,"href":"https:\/\/monsieursaucisson.com\/de\/wp-json\/wp\/v2\/product_brand?post=883"},{"taxonomy":"product_cat","embeddable":true,"href":"https:\/\/monsieursaucisson.com\/de\/wp-json\/wp\/v2\/product_cat?post=883"},{"taxonomy":"product_tag","embeddable":true,"href":"https:\/\/monsieursaucisson.com\/de\/wp-json\/wp\/v2\/product_tag?post=883"}],"curies":[{"name":"wp","href":"https:\/\/api.w.org\/{rel}","templated":true}]}}