{"id":882,"date":"2023-01-11T12:19:47","date_gmt":"2023-01-11T11:19:47","guid":{"rendered":"https:\/\/monsieursaucisson.com\/nl\/product\/queue-de-dahu-tressee-eau-vie\/"},"modified":"2026-04-02T10:10:37","modified_gmt":"2026-04-02T08:10:37","slug":"geflochtene-salami-salami-zopf","status":"publish","type":"product","link":"https:\/\/monsieursaucisson.com\/de\/geflochtene-salami-salami-zopf\/","title":{"rendered":"Geflochtene Salami &#8211; der Schwanz des Dahu"},"content":{"rendered":"<h2>Geflochtene Salami &#8211; der Schwanz des Dahu<\/h2>\n<p>Queue de Dahu tressee eau vie oder Schwanz des Dahu! So wird diese luftgetrocknete Zopf-Salami genannt. Drei handgeflochtene W\u00fcrste in Naturdarm, die mit 1% Eau de vie getr\u00e4nkt sind und einen unvergleichlichen Geschmack haben. Die geflochtene Salami basiert auf dem Schwanz des Dahu. Der Dahu ist ein imagin\u00e4res Huftier. Der Legende nach soll es in den Bergregionen Europas vorkommen, vor allem in den franz\u00f6sischen und Schweizer Alpen.<\/p>\n<p>Der Geschmack ider geflochtenen Salami ist leicht s\u00fc\u00dflich, was auf das Eau de vie zur\u00fcckzuf\u00fchren ist. Eau de vie ist ein Sammelbegriff f\u00fcr alle Arten von Spirituosen, die h\u00e4ufig aus vergorenen und anschlie\u00dfend destillierten Fr\u00fcchten hergestellt werden. Die geflochtene Salami ist +\/- 40 cm lang.<\/p>\n","protected":false},"excerpt":{"rendered":"<p>Queue de Dahu tressee eau vie &#8211; wortw\u00f6rtlich \u00fcbersetzt: Der Schwanz des Dahu. Was f\u00fcr ein Name. Tr\u00e8s chic! und diese geflochtene Salami pa\u00dft perfekt in unsere Kategorie der franz\u00f6sischen Spezilit\u00e4ten. Der Salami-Zopf besteht eigentlich aus drei handgeflochtenen W\u00fcrste in Naturdarm, die mit 1% Eau de vie getr\u00e4nkt sind. Ein unvergleichlicher Geschmack und ideal f\u00fcr Aperitifs und Drinks.<\/p>\n","protected":false},"featured_media":1021,"template":"","meta":{"_acf_changed":false,"iawp_total_views":145,"editor_notices":[]},"product_brand":[],"product_cat":[81,82,86,15],"product_tag":[],"class_list":{"0":"post-882","1":"product","2":"type-product","3":"status-publish","4":"has-post-thumbnail","6":"product_cat-luftgetrocknete-salami","7":"product_cat-franzoesische-salami","8":"product_cat-franzoesische-spezialitaeten","9":"product_cat-alle-produkte","11":"first","12":"instock","13":"taxable","14":"shipping-taxable","15":"purchasable","16":"product-type-simple"},"acf":[],"_links":{"self":[{"href":"https:\/\/monsieursaucisson.com\/de\/wp-json\/wp\/v2\/product\/882","targetHints":{"allow":["GET"]}}],"collection":[{"href":"https:\/\/monsieursaucisson.com\/de\/wp-json\/wp\/v2\/product"}],"about":[{"href":"https:\/\/monsieursaucisson.com\/de\/wp-json\/wp\/v2\/types\/product"}],"wp:featuredmedia":[{"embeddable":true,"href":"https:\/\/monsieursaucisson.com\/de\/wp-json\/wp\/v2\/media\/1021"}],"wp:attachment":[{"href":"https:\/\/monsieursaucisson.com\/de\/wp-json\/wp\/v2\/media?parent=882"}],"wp:term":[{"taxonomy":"product_brand","embeddable":true,"href":"https:\/\/monsieursaucisson.com\/de\/wp-json\/wp\/v2\/product_brand?post=882"},{"taxonomy":"product_cat","embeddable":true,"href":"https:\/\/monsieursaucisson.com\/de\/wp-json\/wp\/v2\/product_cat?post=882"},{"taxonomy":"product_tag","embeddable":true,"href":"https:\/\/monsieursaucisson.com\/de\/wp-json\/wp\/v2\/product_tag?post=882"}],"curies":[{"name":"wp","href":"https:\/\/api.w.org\/{rel}","templated":true}]}}