{"id":8786,"date":"2025-07-22T11:17:30","date_gmt":"2025-07-22T09:17:30","guid":{"rendered":"https:\/\/monsieursaucisson.com\/de\/franzoesische-edelsalami-aus-schinken\/"},"modified":"2026-04-10T11:31:09","modified_gmt":"2026-04-10T09:31:09","slug":"franzoesische-edelsalami-aus-schinken","status":"publish","type":"product","link":"https:\/\/monsieursaucisson.com\/de\/franzoesische-edelsalami-aus-schinken\/","title":{"rendered":"Franz\u00f6sische Edelsalami aus Schinken"},"content":{"rendered":"","protected":false},"excerpt":{"rendered":"<h3 data-start=\"60\" data-end=\"118\"><strong data-start=\"64\" data-end=\"118\">Saucisson Jambon \u2013 Edle franz\u00f6sische Schinkenwurst<\/strong><\/h3>\n<p data-start=\"120\" data-end=\"491\">Unser Saucisson Jambon ist eine raffinierte Delikatesse f\u00fcr Liebhaber von authentischem, handwerklich hergestelltem Geschmack. Diese Wurst besteht zu 80 % aus hochwertigem Schweineschinken \u2013 dem feinsten und magersten Teil des Tieres. Das Ergebnis ist ein fett\u00e4rmerer, aber dennoch intensiver und vollmundiger Geschmack, der jeden Bissen zum Genuss macht.<\/p>\n<p data-start=\"493\" data-end=\"798\">Man kann sie getrost als die luxuri\u00f6se Variante der klassischen Saucisson Naturel bezeichnen: mit einer zarteren Textur, einem feineren Geschmack und perfekter Ausgewogenheit. K\u00f6stlich als Snack zum Aperitif, auf einer Platte mit edlen K\u00e4sesorten oder einfach als besondere Leckerei f\u00fcr zwischendurch.<\/p>\n","protected":false},"featured_media":8860,"template":"","meta":{"_acf_changed":false,"iawp_total_views":39,"editor_notices":[]},"product_brand":[],"product_cat":[15],"product_tag":[],"class_list":{"0":"post-8786","1":"product","2":"type-product","3":"status-publish","4":"has-post-thumbnail","6":"product_cat-alle-produkte","8":"first","9":"instock","10":"taxable","11":"shipping-taxable","12":"purchasable","13":"product-type-simple"},"acf":[],"_links":{"self":[{"href":"https:\/\/monsieursaucisson.com\/de\/wp-json\/wp\/v2\/product\/8786","targetHints":{"allow":["GET"]}}],"collection":[{"href":"https:\/\/monsieursaucisson.com\/de\/wp-json\/wp\/v2\/product"}],"about":[{"href":"https:\/\/monsieursaucisson.com\/de\/wp-json\/wp\/v2\/types\/product"}],"wp:featuredmedia":[{"embeddable":true,"href":"https:\/\/monsieursaucisson.com\/de\/wp-json\/wp\/v2\/media\/8860"}],"wp:attachment":[{"href":"https:\/\/monsieursaucisson.com\/de\/wp-json\/wp\/v2\/media?parent=8786"}],"wp:term":[{"taxonomy":"product_brand","embeddable":true,"href":"https:\/\/monsieursaucisson.com\/de\/wp-json\/wp\/v2\/product_brand?post=8786"},{"taxonomy":"product_cat","embeddable":true,"href":"https:\/\/monsieursaucisson.com\/de\/wp-json\/wp\/v2\/product_cat?post=8786"},{"taxonomy":"product_tag","embeddable":true,"href":"https:\/\/monsieursaucisson.com\/de\/wp-json\/wp\/v2\/product_tag?post=8786"}],"curies":[{"name":"wp","href":"https:\/\/api.w.org\/{rel}","templated":true}]}}