{"id":878,"date":"2022-12-12T14:05:41","date_gmt":"2022-12-12T13:05:41","guid":{"rendered":"https:\/\/monsieursaucisson.com\/nl\/product\/houten-borrelplank-rond\/"},"modified":"2026-03-24T09:30:53","modified_gmt":"2026-03-24T08:30:53","slug":"rundes-holzbrett","status":"publish","type":"product","link":"https:\/\/monsieursaucisson.com\/de\/rundes-holzbrett\/","title":{"rendered":"Rundes Holzbrett mit Griff"},"content":{"rendered":"<h2>Rundes Holzbrett mit Griff &#8211; Ein perfektes Pizzabrett<\/h2>\n<p>Das rundes Holzbrett mit Griff ist ideal f\u00fcr entspannte Stunden voller Genuss. Mit einem Durchmesser von ca. 34 cm eignet sich dieses runde Schneidebrett aus Holz auch als Pizzabrett &#8211; f\u00fcr ein gem\u00fctliches Beisammensein. Belegen Sie das runde Schneidebrett mit unseren herrlichen Salamis aus Frankreich und Spanien, sowie mit unseren <a href=\"https:\/\/monsieursaucisson.com\/de\/delikatessen\/\">kulinarischen Dekikatessen<\/a>.<\/p>\n<p>Zaubern Sie sich Ihr ganz pers\u00f6nliches Gaumenfeuerwerk und genie\u00dfen Sie ein kleines kulinarisches Festmahl. Das runde Holzbrett mit Griff ist von sehr guter Qualit\u00e4t. Werfen Sie auch einen Blick auf unsere anderen Non-Food-Produkte!<\/p>\n","protected":false},"excerpt":{"rendered":"<p>Dieses Holzbrett mit Griff \u00a0bietet Ihnen gen\u00fcgend Platz, um all Ihre k\u00f6stlichen Leckereien zu servieren. Das Schneidebrett aus Holz hat einen Durchmesser von 34 cm und eignet sich damit auch perfekt als Pizzabrett.<\/p>\n<p>Probieren Sie auch gleich unser <a href=\"https:\/\/monsieursaucisson.com\/de\/alioli-knoblauch-dip\/\" target=\"_blank\" rel=\"noopener\">Aioli Varianten<\/a>!<\/p>\n","protected":false},"featured_media":1568,"template":"","meta":{"_acf_changed":false,"iawp_total_views":81,"editor_notices":[]},"product_brand":[],"product_cat":[15,309,322],"product_tag":[],"class_list":{"0":"post-878","1":"product","2":"type-product","3":"status-publish","4":"has-post-thumbnail","6":"product_cat-alle-produkte","7":"product_cat-delikatessen","8":"product_cat-non-food","10":"first","11":"outofstock","12":"taxable","13":"shipping-taxable","14":"purchasable","15":"product-type-simple"},"acf":[],"_links":{"self":[{"href":"https:\/\/monsieursaucisson.com\/de\/wp-json\/wp\/v2\/product\/878","targetHints":{"allow":["GET"]}}],"collection":[{"href":"https:\/\/monsieursaucisson.com\/de\/wp-json\/wp\/v2\/product"}],"about":[{"href":"https:\/\/monsieursaucisson.com\/de\/wp-json\/wp\/v2\/types\/product"}],"wp:featuredmedia":[{"embeddable":true,"href":"https:\/\/monsieursaucisson.com\/de\/wp-json\/wp\/v2\/media\/1568"}],"wp:attachment":[{"href":"https:\/\/monsieursaucisson.com\/de\/wp-json\/wp\/v2\/media?parent=878"}],"wp:term":[{"taxonomy":"product_brand","embeddable":true,"href":"https:\/\/monsieursaucisson.com\/de\/wp-json\/wp\/v2\/product_brand?post=878"},{"taxonomy":"product_cat","embeddable":true,"href":"https:\/\/monsieursaucisson.com\/de\/wp-json\/wp\/v2\/product_cat?post=878"},{"taxonomy":"product_tag","embeddable":true,"href":"https:\/\/monsieursaucisson.com\/de\/wp-json\/wp\/v2\/product_tag?post=878"}],"curies":[{"name":"wp","href":"https:\/\/api.w.org\/{rel}","templated":true}]}}