{"id":877,"date":"2022-11-17T08:26:57","date_gmt":"2022-11-17T07:26:57","guid":{"rendered":"https:\/\/monsieursaucisson.com\/nl\/product\/worstbewaarzak\/"},"modified":"2026-04-05T17:02:52","modified_gmt":"2026-04-05T15:02:52","slug":"aufbewahrungsbeutel-fuer-wurst","status":"publish","type":"product","link":"https:\/\/monsieursaucisson.com\/de\/aufbewahrungsbeutel-fuer-wurst\/","title":{"rendered":"Aufbewahrungsbeutel f\u00fcr Wurst"},"content":{"rendered":"<h2>Aufbewahrungsbeutel f\u00fcr Wurst &#8211; l\u00e4nger genie\u00dfen<\/h2>\n<p>Der Wurstaufbewahrungsbeutel von Monsieur Saucisson ist ideal f\u00fcr die Lagerung von W\u00fcrsten. Es ist n\u00e4mlich wichtig, dass die W\u00fcrste nicht in einer versiegelten Schachtel gelagert werden. In dem Aufbewahrungsbeutel f\u00fcr Wurst passen 3 Salamis. Der Beutel ist aus Canvas hergestellt und hat eine L\u00e4nge von 28,5 cm und eine Breite von 13 cm.<\/p>\n<p>Das Material ist atmungsaktiv, so dass Ihre W\u00fcrstchen in dem Beutel nicht &#8222;ersticken&#8220; k\u00f6nnen. Bewahren Sie die W\u00fcrstchen an einem k\u00fchlen Ort auf, damit der Trocknungsprozess nicht beschleunigt wird.<\/p>\n<p><strong>Waschen Sie die Wurst vor dem Gebrauch bei 60 Grad.<\/strong> Die Wurst ist nicht zum Trocknen im W\u00e4schetrockner geeignet.<\/p>\n<p>M\u00f6chten Sie mehr dar\u00fcber erfahren, wie Sie unsere Trockenw\u00fcrste besser aufbewahren k\u00f6nnen? Dann lesen Sie unseren Blog: <a href=\"https:\/\/monsieursaucisson.com\/de\/getrocknete-wurst-haltbarkeit\/\" target=\"_blank\" rel=\"noopener\">Getrocknete Wurst: 5 praktische Tipps zur Haltbarkeit<\/a>.<\/p>\n","protected":false},"excerpt":{"rendered":"<p>Mit unserem Aufbewahrungsbeutel f\u00fcr Wurst von Monsieur Saucisson lagern Sie Ihre luftgetrockneten W\u00fcrste auf die richtige Art und Weise. Damit Sie unsere franz\u00f6sischen Saucissons l\u00e4nger genie\u00dfen k\u00f6nnen.<\/p>\n<p>In dem Monsieur Saucisson Aufbewahrungsbeutel f\u00fcr Wurst passen drei Salami-W\u00fcrste. Der Beutel ist aus Canvas hergestellt und hat eine L\u00e4nge von 28,5 cm und eine Breite von 13 cm.<\/p>\n<p>&nbsp;<\/p>\n","protected":false},"featured_media":2661,"template":"","meta":{"_acf_changed":false,"iawp_total_views":389,"editor_notices":[]},"product_brand":[],"product_cat":[309,322,15],"product_tag":[],"class_list":{"0":"post-877","1":"product","2":"type-product","3":"status-publish","4":"has-post-thumbnail","6":"product_cat-delikatessen","7":"product_cat-non-food","8":"product_cat-alle-produkte","10":"first","11":"instock","12":"taxable","13":"shipping-taxable","14":"purchasable","15":"product-type-simple"},"acf":[],"_links":{"self":[{"href":"https:\/\/monsieursaucisson.com\/de\/wp-json\/wp\/v2\/product\/877","targetHints":{"allow":["GET"]}}],"collection":[{"href":"https:\/\/monsieursaucisson.com\/de\/wp-json\/wp\/v2\/product"}],"about":[{"href":"https:\/\/monsieursaucisson.com\/de\/wp-json\/wp\/v2\/types\/product"}],"wp:featuredmedia":[{"embeddable":true,"href":"https:\/\/monsieursaucisson.com\/de\/wp-json\/wp\/v2\/media\/2661"}],"wp:attachment":[{"href":"https:\/\/monsieursaucisson.com\/de\/wp-json\/wp\/v2\/media?parent=877"}],"wp:term":[{"taxonomy":"product_brand","embeddable":true,"href":"https:\/\/monsieursaucisson.com\/de\/wp-json\/wp\/v2\/product_brand?post=877"},{"taxonomy":"product_cat","embeddable":true,"href":"https:\/\/monsieursaucisson.com\/de\/wp-json\/wp\/v2\/product_cat?post=877"},{"taxonomy":"product_tag","embeddable":true,"href":"https:\/\/monsieursaucisson.com\/de\/wp-json\/wp\/v2\/product_tag?post=877"}],"curies":[{"name":"wp","href":"https:\/\/api.w.org\/{rel}","templated":true}]}}