{"id":874,"date":"2022-10-21T12:03:04","date_gmt":"2022-10-21T10:03:04","guid":{"rendered":"https:\/\/monsieursaucisson.com\/nl\/product\/olijfolie-himalaya-zeezout-chips\/"},"modified":"2026-04-02T06:01:32","modified_gmt":"2026-04-02T04:01:32","slug":"chips-mit-olivenoel-und-himalayasalz","status":"publish","type":"product","link":"https:\/\/monsieursaucisson.com\/de\/chips-mit-olivenoel-und-himalayasalz\/","title":{"rendered":"Chips mit Oliven\u00f6l und Himalayasalz"},"content":{"rendered":"<h2>Chips mit Oliven\u00f6l und Himalayasalz &#8211; Unversch\u00e4mt lecker!<\/h2>\n<p>Mit unseren leckeren Chips mit Oliven\u00f6l und Himalayasalz kommt W\u00fcrze ins Leben und zu Ihnen. Diese Kartoffel-Chips sind perfekt zu Tapas, Weichk\u00e4se oder auch zu Terrinen und Pasteten. Diese Chips sind glutenfrei und in 110 g-Beuteln verpackt, damit Sie sie lange genie\u00dfen k\u00f6nnen!<\/p>\n<p>Lust auf mehr bekommen? Hier gehts zu unserer\u00a0<a href=\"https:\/\/monsieursaucisson.com\/de\/chips-cracker\/\">Chips &amp; Cracker<\/a>\u00a0Abteilung.<\/p>\n","protected":false},"excerpt":{"rendered":"<p>Diese Kartoffel-Chips eignen sich hervorragend als Geschenk f\u00fcr gro\u00dfe Chips-Liebhaber und f\u00fcr alle, die mal etwas anderes als die \u00fcblichen Chips aus dem Supermarkt probieren m\u00f6chten. Die Chips sind glutenfrei und in 110 g-Beuteln verpackt, damit Sie sie lange genie\u00dfen k\u00f6nnen, falls was \u00fcbrig bleibt!<\/p>\n","protected":false},"featured_media":1066,"template":"","meta":{"_acf_changed":false,"iawp_total_views":225,"editor_notices":[]},"product_brand":[],"product_cat":[309,313,316,15],"product_tag":[],"class_list":{"0":"post-874","1":"product","2":"type-product","3":"status-publish","4":"has-post-thumbnail","6":"product_cat-delikatessen","7":"product_cat-tapas","8":"product_cat-chips-cracker","9":"product_cat-alle-produkte","11":"first","12":"instock","13":"taxable","14":"shipping-taxable","15":"purchasable","16":"product-type-simple"},"acf":[],"_links":{"self":[{"href":"https:\/\/monsieursaucisson.com\/de\/wp-json\/wp\/v2\/product\/874","targetHints":{"allow":["GET"]}}],"collection":[{"href":"https:\/\/monsieursaucisson.com\/de\/wp-json\/wp\/v2\/product"}],"about":[{"href":"https:\/\/monsieursaucisson.com\/de\/wp-json\/wp\/v2\/types\/product"}],"wp:featuredmedia":[{"embeddable":true,"href":"https:\/\/monsieursaucisson.com\/de\/wp-json\/wp\/v2\/media\/1066"}],"wp:attachment":[{"href":"https:\/\/monsieursaucisson.com\/de\/wp-json\/wp\/v2\/media?parent=874"}],"wp:term":[{"taxonomy":"product_brand","embeddable":true,"href":"https:\/\/monsieursaucisson.com\/de\/wp-json\/wp\/v2\/product_brand?post=874"},{"taxonomy":"product_cat","embeddable":true,"href":"https:\/\/monsieursaucisson.com\/de\/wp-json\/wp\/v2\/product_cat?post=874"},{"taxonomy":"product_tag","embeddable":true,"href":"https:\/\/monsieursaucisson.com\/de\/wp-json\/wp\/v2\/product_tag?post=874"}],"curies":[{"name":"wp","href":"https:\/\/api.w.org\/{rel}","templated":true}]}}