{"id":873,"date":"2022-10-21T11:56:35","date_gmt":"2022-10-21T09:56:35","guid":{"rendered":"https:\/\/monsieursaucisson.com\/nl\/product\/honing-mosterd-chips\/"},"modified":"2026-04-15T23:10:48","modified_gmt":"2026-04-15T21:10:48","slug":"honig-senf-chips","status":"publish","type":"product","link":"https:\/\/monsieursaucisson.com\/de\/honig-senf-chips\/","title":{"rendered":"Honig-Senf Chips"},"content":{"rendered":"<h2>Honig-Senf Chips &#8211; schmackhaft und glutenfrei<\/h2>\n<p>Mit unseren leckeren spanischen Honig-Senf Chips kommt W\u00fcrze ins Leben und zu Ihnen. Diese Kartoffel-Chips sind perfekt zu Tapas, Weichk\u00e4se oder auch zu Terrinen und Pasteten. Diese Chips sind glutenfrei und in 110 g-Beuteln verpackt, damit Sie sie lange genie\u00dfen k\u00f6nnen!<\/p>\n<p>Lust auf mehr bekommen? Hier gehts zu unserer <a href=\"https:\/\/monsieursaucisson.com\/de\/chips-cracker\/\">Chips &amp; Cracker<\/a> Abteilung.<\/p>\n","protected":false},"excerpt":{"rendered":"<p>Diese Kombination von mildem Senfgeschmack und Honigs\u00fc\u00dfe ist ein einzigartiges, knuspriges Geschmackserlebnis! Diese Chips sind glutenfrei und in 110 g-Beuteln verpackt, damit Sie sie lange genie\u00dfen k\u00f6nnen, falls was \u00fcbrig bleibt!<\/p>\n","protected":false},"featured_media":1068,"template":"","meta":{"_acf_changed":false,"iawp_total_views":72,"editor_notices":[]},"product_brand":[],"product_cat":[309,313,316,15],"product_tag":[],"class_list":{"0":"post-873","1":"product","2":"type-product","3":"status-publish","4":"has-post-thumbnail","6":"product_cat-delikatessen","7":"product_cat-tapas","8":"product_cat-chips-cracker","9":"product_cat-alle-produkte","11":"first","12":"instock","13":"taxable","14":"shipping-taxable","15":"purchasable","16":"product-type-simple"},"acf":[],"_links":{"self":[{"href":"https:\/\/monsieursaucisson.com\/de\/wp-json\/wp\/v2\/product\/873","targetHints":{"allow":["GET"]}}],"collection":[{"href":"https:\/\/monsieursaucisson.com\/de\/wp-json\/wp\/v2\/product"}],"about":[{"href":"https:\/\/monsieursaucisson.com\/de\/wp-json\/wp\/v2\/types\/product"}],"wp:featuredmedia":[{"embeddable":true,"href":"https:\/\/monsieursaucisson.com\/de\/wp-json\/wp\/v2\/media\/1068"}],"wp:attachment":[{"href":"https:\/\/monsieursaucisson.com\/de\/wp-json\/wp\/v2\/media?parent=873"}],"wp:term":[{"taxonomy":"product_brand","embeddable":true,"href":"https:\/\/monsieursaucisson.com\/de\/wp-json\/wp\/v2\/product_brand?post=873"},{"taxonomy":"product_cat","embeddable":true,"href":"https:\/\/monsieursaucisson.com\/de\/wp-json\/wp\/v2\/product_cat?post=873"},{"taxonomy":"product_tag","embeddable":true,"href":"https:\/\/monsieursaucisson.com\/de\/wp-json\/wp\/v2\/product_tag?post=873"}],"curies":[{"name":"wp","href":"https:\/\/api.w.org\/{rel}","templated":true}]}}