{"id":872,"date":"2022-10-21T11:49:40","date_gmt":"2022-10-21T09:49:40","guid":{"rendered":"https:\/\/monsieursaucisson.com\/nl\/product\/wasabi-chips\/"},"modified":"2026-04-22T23:11:53","modified_gmt":"2026-04-22T21:11:53","slug":"wasabi-chips","status":"publish","type":"product","link":"https:\/\/monsieursaucisson.com\/de\/wasabi-chips\/","title":{"rendered":"Wasabi-Chips"},"content":{"rendered":"<h2>Wasabi-Chips &#8211; Eine Mischung mit WOW-Faktor<\/h2>\n<p>Wir freuen uns, Ihnen die weltbeste Kombination von Kartoffelchips mit einem etwas anderen Geschmack zu pr\u00e4sentieren: die leckeren <a href=\"https:\/\/de.wikipedia.org\/wiki\/Wasabi\" target=\"_blank\" rel=\"noopener\">Wasabi<\/a>-Chips sorgen f\u00fcr eine feurige W\u00fcrze mit WOW-Effekt! Die Chips sind glutenfrei und in 110-g-T\u00fcten verpackt, damit Sie lange Freude daran haben!<\/p>\n<p>Au\u00dferdem sind sie ein originelle Geschenkidee f\u00fcr gro\u00dfe Chips-Liebhaber und f\u00fcr alle, die mal etwas anderes als die \u00fcblichen Chips aus dem Supermarkt probieren m\u00f6chten.<\/p>\n<p>Lust auf mehr bekommen? Hier gehts zu unserer\u00a0<a href=\"https:\/\/monsieursaucisson.com\/de\/chips-cracker\/\">Chips &amp; Cracker<\/a>\u00a0Abteilung.<\/p>\n<p>&nbsp;<\/p>\n<p>&nbsp;<\/p>\n","protected":false},"excerpt":{"rendered":"<p>Wir pr\u00e4sentieren Ihnen die weltbeste Kombination von Kartoffelchips mit einem etwas anderem Aroma: die leckeren Wasabi-Chips &#8211; eine feurige W\u00fcrzung mit WOW-Effekt! Diese Chips sind glutenfrei und in 110 g-T\u00fcten verpackt, damit Sie sie lange genie\u00dfen k\u00f6nnen!<\/p>\n<p>Au\u00dferdem sind sie ein originelle Geschenkidee f\u00fcr gro\u00dfe Chips-Liebhaber und f\u00fcr alle, die mal etwas anderes als die \u00fcblichen Chips aus dem Supermarkt probieren m\u00f6chten.<\/p>\n","protected":false},"featured_media":1067,"template":"","meta":{"_acf_changed":false,"iawp_total_views":63,"editor_notices":[]},"product_brand":[],"product_cat":[15,316,309,313],"product_tag":[],"class_list":{"0":"post-872","1":"product","2":"type-product","3":"status-publish","4":"has-post-thumbnail","6":"product_cat-alle-produkte","7":"product_cat-chips-cracker","8":"product_cat-delikatessen","9":"product_cat-tapas","11":"first","12":"instock","13":"taxable","14":"shipping-taxable","15":"purchasable","16":"product-type-simple"},"acf":[],"_links":{"self":[{"href":"https:\/\/monsieursaucisson.com\/de\/wp-json\/wp\/v2\/product\/872","targetHints":{"allow":["GET"]}}],"collection":[{"href":"https:\/\/monsieursaucisson.com\/de\/wp-json\/wp\/v2\/product"}],"about":[{"href":"https:\/\/monsieursaucisson.com\/de\/wp-json\/wp\/v2\/types\/product"}],"wp:featuredmedia":[{"embeddable":true,"href":"https:\/\/monsieursaucisson.com\/de\/wp-json\/wp\/v2\/media\/1067"}],"wp:attachment":[{"href":"https:\/\/monsieursaucisson.com\/de\/wp-json\/wp\/v2\/media?parent=872"}],"wp:term":[{"taxonomy":"product_brand","embeddable":true,"href":"https:\/\/monsieursaucisson.com\/de\/wp-json\/wp\/v2\/product_brand?post=872"},{"taxonomy":"product_cat","embeddable":true,"href":"https:\/\/monsieursaucisson.com\/de\/wp-json\/wp\/v2\/product_cat?post=872"},{"taxonomy":"product_tag","embeddable":true,"href":"https:\/\/monsieursaucisson.com\/de\/wp-json\/wp\/v2\/product_tag?post=872"}],"curies":[{"name":"wp","href":"https:\/\/api.w.org\/{rel}","templated":true}]}}