{"id":870,"date":"2022-10-18T13:45:25","date_gmt":"2022-10-18T11:45:25","guid":{"rendered":"https:\/\/monsieursaucisson.com\/nl\/product\/houten-borrelplank-s\/"},"modified":"2026-03-30T16:37:07","modified_gmt":"2026-03-30T14:37:07","slug":"holzbrettchen","status":"publish","type":"product","link":"https:\/\/monsieursaucisson.com\/de\/holzbrettchen\/","title":{"rendered":"Holzbrettchen &#8222;Petit&#8220;"},"content":{"rendered":"<h2>Holzbrettchen &#8222;Petit&#8220; &#8211; klein, aber fein<\/h2>\n<p>Das h\u00f6lzerne Schneidebrett &#8222;Petit&#8220; sorgt mit seinem luxuri\u00f6sen Look daf\u00fcr, dass H\u00e4ppchen zu einem echten Erlebnis werden. Servieren Sie eine unserer Salamis zusammen mit einem <a href=\"https:\/\/monsieursaucisson.com\/de\/kase\/\">K\u00e4se<\/a> und einigen unserer rustikalen Dipsticks auf diesem Holzrett und es entsteht sofort eine gem\u00fctliche Atmosph\u00e4re. Das Schneidebrett &#8222;Petit&#8220; aus Holz ist von sehr guter Qualit\u00e4t. Werfen Sie auch einen Blick auf unsere anderen <a href=\"https:\/\/monsieursaucisson.com\/de\/non-food\/\" target=\"_blank\" rel=\"noopener\">Non-Food<\/a>-Produkte!<\/p>\n","protected":false},"excerpt":{"rendered":"<p>Das kleine Holzbrettchen ist perfekt f\u00fcr entspannte Genussmomente. Mit seiner handlichen Gr\u00f6\u00dfe passt das Holzbrettchen zu jedem gem\u00fctlichen Beisammensein. Belegen Sie das kleine Schneidebrett mit unserer k\u00f6stlichen franz\u00f6sischen Saucisson-Salamis, spanischem Fuet und unseren Feinkost-Spezialit\u00e4ten. Kreieren Sie Ihre eigene Geschmacksexplosion und genie\u00dfen Sie ein kleines kulinarisches Festmahl.<\/p>\n","protected":false},"featured_media":1346,"template":"","meta":{"_acf_changed":false,"iawp_total_views":58,"editor_notices":[]},"product_brand":[],"product_cat":[309,322,15],"product_tag":[],"class_list":{"0":"post-870","1":"product","2":"type-product","3":"status-publish","4":"has-post-thumbnail","6":"product_cat-delikatessen","7":"product_cat-non-food","8":"product_cat-alle-produkte","10":"first","11":"instock","12":"taxable","13":"shipping-taxable","14":"purchasable","15":"product-type-simple"},"acf":[],"_links":{"self":[{"href":"https:\/\/monsieursaucisson.com\/de\/wp-json\/wp\/v2\/product\/870","targetHints":{"allow":["GET"]}}],"collection":[{"href":"https:\/\/monsieursaucisson.com\/de\/wp-json\/wp\/v2\/product"}],"about":[{"href":"https:\/\/monsieursaucisson.com\/de\/wp-json\/wp\/v2\/types\/product"}],"wp:featuredmedia":[{"embeddable":true,"href":"https:\/\/monsieursaucisson.com\/de\/wp-json\/wp\/v2\/media\/1346"}],"wp:attachment":[{"href":"https:\/\/monsieursaucisson.com\/de\/wp-json\/wp\/v2\/media?parent=870"}],"wp:term":[{"taxonomy":"product_brand","embeddable":true,"href":"https:\/\/monsieursaucisson.com\/de\/wp-json\/wp\/v2\/product_brand?post=870"},{"taxonomy":"product_cat","embeddable":true,"href":"https:\/\/monsieursaucisson.com\/de\/wp-json\/wp\/v2\/product_cat?post=870"},{"taxonomy":"product_tag","embeddable":true,"href":"https:\/\/monsieursaucisson.com\/de\/wp-json\/wp\/v2\/product_tag?post=870"}],"curies":[{"name":"wp","href":"https:\/\/api.w.org\/{rel}","templated":true}]}}