{"id":858,"date":"2022-07-01T11:38:48","date_gmt":"2022-07-01T09:38:48","guid":{"rendered":"https:\/\/monsieursaucisson.com\/nl\/product\/serranoham-reserva\/"},"modified":"2026-04-27T23:41:10","modified_gmt":"2026-04-27T21:41:10","slug":"serrano-schinken-reserva","status":"publish","type":"product","link":"https:\/\/monsieursaucisson.com\/de\/serrano-schinken-reserva\/","title":{"rendered":"Serrano Schinken Reserva &#8211; Aufschnitt"},"content":{"rendered":"<h2>Serrano Schinken Reserva &#8211; 12 bis 18 Monate gereift<\/h2>\n<p>Der in Scheiben geschnittene Serrano-Schinken Reserva ist ein getrockneter und gereifter Schinken, der aus den spanischen Regionen Sierra Nevada und Sierra de Cazorla stammt. Dieser Jamon <a href=\"https:\/\/de.wikipedia.org\/wiki\/Serrano-Schinken\" target=\"_blank\" rel=\"noopener\">Serrano Reserva<\/a> wird aus dem Fleisch von wei\u00dfen Schweinen hergestellt, die in diesen Bergregionen mit Getreide und N\u00fcssen gef\u00fcttert werden.<\/p>\n<p>Der Serrano Schinken Reserva wird zun\u00e4chst gep\u00f6kelt, luftgetrocknet und 12 bis 18 Monate lang gereift. Die Reifungszeit dieses spanischen Schinkens ist l\u00e4nger als bei dem normalen Jamon serrano. Und daher kommt auch der Name &#8222;Reserva&#8220;. W\u00e4hrend der Reifung entwickelt der Serrano Schinken seinen charakteristischen Geschmack und sein Aroma. Genuss pur!<\/p>\n<p><a href=\"https:\/\/monsieursaucisson.com\/de\/aufschnitt\/\" target=\"_blank\" rel=\"noopener\">Mehr Aufschnitte<\/a>!<\/p>\n","protected":false},"excerpt":{"rendered":"<p>Der Jamon Serrano Reserva ist ein luftgetrockneter und gereifter Schinken, der aus den spanischen Regionen Sierra Nevada und Sierra de Cazorla stammt.\u00a0Der spanische Serrano Schinken Reserva wird zun\u00e4chst gesalzen, dann getrocknet und 12 bis 18 Monate lang gereift &#8211; l\u00e4nger als der normale Jamon Serrano und daher auch der Name &#8222;Reserva&#8220;.<\/p>\n<p>Das Original ist kr\u00e4ftig im Geschmack. Geschmack Pur! Perfekt als H\u00e4ppchen bei Drinks, als Vorspeise oder als Snack.<\/p>\n","protected":false},"featured_media":1034,"template":"","meta":{"_acf_changed":false,"iawp_total_views":175,"editor_notices":[]},"product_brand":[],"product_cat":[15,333],"product_tag":[],"class_list":{"0":"post-858","1":"product","2":"type-product","3":"status-publish","4":"has-post-thumbnail","6":"product_cat-alle-produkte","7":"product_cat-wurstaufschnitt","9":"first","10":"instock","11":"taxable","12":"shipping-taxable","13":"purchasable","14":"product-type-simple"},"acf":[],"_links":{"self":[{"href":"https:\/\/monsieursaucisson.com\/de\/wp-json\/wp\/v2\/product\/858","targetHints":{"allow":["GET"]}}],"collection":[{"href":"https:\/\/monsieursaucisson.com\/de\/wp-json\/wp\/v2\/product"}],"about":[{"href":"https:\/\/monsieursaucisson.com\/de\/wp-json\/wp\/v2\/types\/product"}],"wp:featuredmedia":[{"embeddable":true,"href":"https:\/\/monsieursaucisson.com\/de\/wp-json\/wp\/v2\/media\/1034"}],"wp:attachment":[{"href":"https:\/\/monsieursaucisson.com\/de\/wp-json\/wp\/v2\/media?parent=858"}],"wp:term":[{"taxonomy":"product_brand","embeddable":true,"href":"https:\/\/monsieursaucisson.com\/de\/wp-json\/wp\/v2\/product_brand?post=858"},{"taxonomy":"product_cat","embeddable":true,"href":"https:\/\/monsieursaucisson.com\/de\/wp-json\/wp\/v2\/product_cat?post=858"},{"taxonomy":"product_tag","embeddable":true,"href":"https:\/\/monsieursaucisson.com\/de\/wp-json\/wp\/v2\/product_tag?post=858"}],"curies":[{"name":"wp","href":"https:\/\/api.w.org\/{rel}","templated":true}]}}