{"id":857,"date":"2022-07-01T11:21:46","date_gmt":"2022-07-01T09:21:46","guid":{"rendered":"https:\/\/monsieursaucisson.com\/nl\/product\/chorizo-extra-vela\/"},"modified":"2026-04-26T10:20:43","modified_gmt":"2026-04-26T08:20:43","slug":"chorizo-extra-vela-aufschnitt","status":"publish","type":"product","link":"https:\/\/monsieursaucisson.com\/de\/chorizo-extra-vela-aufschnitt\/","title":{"rendered":"Chorizo extra Vela &#8211; Aufschnitt"},"content":{"rendered":"<h2>Chorizo extra Vela &#8211; die spanische Paprikawurst als Aufschnitt<\/h2>\n<p>Aufschnitt ist der Begriff f\u00fcr Wurstwaren, Schinken und K\u00e4se, die in Scheiben geschnitten werden und direkt verzehrt werden k\u00f6nnen. Meist wird Wurstaufschnitt als Brotbelag gegessen und ist besonders beliebt bei Festen und in Restaurants &#8211; auch f\u00fcr kalte Platten. Und, kombiniert man den geliebten Aufschnitt mit einer Delikatesse, wie der <a href=\"https:\/\/de.wikipedia.org\/wiki\/Chorizo\" target=\"_blank\" rel=\"noopener\">Chorizo<\/a> extra Vela ist eine herrliche Geschmacksexplosion bereits vorprogrammiert &#8211; egal ob Sie diese Zuhause oder auf einer kalten Platte servieren!<\/p>\n<p><a href=\"https:\/\/monsieursaucisson.com\/de\/chorizo-wurst\/\">Mehr Chorizo<\/a> und mehr <a href=\"https:\/\/monsieursaucisson.com\/de\/aufschnitt\/\">Aufschnitte<\/a>.<\/p>\n","protected":false},"excerpt":{"rendered":"<p>Die Chorizo extra Vela Paprikawurst ist auch eine Art Chorizo &#8211; eine getrocknete und gereifte Wurst, die in der spanischen K\u00fcche und in vielen spanischsprachigen L\u00e4ndern \u00fcblich ist. Dieser Chorizo Wurst unterscheidet sich von anderen Chorizo-Arten durch ihre lange, d\u00fcnne Form, die an eine Kerze erinnert (&#8222;vela&#8220; bedeutet Kerze auf Spanisch).<\/p>\n<p>Perfekt zum Naschen, als Vorspeise oder zum einfach aufs Br\u00f6tchen.\u00a0Der Wurstaufschnitt Chorizo extra Vela ist pro 100 g zu kaufen.<\/p>\n","protected":false},"featured_media":2872,"template":"","meta":{"_acf_changed":false,"iawp_total_views":116,"editor_notices":[]},"product_brand":[],"product_cat":[15,333],"product_tag":[],"class_list":{"0":"post-857","1":"product","2":"type-product","3":"status-publish","4":"has-post-thumbnail","6":"product_cat-alle-produkte","7":"product_cat-wurstaufschnitt","9":"first","10":"instock","11":"taxable","12":"shipping-taxable","13":"purchasable","14":"product-type-simple"},"acf":[],"_links":{"self":[{"href":"https:\/\/monsieursaucisson.com\/de\/wp-json\/wp\/v2\/product\/857","targetHints":{"allow":["GET"]}}],"collection":[{"href":"https:\/\/monsieursaucisson.com\/de\/wp-json\/wp\/v2\/product"}],"about":[{"href":"https:\/\/monsieursaucisson.com\/de\/wp-json\/wp\/v2\/types\/product"}],"wp:featuredmedia":[{"embeddable":true,"href":"https:\/\/monsieursaucisson.com\/de\/wp-json\/wp\/v2\/media\/2872"}],"wp:attachment":[{"href":"https:\/\/monsieursaucisson.com\/de\/wp-json\/wp\/v2\/media?parent=857"}],"wp:term":[{"taxonomy":"product_brand","embeddable":true,"href":"https:\/\/monsieursaucisson.com\/de\/wp-json\/wp\/v2\/product_brand?post=857"},{"taxonomy":"product_cat","embeddable":true,"href":"https:\/\/monsieursaucisson.com\/de\/wp-json\/wp\/v2\/product_cat?post=857"},{"taxonomy":"product_tag","embeddable":true,"href":"https:\/\/monsieursaucisson.com\/de\/wp-json\/wp\/v2\/product_tag?post=857"}],"curies":[{"name":"wp","href":"https:\/\/api.w.org\/{rel}","templated":true}]}}