{"id":856,"date":"2022-07-01T08:08:10","date_gmt":"2022-07-01T06:08:10","guid":{"rendered":"https:\/\/monsieursaucisson.com\/nl\/product\/salchichon-vela\/"},"modified":"2026-04-16T13:50:30","modified_gmt":"2026-04-16T11:50:30","slug":"salami-aufschnitt-salchichon-vela","status":"publish","type":"product","link":"https:\/\/monsieursaucisson.com\/de\/salami-aufschnitt-salchichon-vela\/","title":{"rendered":"Salami &#8211; Aufschnitt Salchichon Vela"},"content":{"rendered":"<h2>Salami &#8211; Aufschnitt Salchichon Vela<\/h2>\n<p>Aufschnitt ist der Begriff f\u00fcr Wurstwaren, Schinken und K\u00e4se, die in Scheiben geschnitten werden und direkt verzehrt werden k\u00f6nnen. Meist wird Wurstaufschnitt als Brotbelag gegessen und ist besonders beliebt bei Festen und in Restaurants &#8211; auch f\u00fcr kalte Platten. Probieren Sie den k\u00f6stlichen Geschmack unserer Salchichon Vela! Diese spanische Salami ist eine wahre Gourmet-Delikatesse. Nach alter Tradition und mit sorgf\u00e4ltig ausgew\u00e4hltem Fleisch hergestellt, bietet die Salchich\u00f3n Vela ein perfektes Gleichgewicht von w\u00fcrzigen Aromen und einer cremigen Textur.<\/p>\n<p>In jeder Scheibe dieses Salami &#8211; Aufschnitts entfalten sich die charakteristischen Aromen von Knoblauch, schwarzem Pfeffer und anderen geheimen Gew\u00fcrzen. Lassen Sie sich vom authentischen Geschmack des Salchich\u00f3n Vela verf\u00fchren und genie\u00dfen Sie ein St\u00fcck spanische Tradition.<\/p>\n<p>Mehr <a href=\"https:\/\/monsieursaucisson.com\/de\/aufschnitt\/\">Aufschnitte<\/a> und andere <a href=\"https:\/\/monsieursaucisson.com\/de\/delikatessen\/\">Delikatessen<\/a>.<\/p>\n","protected":false},"excerpt":{"rendered":"<div class=\"group w-full text-gray-800 dark:text-gray-100 border-b border-black\/10 dark:border-gray-900\/50 bg-gray-50 dark:bg-[#444654]\">\n<div class=\"flex p-4 gap-4 text-base md:gap-6 md:max-w-2xl lg:max-w-xl xl:max-w-3xl md:py-6 lg:px-0 m-auto\">\n<div class=\"relative flex w-[calc(100%-50px)] flex-col gap-1 md:gap-3 lg:w-[calc(100%-115px)]\">\n<div class=\"flex flex-grow flex-col gap-3\">\n<div class=\"min-h-[20px] flex flex-col items-start gap-4 whitespace-pre-wrap break-words\">\n<div class=\"markdown prose w-full break-words dark:prose-invert light\">\n<p>Salchichon Vela Salami &#8211; Aufschnitt: eine spanische Salami mit w\u00fcrzigen Aromen und cremiger Textur &#8211; bereits in Scheiben geschnitten. Diese luftgetrocknete Salami ist ein beliebtes Produkt bei vielen Kunden &#8211; ideal f\u00fcr Ihre Wurstplatte oder als Snack.\u00a0 Eine authentische Delikatessen f\u00fcr ein mediterranes Geschmackserlebnis.<\/p>\n<\/div>\n<p>Der Salchichon Vela Salami &#8211; Aufschnitt ist verpackt pro 100 Gramm.<\/p>\n<\/div>\n<\/div>\n<\/div>\n<\/div>\n<\/div>\n","protected":false},"featured_media":1036,"template":"","meta":{"_acf_changed":false,"iawp_total_views":129,"editor_notices":[]},"product_brand":[],"product_cat":[15,333],"product_tag":[],"class_list":{"0":"post-856","1":"product","2":"type-product","3":"status-publish","4":"has-post-thumbnail","6":"product_cat-alle-produkte","7":"product_cat-wurstaufschnitt","9":"first","10":"instock","11":"taxable","12":"shipping-taxable","13":"purchasable","14":"product-type-simple"},"acf":[],"_links":{"self":[{"href":"https:\/\/monsieursaucisson.com\/de\/wp-json\/wp\/v2\/product\/856","targetHints":{"allow":["GET"]}}],"collection":[{"href":"https:\/\/monsieursaucisson.com\/de\/wp-json\/wp\/v2\/product"}],"about":[{"href":"https:\/\/monsieursaucisson.com\/de\/wp-json\/wp\/v2\/types\/product"}],"wp:featuredmedia":[{"embeddable":true,"href":"https:\/\/monsieursaucisson.com\/de\/wp-json\/wp\/v2\/media\/1036"}],"wp:attachment":[{"href":"https:\/\/monsieursaucisson.com\/de\/wp-json\/wp\/v2\/media?parent=856"}],"wp:term":[{"taxonomy":"product_brand","embeddable":true,"href":"https:\/\/monsieursaucisson.com\/de\/wp-json\/wp\/v2\/product_brand?post=856"},{"taxonomy":"product_cat","embeddable":true,"href":"https:\/\/monsieursaucisson.com\/de\/wp-json\/wp\/v2\/product_cat?post=856"},{"taxonomy":"product_tag","embeddable":true,"href":"https:\/\/monsieursaucisson.com\/de\/wp-json\/wp\/v2\/product_tag?post=856"}],"curies":[{"name":"wp","href":"https:\/\/api.w.org\/{rel}","templated":true}]}}