{"id":855,"date":"2022-07-01T07:57:38","date_gmt":"2022-07-01T05:57:38","guid":{"rendered":"https:\/\/monsieursaucisson.com\/nl\/product\/lomo-embuchado\/"},"modified":"2026-03-29T20:30:32","modified_gmt":"2026-03-29T18:30:32","slug":"lomo-embuchado-lachsschinken","status":"publish","type":"product","link":"https:\/\/monsieursaucisson.com\/de\/lomo-embuchado-lachsschinken\/","title":{"rendered":"Lomo Embuchado Lachsschinken &#8211; Aufschnitt"},"content":{"rendered":"<h2>Lomo Embuchado Lachsschinken &#8211; spanische Spezialit\u00e4t als Aufschnitt<\/h2>\n<p>Entdecken Sie eine spanische Wurstspezialit\u00e4t. Entdecken Sie den k\u00f6stlichen <a href=\"https:\/\/de.wikipedia.org\/wiki\/Lomo_embuchado\" target=\"_blank\" rel=\"noopener\">Lomo Embuchado<\/a> Lachsschinken &#8211; Aufschnitt bei Monsieur Saucisson! Diese schmackhafte, spanische Delikatesse wird Ihre Sinne verf\u00fchren. Unser Lomo Embuchado Lachsschinken wird sorgf\u00e4ltig zubereitet und dann in d\u00fcnnen Scheiben geschnitten, so dass Sie seinen subtilen Geschmack und seine zarte Textur genie\u00dfen k\u00f6nnen.<\/p>\n<p>Mit seinen charakteristischen Kr\u00e4utern und Gew\u00fcrzen, wie Knoblauch, Salz und Paprika,\u00a0 ist der in Scheiben geschnittene Lomo Embuchado eine perfekte Erg\u00e4nzung f\u00fcr Ihre Wurstplatte. Kombinieren Sie den Lachsschinken mit geschnittener Chorizo und Serrano-Schinken f\u00fcr ein wahres Fest der spanischen Aromen. Genie\u00dfen Sie den authentischen spanischen Charme mit unseren hochwertigen Charcuterie-Aufschnitten. Salud!<\/p>\n<p><a href=\"https:\/\/monsieursaucisson.com\/de\/aufschnitt\/\" target=\"_blank\" rel=\"noopener\">Mehr Aufschnitte<\/a>!<\/p>\n","protected":false},"excerpt":{"rendered":"<p>Der Lomo Embuchado Lachsschinken ist eine spanische Delikatesse und wird aus dem zarten Fleisch eines Schweiner\u00fcckens hergestellt.\u00a0Die Schweinelende geh\u00f6rt zu den edelsten Teilen des Schweinefleisches und ist bei vielen Kunden sehr beliebt. Der leckere Lomo Embuchado hat einen milden, rauchigen Geschmack und ist ein perfekter Snack f\u00fcr zwischendurch oder als Vorspeise.<\/p>\n<p>Der in Scheiben geschnittene Lomo Embuchado Lachsschinken ist verpackt pro 100 Gramm.<\/p>\n","protected":false},"featured_media":2910,"template":"","meta":{"_acf_changed":false,"iawp_total_views":60,"editor_notices":[]},"product_brand":[],"product_cat":[333,15],"product_tag":[],"class_list":{"0":"post-855","1":"product","2":"type-product","3":"status-publish","4":"has-post-thumbnail","6":"product_cat-wurstaufschnitt","7":"product_cat-alle-produkte","9":"first","10":"instock","11":"taxable","12":"shipping-taxable","13":"purchasable","14":"product-type-simple"},"acf":[],"_links":{"self":[{"href":"https:\/\/monsieursaucisson.com\/de\/wp-json\/wp\/v2\/product\/855","targetHints":{"allow":["GET"]}}],"collection":[{"href":"https:\/\/monsieursaucisson.com\/de\/wp-json\/wp\/v2\/product"}],"about":[{"href":"https:\/\/monsieursaucisson.com\/de\/wp-json\/wp\/v2\/types\/product"}],"wp:featuredmedia":[{"embeddable":true,"href":"https:\/\/monsieursaucisson.com\/de\/wp-json\/wp\/v2\/media\/2910"}],"wp:attachment":[{"href":"https:\/\/monsieursaucisson.com\/de\/wp-json\/wp\/v2\/media?parent=855"}],"wp:term":[{"taxonomy":"product_brand","embeddable":true,"href":"https:\/\/monsieursaucisson.com\/de\/wp-json\/wp\/v2\/product_brand?post=855"},{"taxonomy":"product_cat","embeddable":true,"href":"https:\/\/monsieursaucisson.com\/de\/wp-json\/wp\/v2\/product_cat?post=855"},{"taxonomy":"product_tag","embeddable":true,"href":"https:\/\/monsieursaucisson.com\/de\/wp-json\/wp\/v2\/product_tag?post=855"}],"curies":[{"name":"wp","href":"https:\/\/api.w.org\/{rel}","templated":true}]}}