{"id":854,"date":"2022-07-01T09:33:29","date_gmt":"2022-07-01T07:33:29","guid":{"rendered":"https:\/\/monsieursaucisson.com\/nl\/product\/paleta-cebo-iberica\/"},"modified":"2026-04-27T14:12:35","modified_gmt":"2026-04-27T12:12:35","slug":"iberischer-schinken-aufschnitt","status":"publish","type":"product","link":"https:\/\/monsieursaucisson.com\/de\/iberischer-schinken-aufschnitt\/","title":{"rendered":"Iberischer Schinken Aufschnitt &#8211; Paleta de Cebo Iberico"},"content":{"rendered":"<h2>Iberischer Schinken Aufschnitt &#8211; Paleta de Cebo Iberico geschnitten<\/h2>\n<p>Aufschnitt ist der Begriff f\u00fcr Wurstwaren, Schinken und K\u00e4se, die in Scheiben geschnitten werden und direkt verzehrt werden k\u00f6nnen. Meist wird Wurstaufschnitt als Brotbelag gegessen und ist besonders beliebt bei Festen und in Restaurants &#8211; auch f\u00fcr kalte Platten. Und, kombiniert man den geliebten Wurst-Aufschnitt mit einer Delikatesse, wie dem <a href=\"https:\/\/de.wikipedia.org\/wiki\/Iberischer_Schinken\" target=\"_blank\" rel=\"noopener\">iberischen Schinken<\/a>, ist eine Explosion der\u00a0 Geschm\u00e4cker bereits vorprogrammiert &#8211; egal ob Sie diesen spanischen Schinken Zuhause oder auf einer Wurstplatte servieren!<\/p>\n<p><a href=\"https:\/\/monsieursaucisson.com\/de\/chorizo-wurst\/\">Mehr Chorizo<\/a> und mehr <a href=\"https:\/\/monsieursaucisson.com\/de\/aufschnitt\/\">Aufschnitte<\/a>.<\/p>\n","protected":false},"excerpt":{"rendered":"<p>Der iberischer Schinken Aufschnitt (Paleta de Cebo Iberico) ist ein Produkt, dass von vielen Kunden sehr gern gekauft wird. Dieser iberische Schinken aus der Vorderkeule (50 % iberische Rasse) hat einen k\u00f6stlichen, leicht s\u00fc\u00dfen Geschmack. Der in Scheiben geschnittene Paleta de Cebo Iberico &#8211; Schinken ist verpackt pro 100 Gramm.<\/p>\n<p>Der schmackhafte iberische Schinken hat einen vollmundigen Geschmack und eignet sich hervorragend zum Aperitif, f\u00fcr unterwegs oder zwischendurch.<\/p>\n","protected":false},"featured_media":1038,"template":"","meta":{"_acf_changed":false,"iawp_total_views":140,"editor_notices":[]},"product_brand":[],"product_cat":[15,333],"product_tag":[],"class_list":{"0":"post-854","1":"product","2":"type-product","3":"status-publish","4":"has-post-thumbnail","6":"product_cat-alle-produkte","7":"product_cat-wurstaufschnitt","9":"first","10":"instock","11":"taxable","12":"shipping-taxable","13":"purchasable","14":"product-type-simple"},"acf":[],"_links":{"self":[{"href":"https:\/\/monsieursaucisson.com\/de\/wp-json\/wp\/v2\/product\/854","targetHints":{"allow":["GET"]}}],"collection":[{"href":"https:\/\/monsieursaucisson.com\/de\/wp-json\/wp\/v2\/product"}],"about":[{"href":"https:\/\/monsieursaucisson.com\/de\/wp-json\/wp\/v2\/types\/product"}],"wp:featuredmedia":[{"embeddable":true,"href":"https:\/\/monsieursaucisson.com\/de\/wp-json\/wp\/v2\/media\/1038"}],"wp:attachment":[{"href":"https:\/\/monsieursaucisson.com\/de\/wp-json\/wp\/v2\/media?parent=854"}],"wp:term":[{"taxonomy":"product_brand","embeddable":true,"href":"https:\/\/monsieursaucisson.com\/de\/wp-json\/wp\/v2\/product_brand?post=854"},{"taxonomy":"product_cat","embeddable":true,"href":"https:\/\/monsieursaucisson.com\/de\/wp-json\/wp\/v2\/product_cat?post=854"},{"taxonomy":"product_tag","embeddable":true,"href":"https:\/\/monsieursaucisson.com\/de\/wp-json\/wp\/v2\/product_tag?post=854"}],"curies":[{"name":"wp","href":"https:\/\/api.w.org\/{rel}","templated":true}]}}