{"id":853,"date":"2022-06-24T12:34:24","date_gmt":"2022-06-24T10:34:24","guid":{"rendered":"https:\/\/monsieursaucisson.com\/nl\/product\/mini-serranoham\/"},"modified":"2026-03-30T10:31:55","modified_gmt":"2026-03-30T08:31:55","slug":"mini-serrano-schinken","status":"publish","type":"product","link":"https:\/\/monsieursaucisson.com\/de\/mini-serrano-schinken\/","title":{"rendered":"Mini Serrano Schinken +\/- 1kg mit Halterung und Messer"},"content":{"rendered":"<h2>Mini Serrano Schinken +\/- 1kg &#8211; mit Halterung und Messer<\/h2>\n<p>Der spanische Mini-Serrano-Schinken von NICO ist ein Produkt, dass aus den besten Teilen des Schweins hergestellt wird. Diese Teile werden so ausgew\u00e4hlt, dass nach dem Salzen und der Reifung ein v\u00f6llig nat\u00fcrliches Produkt entsteht, das \u00fcber das beste Aroma und den besten Geschmack verf\u00fcgt. Der Mini Serrano Schinken wird aus verschiedenen knochenlosen Teilen des Schinkens hergestellt.<\/p>\n<p>Der Serrano-Schinken eignet sich nicht nur f\u00fcr den Eigenbedarf, sondern auch hervorragend f\u00fcr die Gastronomie und nat\u00fcrlich auch als <a href=\"https:\/\/www.derwurstgrosshandel.de\/mini-serrano-schincken.html\" target=\"_blank\" rel=\"noopener\"><strong>Werbegeschenk<\/strong><\/a> oder Mitbringsel.<\/p>\n<p>Aber Vorsicht! Schnell sein, denn f\u00fcr diese Wurstspezialit\u00e4t gilt: weg ist weg!<\/p>\n<p>Nat\u00fcrlich gibt es auch noch <em><a href=\"https:\/\/monsieursaucisson.com\/de\/?s=Schinken&amp;submit=\">andere k\u00f6stliche Schinken<\/a><\/em>.<\/p>\n","protected":false},"excerpt":{"rendered":"<p>M\u00f6chten Sie Freunde und Familie beeindrucken? Dann w\u00e4hlen Sie diesen Mini Serrano Schinken von +\/- 1 kg. Dieser Mini Schinken besteht aus den besten Teilen des Schweins und wurde entbeint, damit Sie ihn perfekt aufschneiden k\u00f6nnen. Tun Sie es selbst oder lassen Sie es Ihre G\u00e4ste tun. Der Mini Serrano Schinken wird in einer h\u00fcbschen Verpackung mit St\u00e4nder und Messer geliefert. Perfekt als Geschenk!<\/p>\n<p>Dieser spanische Schinken ist mindestens 9 Monate gereift.<\/p>\n","protected":false},"featured_media":1033,"template":"","meta":{"_acf_changed":false,"iawp_total_views":525,"editor_notices":[]},"product_brand":[],"product_cat":[15,304,327],"product_tag":[],"class_list":{"0":"post-853","1":"product","2":"type-product","3":"status-publish","4":"has-post-thumbnail","6":"product_cat-alle-produkte","7":"product_cat-aufschnitt","8":"product_cat-luftgetrockneter-schinken","10":"first","11":"instock","12":"taxable","13":"shipping-taxable","14":"purchasable","15":"product-type-simple"},"acf":[],"_links":{"self":[{"href":"https:\/\/monsieursaucisson.com\/de\/wp-json\/wp\/v2\/product\/853","targetHints":{"allow":["GET"]}}],"collection":[{"href":"https:\/\/monsieursaucisson.com\/de\/wp-json\/wp\/v2\/product"}],"about":[{"href":"https:\/\/monsieursaucisson.com\/de\/wp-json\/wp\/v2\/types\/product"}],"wp:featuredmedia":[{"embeddable":true,"href":"https:\/\/monsieursaucisson.com\/de\/wp-json\/wp\/v2\/media\/1033"}],"wp:attachment":[{"href":"https:\/\/monsieursaucisson.com\/de\/wp-json\/wp\/v2\/media?parent=853"}],"wp:term":[{"taxonomy":"product_brand","embeddable":true,"href":"https:\/\/monsieursaucisson.com\/de\/wp-json\/wp\/v2\/product_brand?post=853"},{"taxonomy":"product_cat","embeddable":true,"href":"https:\/\/monsieursaucisson.com\/de\/wp-json\/wp\/v2\/product_cat?post=853"},{"taxonomy":"product_tag","embeddable":true,"href":"https:\/\/monsieursaucisson.com\/de\/wp-json\/wp\/v2\/product_tag?post=853"}],"curies":[{"name":"wp","href":"https:\/\/api.w.org\/{rel}","templated":true}]}}