{"id":852,"date":"2022-05-22T14:38:50","date_gmt":"2022-05-22T12:38:50","guid":{"rendered":"https:\/\/monsieursaucisson.com\/nl\/product\/droge-worst-comte-kaas\/"},"modified":"2026-04-05T19:20:20","modified_gmt":"2026-04-05T17:20:20","slug":"kaese-salami","status":"publish","type":"product","link":"https:\/\/monsieursaucisson.com\/de\/kaese-salami\/","title":{"rendered":"Franz\u00f6sische K\u00e4se-Salami mit Comt\u00e9-K\u00e4se"},"content":{"rendered":"<h2>Franz\u00f6sische K\u00e4se-Salami mit Comt\u00e9-K\u00e4se &#8211; Saucisson comte<\/h2>\n<p>Entdecken Sie den k\u00f6stlichen Geschmack unserer <em>luftgetrockneten K\u00e4se-Salami<\/em> mit echtem franz\u00f6sischen Comt\u00e9-K\u00e4se. Diese Dauerwurst mit Comt\u00e9-K\u00e4se hat einen unverwechselbaren Charakter, der an den ber\u00fchmten Gouda-K\u00e4se erinnert, aber mit einem k\u00f6stlichen Twist. Der Comt\u00e9-K\u00e4se ist fester und hat eine dezente S\u00fc\u00dfe, die in Kombination mit der Trockenwurst f\u00fcr ein besonderes Geschmackserlebnis sorgt.<\/p>\n<p>Diese einzigartige Delikatesse ist die perfekte Erg\u00e4nzung f\u00fcr Ihre Vespertafel und kommt am besten zur Geltung, wenn sie mit einem guten Glas Rotwein oder einem erfrischenden Bier serviert wird.<\/p>\n<p>F\u00fcr Feinschmecker oder diejenigen, die einfach etwas Besonderes zum Essen und Naschen suchen, sind unsere <a href=\"https:\/\/monsieursaucisson.com\/de\/delikatessen\/\" target=\"_blank\" rel=\"noopener\">anderen Delikatessen<\/a> genau das Richtige, um Ihren Gaumen zu verw\u00f6hnen.<\/p>\n","protected":false},"excerpt":{"rendered":"<p>Hier kommt eine neue Geschmacksrichtung! Genie\u00dfen Sie unsere schmackhafte K\u00e4se-Salami mit echtem franz\u00f6sischen Comt\u00e9-K\u00e4se. Der Comt\u00e9-K\u00e4se \u00e4hnelt ein wenig dem holl\u00e4ndischen Gouda-K\u00e4se. Er ist etwas h\u00e4rter und ein bisschen s\u00fc\u00dfer. In Kombination mit der Rohwurst ergibt das einen einzigartigen Geschmack. K\u00f6stlich zu einem guten Glas Rotwein oder Bier!<\/p>\n<p>Diese leckere K\u00e4se-Salami ist an der gr\u00fcn-weissen Schnur zu erkennen.<\/p>\n","protected":false},"featured_media":992,"template":"","meta":{"_acf_changed":false,"iawp_total_views":392,"editor_notices":[]},"product_brand":[],"product_cat":[81,82,85,15],"product_tag":[],"class_list":{"0":"post-852","1":"product","2":"type-product","3":"status-publish","4":"has-post-thumbnail","6":"product_cat-luftgetrocknete-salami","7":"product_cat-franzoesische-salami","8":"product_cat-saucisson-sec-franzosische-salami","9":"product_cat-alle-produkte","10":"pa_geschmaecker-kaese","12":"first","13":"instock","14":"taxable","15":"shipping-taxable","16":"purchasable","17":"product-type-simple"},"acf":[],"_links":{"self":[{"href":"https:\/\/monsieursaucisson.com\/de\/wp-json\/wp\/v2\/product\/852","targetHints":{"allow":["GET"]}}],"collection":[{"href":"https:\/\/monsieursaucisson.com\/de\/wp-json\/wp\/v2\/product"}],"about":[{"href":"https:\/\/monsieursaucisson.com\/de\/wp-json\/wp\/v2\/types\/product"}],"wp:featuredmedia":[{"embeddable":true,"href":"https:\/\/monsieursaucisson.com\/de\/wp-json\/wp\/v2\/media\/992"}],"wp:attachment":[{"href":"https:\/\/monsieursaucisson.com\/de\/wp-json\/wp\/v2\/media?parent=852"}],"wp:term":[{"taxonomy":"product_brand","embeddable":true,"href":"https:\/\/monsieursaucisson.com\/de\/wp-json\/wp\/v2\/product_brand?post=852"},{"taxonomy":"product_cat","embeddable":true,"href":"https:\/\/monsieursaucisson.com\/de\/wp-json\/wp\/v2\/product_cat?post=852"},{"taxonomy":"product_tag","embeddable":true,"href":"https:\/\/monsieursaucisson.com\/de\/wp-json\/wp\/v2\/product_tag?post=852"}],"curies":[{"name":"wp","href":"https:\/\/api.w.org\/{rel}","templated":true}]}}