{"id":844,"date":"2022-04-12T12:47:25","date_gmt":"2022-04-12T10:47:25","guid":{"rendered":"https:\/\/monsieursaucisson.com\/nl\/product\/droge-worst-met-daslook\/"},"modified":"2026-04-03T03:30:22","modified_gmt":"2026-04-03T01:30:22","slug":"franzoesische-salami-mit-baerlauch","status":"publish","type":"product","link":"https:\/\/monsieursaucisson.com\/de\/franzoesische-salami-mit-baerlauch\/","title":{"rendered":"Franz\u00f6sische Salami mit B\u00e4rlauch"},"content":{"rendered":"<h2>Franz\u00f6sische Salami mit B\u00e4rlauch &#8211; die etwas andere Knoblauchsalami<\/h2>\n<p>B\u00e4renlauch (auch B\u00e4rlauch oder wilder Knoblauch genannt) ist mit Schnittlauch, Zwiebel und Knoblauch verwandt. Das delikate Fleisch, die Farbe und der besondere Geschmack machen diese &#8211; auch Salami Saucisson Ail d&#8217;Ours genannt &#8211; zu einer exklusiven und edlen Rohwurst.<\/p>\n<p>Es ist unsere Leidenschaft, Ihnen echte und au\u00dfergew\u00f6hnliche franz\u00f6sische Spezialit\u00e4ten anzubieten. Egal ob Sie ein Feinschmecker sind oder einfach nur auf der Suche nach etwas Besonderem, probieren Sie unsere <a href=\"https:\/\/monsieursaucisson.com\/de\/franzoesische-salami\/\">franz\u00f6sischen Salamis<\/a>, um Ihren Gaumen zu verw\u00f6hnen.<\/p>\n","protected":false},"excerpt":{"rendered":"<p>Die franz\u00f6sische Salami mit B\u00e4rlauch hat einen knoblauch- und zwiebel\u00e4hnlichen Geschmack, ist aber weicher und w\u00fcrziger. Das ist mal eine ganz andere Knoblauch-Salami &#8211; eine ganz besondere und sehr schmackhafte Wurst.<\/p>\n<p>Diese Wurst ist an ihrem wei\u00df-orangenen Faden zu erkennen.<\/p>\n","protected":false},"featured_media":1557,"template":"","meta":{"_acf_changed":false,"iawp_total_views":354,"editor_notices":[]},"product_brand":[],"product_cat":[81,82,85,15],"product_tag":[],"class_list":{"0":"post-844","1":"product","2":"type-product","3":"status-publish","4":"has-post-thumbnail","6":"product_cat-luftgetrocknete-salami","7":"product_cat-franzoesische-salami","8":"product_cat-saucisson-sec-franzosische-salami","9":"product_cat-alle-produkte","11":"first","12":"outofstock","13":"taxable","14":"shipping-taxable","15":"purchasable","16":"product-type-simple"},"acf":[],"_links":{"self":[{"href":"https:\/\/monsieursaucisson.com\/de\/wp-json\/wp\/v2\/product\/844","targetHints":{"allow":["GET"]}}],"collection":[{"href":"https:\/\/monsieursaucisson.com\/de\/wp-json\/wp\/v2\/product"}],"about":[{"href":"https:\/\/monsieursaucisson.com\/de\/wp-json\/wp\/v2\/types\/product"}],"wp:featuredmedia":[{"embeddable":true,"href":"https:\/\/monsieursaucisson.com\/de\/wp-json\/wp\/v2\/media\/1557"}],"wp:attachment":[{"href":"https:\/\/monsieursaucisson.com\/de\/wp-json\/wp\/v2\/media?parent=844"}],"wp:term":[{"taxonomy":"product_brand","embeddable":true,"href":"https:\/\/monsieursaucisson.com\/de\/wp-json\/wp\/v2\/product_brand?post=844"},{"taxonomy":"product_cat","embeddable":true,"href":"https:\/\/monsieursaucisson.com\/de\/wp-json\/wp\/v2\/product_cat?post=844"},{"taxonomy":"product_tag","embeddable":true,"href":"https:\/\/monsieursaucisson.com\/de\/wp-json\/wp\/v2\/product_tag?post=844"}],"curies":[{"name":"wp","href":"https:\/\/api.w.org\/{rel}","templated":true}]}}