{"id":841,"date":"2022-02-10T13:58:35","date_gmt":"2022-02-10T12:58:35","guid":{"rendered":"https:\/\/monsieursaucisson.com\/nl\/product\/borrelbox-2022\/"},"modified":"2023-11-15T11:49:25","modified_gmt":"2023-11-15T10:49:25","slug":"haeppchen","status":"publish","type":"product","link":"https:\/\/monsieursaucisson.com\/de\/haeppchen\/","title":{"rendered":"Monsieur Saucisson\u2019s H\u00e4ppchen"},"content":{"rendered":"<p>Jeden Monat eine Box voller Leckereien. Und das ganz automatisch. Am letzten Tag eines jeden Monats erhalten Sie von uns eine Nachricht mit dem Hinweis auf das n\u00e4chste Abonnement. Nachdem wir ihre Zahlung erhalten haben (automatisch oder manuell), schicken wir Ihnen in der ersten Woche eines jeden Monats die W\u00fcrste mit einer Beschreibung der Geschmacksrichtungen zu. Auf diese Weise haben Sie immer k\u00f6stliche H\u00e4ppchen im Haus.<\/p>\n<h2>Das Monsieur Saucisson\u2019s H\u00e4ppchen-Abo<\/h2>\n<p>Monsieur Saucisson bucht jeden Monat automatisch den f\u00e4lligen Betrag ab, einschlie\u00dflich Lieferkosten. Daf\u00fcr erhalten Sie immer verschiedene Delikatessen wie Salami, Trockenschinken, Pasteten und vieles mehr. Sie sind an nichts gebunden und das Wurst-Abo kann jeden Monat gek\u00fcndigt werden! Sch\u00f6n einfach, wenn man mal im Urlaub ist. Sie m\u00fcssen sich nur einen Moment Zeit nehmen, um Wein und Brot zu besorgen, und schon werden die W\u00fcrste zu Ihnen nach Hause geliefert.<\/p>\n<h3>Wann kann man die Wurst essen?<\/h3>\n<p>Sie k\u00f6nnen die W\u00fcrste zu verschiedenen Zeiten des Tages essen &#8211; zum Fr\u00fchst\u00fcck, Mittagessen oder Brunch. Diese luftgetrockneten W\u00fcrste sind besonders lecker in Verbindung mit Getr\u00e4nken oder einem Gl\u00e4sschen Wein, sowie als H\u00e4ppchen mit K\u00e4se und Oliven. <strong>Unser Tipp<\/strong>: Kombinieren Sie und genie\u00dfen Sie die verschiedenen Geschmacksnuancen. Die Saucisson wird nicht nur f\u00fcr den t\u00e4glichen Gebrauch gekauft, sondern auch als Geschenk f\u00fcr Freunde\/Familie oder als Werbegeschenk.<\/p>\n<h3>Allergene<\/h3>\n<p>Alle Saucisson von Monsieur Saucisson enthalten kein Gluten. Mit 1 Ausnahme: die Zwiebelwurst. Die W\u00fcrste sind nicht laktosefrei. Dar\u00fcber hinaus k\u00f6nnen alle Wurstsorten Spuren von N\u00fcssen enthalten. Die Nussw\u00fcrste enthalten ganze N\u00fcsse, wie Haseln\u00fcsse, Waln\u00fcsse, Kastanien oder Pistazien.<\/p>\n<h3>Haltbarkeit<\/h3>\n<p>Die W\u00fcrste sind mindestens 2 Monate haltbar. Sie werden am besten au\u00dferhalb des K\u00fchlschranks an einem dunklen, trockenen Ort gelagert. Sie k\u00f6nnen die Salamis aber auch in der K\u00fcche oder im Keller aufh\u00e4ngen. Angeschnitten sind die W\u00fcrste ca. 4 bis 6 Wochen haltbar.<\/p>\n","protected":false},"excerpt":{"rendered":"<p>Dieses Wurst-Abonnement enth\u00e4lt die gleichen vier W\u00fcrste wie das <a href=\"https:\/\/monsieursaucisson.com\/de\/monsieur-saucissons-favoriten\/\" target=\"_blank\" rel=\"noopener\">Favoriten-Paket<\/a>. Mit einem Abonnement von Monsieur Saucisson\u2019s H\u00e4ppchen erhalten Sie regelm\u00e4\u00dfig eine Auswahl an k\u00f6stlichen Wurst-Spezialit\u00e4ten direkt zu Ihnen nach Hause geliefert. Mit unseren K\u00e4se- und Wurst- Abonnemente kommen Sie in den Genuss einer abwechslungsreichen und schmackhaften Auswahl an franz\u00f6sischen und spanischen Rohw\u00fcrsten, K\u00e4sesorten und anderen H\u00e4ppchen.<\/p>\n<p><strong>Ihre Vorteile auf einen Blick:<\/strong><\/p>\n<ul>\n<li>Jeden Monat andere K\u00f6stlichkeiten, wie z.B. Salami, Rohschinken, Terrine und vieles mehr!<\/li>\n<li>1 fester Betrag pro Zeitperiode (+ 3,99 \u20ac Versandkosten)<\/li>\n<\/ul>\n<p>Alles, was Sie tun m\u00fcssen, ist Monsieur Saucisson\u2019s H\u00e4ppchen genie\u00dfen, denn wir k\u00fcmmern uns um den Rest!<\/p>\n<p>Ihr Abo verl\u00e4ngert sich automatisch, eine K\u00fcndigung ist bis 7 Tage vorher m\u00f6glich.<\/p>\n","protected":false},"featured_media":1569,"template":"","meta":{"_acf_changed":false,"iawp_total_views":496,"editor_notices":[]},"product_brand":[],"product_cat":[303,15],"product_tag":[],"class_list":{"0":"post-841","1":"product","2":"type-product","3":"status-publish","4":"has-post-thumbnail","6":"product_cat-abonnement","7":"product_cat-alle-produkte","8":"product_shipping_class-abonnement","10":"first","11":"instock","12":"featured","13":"sold-individually","14":"taxable","15":"shipping-taxable","16":"purchasable","17":"product-type-variable-subscription"},"acf":[],"_links":{"self":[{"href":"https:\/\/monsieursaucisson.com\/de\/wp-json\/wp\/v2\/product\/841","targetHints":{"allow":["GET"]}}],"collection":[{"href":"https:\/\/monsieursaucisson.com\/de\/wp-json\/wp\/v2\/product"}],"about":[{"href":"https:\/\/monsieursaucisson.com\/de\/wp-json\/wp\/v2\/types\/product"}],"wp:featuredmedia":[{"embeddable":true,"href":"https:\/\/monsieursaucisson.com\/de\/wp-json\/wp\/v2\/media\/1569"}],"wp:attachment":[{"href":"https:\/\/monsieursaucisson.com\/de\/wp-json\/wp\/v2\/media?parent=841"}],"wp:term":[{"taxonomy":"product_brand","embeddable":true,"href":"https:\/\/monsieursaucisson.com\/de\/wp-json\/wp\/v2\/product_brand?post=841"},{"taxonomy":"product_cat","embeddable":true,"href":"https:\/\/monsieursaucisson.com\/de\/wp-json\/wp\/v2\/product_cat?post=841"},{"taxonomy":"product_tag","embeddable":true,"href":"https:\/\/monsieursaucisson.com\/de\/wp-json\/wp\/v2\/product_tag?post=841"}],"curies":[{"name":"wp","href":"https:\/\/api.w.org\/{rel}","templated":true}]}}