{"id":839,"date":"2022-02-08T13:28:25","date_gmt":"2022-02-08T12:28:25","guid":{"rendered":"https:\/\/monsieursaucisson.com\/nl\/product\/droge-worst-abonnement-2022\/"},"modified":"2025-03-06T11:43:30","modified_gmt":"2025-03-06T10:43:30","slug":"monsieur-saucissons-favoriten","status":"publish","type":"product","link":"https:\/\/monsieursaucisson.com\/de\/monsieur-saucissons-favoriten\/","title":{"rendered":"Monsieur Saucisson&#8217;s Favoriten"},"content":{"rendered":"<p>Das Wurstpaket &#8222;Monsieur Saucisson&#8217;s Favoriten&#8220; enth\u00e4lt vier einzigartige W\u00fcrste. Die Auswahl reicht von klassischen Geschmacksrichtungen wie der franz\u00f6sischen Knoblauchwurst bis hin zu einzigartigen Variationen wie die franz\u00f6sische Salami mit Lavendelhonig. Das Monsieur Saucisson&#8217;s Favoriten Paket ist ein idealer Einstieg in unser gesamtes Sortiment an Trockenw\u00fcrsten.<\/p>\n<h2>Das Monsieur Saucisson&#8217;s Favoriten-Abo<\/h2>\n<p>Monsieur Saucisson bucht jeden Monat automatisch den f\u00e4lligen Betrag ab, einschlie\u00dflich Lieferkosten. Daf\u00fcr erhalten Sie immer verschiedene Delikatessen wie Salami, Trockenschinken, Pasteten und vieles mehr. Sie sind an nichts gebunden und das Wurst-Abo kann jeden Monat gek\u00fcndigt werden! Sch\u00f6n einfach, wenn man mal im Urlaub ist. Sie m\u00fcssen sich nur einen Moment Zeit nehmen, um Wein und Brot zu besorgen, und schon werden die W\u00fcrste zu Ihnen nach Hause geliefert.<\/p>\n<h3>Wann kann man die Wurst essen?<\/h3>\n<p>Sie k\u00f6nnen die W\u00fcrste zu verschiedenen Zeiten des Tages essen &#8211; zum Fr\u00fchst\u00fcck, Mittagessen oder Brunch. Diese luftgetrockneten W\u00fcrste sind besonders lecker in Verbindung mit Getr\u00e4nken oder einem Gl\u00e4sschen Wein, sowie als H\u00e4ppchen mit K\u00e4se und Oliven. <strong>Unser Tipp<\/strong>: Kombinieren Sie und genie\u00dfen Sie die verschiedenen Geschmacksnuancen. Die Saucisson wird nicht nur f\u00fcr den t\u00e4glichen Gebrauch gekauft, sondern auch als Geschenk f\u00fcr Freunde\/Familie oder als Werbegeschenk.<\/p>\n<h3>Allergene<\/h3>\n<p>Alle Saucisson von Monsieur Saucisson enthalten kein Gluten. Mit 1 Ausnahme: die Zwiebelwurst. Die W\u00fcrste sind nicht laktosefrei. Dar\u00fcber hinaus k\u00f6nnen alle Wurstsorten Spuren von N\u00fcssen enthalten. Die Nussw\u00fcrste enthalten ganze N\u00fcsse, wie Haseln\u00fcsse, Waln\u00fcsse, Kastanien oder Pistazien.<\/p>\n<h3>Haltbarkeit<\/h3>\n<p>Die W\u00fcrste sind mindestens 2 Monate haltbar. Sie werden am besten au\u00dferhalb des K\u00fchlschranks an einem dunklen, trockenen Ort gelagert. Sie k\u00f6nnen die Salamis aber auch in der K\u00fcche oder im Keller aufh\u00e4ngen. Angeschnitten sind die W\u00fcrste ca. 4 bis 6 Wochen haltbar.<\/p>\n<p>&nbsp;<\/p>\n","protected":false},"excerpt":{"rendered":"<p>Mit einem Abonnement von Monsieur Saucisson&#8217;s Favoriten erhalten Sie regelm\u00e4\u00dfig eine Auswahl an k\u00f6stlichen Wurst-Spezialit\u00e4ten direkt zu Ihnen nach Hause geliefert. Mit unseren K\u00e4se- und Wurst- <a href=\"https:\/\/monsieursaucisson.com\/de\/wurst-abonnement\/\">Abonnemente<\/a> kommen Sie in den Genuss einer abwechslungsreichen und schmackhaften Auswahl an franz\u00f6sischen und spanischen Rohw\u00fcrsten, K\u00e4sesorten und anderen Delikatessen.<\/p>\n<p><strong>Ihre Vorteile auf einen Blick:<\/strong><\/p>\n<ul>\n<li>Jeden Monat neue Salamisorten (4 St\u00fcck) als Erste erhalten<\/li>\n<li>1 fester Betrag pro Zeitperiode (+ 3,99 \u20ac Versandkosten)<\/li>\n<\/ul>\n<p>Alles, was Sie tun m\u00fcssen, ist Monsieur Saucisson&#8217;s Favoriten genie\u00dfen, denn wir k\u00fcmmern uns um den Rest!<\/p>\n<p>Ihr Abo verl\u00e4ngert sich automatisch, eine K\u00fcndigung ist bis 7 Tage vorher m\u00f6glich.<\/p>\n","protected":false},"featured_media":2064,"template":"","meta":{"_acf_changed":false,"iawp_total_views":923,"editor_notices":[]},"product_brand":[],"product_cat":[303,15],"product_tag":[],"class_list":{"0":"post-839","1":"product","2":"type-product","3":"status-publish","4":"has-post-thumbnail","6":"product_cat-abonnement","7":"product_cat-alle-produkte","8":"product_shipping_class-abonnement","10":"first","11":"instock","12":"featured","13":"sold-individually","14":"taxable","15":"shipping-taxable","16":"purchasable","17":"product-type-variable-subscription","18":"has-default-attributes"},"acf":[],"_links":{"self":[{"href":"https:\/\/monsieursaucisson.com\/de\/wp-json\/wp\/v2\/product\/839","targetHints":{"allow":["GET"]}}],"collection":[{"href":"https:\/\/monsieursaucisson.com\/de\/wp-json\/wp\/v2\/product"}],"about":[{"href":"https:\/\/monsieursaucisson.com\/de\/wp-json\/wp\/v2\/types\/product"}],"wp:featuredmedia":[{"embeddable":true,"href":"https:\/\/monsieursaucisson.com\/de\/wp-json\/wp\/v2\/media\/2064"}],"wp:attachment":[{"href":"https:\/\/monsieursaucisson.com\/de\/wp-json\/wp\/v2\/media?parent=839"}],"wp:term":[{"taxonomy":"product_brand","embeddable":true,"href":"https:\/\/monsieursaucisson.com\/de\/wp-json\/wp\/v2\/product_brand?post=839"},{"taxonomy":"product_cat","embeddable":true,"href":"https:\/\/monsieursaucisson.com\/de\/wp-json\/wp\/v2\/product_cat?post=839"},{"taxonomy":"product_tag","embeddable":true,"href":"https:\/\/monsieursaucisson.com\/de\/wp-json\/wp\/v2\/product_tag?post=839"}],"curies":[{"name":"wp","href":"https:\/\/api.w.org\/{rel}","templated":true}]}}