{"id":826,"date":"2021-10-04T09:36:31","date_gmt":"2021-10-04T07:36:31","guid":{"rendered":"https:\/\/monsieursaucisson.com\/nl\/product\/droge-worst-reebok\/"},"modified":"2026-04-08T12:04:28","modified_gmt":"2026-04-08T10:04:28","slug":"franzoesische-rehbock-salami","status":"publish","type":"product","link":"https:\/\/monsieursaucisson.com\/de\/franzoesische-rehbock-salami\/","title":{"rendered":"Franz\u00f6sische Rehbock Salami"},"content":{"rendered":"<h2>Saucisson Chevreuil &#8211; franz\u00f6sische Rehbock Salami<\/h2>\n<p>Die Salami mit Rehbock &#8211; im Franz\u00f6sischen Chevreuil genannt &#8211; ist eine typische Wildwurst f\u00fcr wahre Feinschmecker. Eine Mischung aus Schweinefleisch und Rehfleisch. Dadurch ist die Rohwurst extra trocken und nicht so fettig. Das Rehfleisch verleiht der Salami einen w\u00fcrzigen Geschmack und eine dezente Wildnote. Die luftgetrocknete Rehbock Salami hat ein Gewicht von ca. 180 g pro St\u00fcck und sie eignen sich perfekt f\u00fcr eine herbstliche Vesperplatte, zusammen mit unseren anderen Wildaromen. Wie w\u00e4re es zum Beispiel mit den Geschmacksrichtungen <a href=\"https:\/\/monsieursaucisson.com\/de\/?s=Wildschwein&amp;submit=\" target=\"_blank\" rel=\"noopener\">Wildschwein<\/a>, <a href=\"https:\/\/monsieursaucisson.com\/de\/?s=ente&amp;submit=\">Ente<\/a> oder Fasan?!<\/p>\n","protected":false},"excerpt":{"rendered":"<p>Rehbock Salami &#8211; &#8218;Chevreuil&#8216; auf Franz\u00f6sisch genannt &#8211; ist eine Wildwurst f\u00fcr den echten Wildliebhaber. Die luftgetrocknete Salami mit Rehbock hat ein Gewicht von etwa 180 g pro St\u00fcck. Der Geschmack der Rehbock Salami ist knackig und kraftvoll.<\/p>\n<p>Diese Wurst ist an der weiss-gelben Schnur zu erkennen.<\/p>\n<p>&nbsp;<\/p>\n","protected":false},"featured_media":967,"template":"","meta":{"_acf_changed":false,"iawp_total_views":358,"editor_notices":[]},"product_brand":[],"product_cat":[15,82,81,85],"product_tag":[],"class_list":{"0":"post-826","1":"product","2":"type-product","3":"status-publish","4":"has-post-thumbnail","6":"product_cat-alle-produkte","7":"product_cat-franzoesische-salami","8":"product_cat-luftgetrocknete-salami","9":"product_cat-saucisson-sec-franzosische-salami","11":"first","12":"instock","13":"taxable","14":"shipping-taxable","15":"purchasable","16":"product-type-simple"},"acf":[],"_links":{"self":[{"href":"https:\/\/monsieursaucisson.com\/de\/wp-json\/wp\/v2\/product\/826","targetHints":{"allow":["GET"]}}],"collection":[{"href":"https:\/\/monsieursaucisson.com\/de\/wp-json\/wp\/v2\/product"}],"about":[{"href":"https:\/\/monsieursaucisson.com\/de\/wp-json\/wp\/v2\/types\/product"}],"wp:featuredmedia":[{"embeddable":true,"href":"https:\/\/monsieursaucisson.com\/de\/wp-json\/wp\/v2\/media\/967"}],"wp:attachment":[{"href":"https:\/\/monsieursaucisson.com\/de\/wp-json\/wp\/v2\/media?parent=826"}],"wp:term":[{"taxonomy":"product_brand","embeddable":true,"href":"https:\/\/monsieursaucisson.com\/de\/wp-json\/wp\/v2\/product_brand?post=826"},{"taxonomy":"product_cat","embeddable":true,"href":"https:\/\/monsieursaucisson.com\/de\/wp-json\/wp\/v2\/product_cat?post=826"},{"taxonomy":"product_tag","embeddable":true,"href":"https:\/\/monsieursaucisson.com\/de\/wp-json\/wp\/v2\/product_tag?post=826"}],"curies":[{"name":"wp","href":"https:\/\/api.w.org\/{rel}","templated":true}]}}