{"id":825,"date":"2021-10-04T11:28:06","date_gmt":"2021-10-04T09:28:06","guid":{"rendered":"https:\/\/monsieursaucisson.com\/nl\/product\/droge-worst-hert\/"},"modified":"2026-04-08T12:02:56","modified_gmt":"2026-04-08T10:02:56","slug":"franzoesische-hirsch-salami","status":"publish","type":"product","link":"https:\/\/monsieursaucisson.com\/de\/franzoesische-hirsch-salami\/","title":{"rendered":"Franz\u00f6sische Hirsch-Salami"},"content":{"rendered":"<h3>Saucisson cerf &#8211; franz\u00f6sische Hirsch-Salami<\/h3>\n<p>Alle unsere Wildw\u00fcrste sind mit Schweinefleisch gemischt. Dadurch wird verhindert, dass die Rohwurst zu trocken wird. Die franz\u00f6sische Hirsch-Salami &#8211; Saucisson cerf ist eine Wurst f\u00fcr echte Liebhaber von Wild, denn sie hat einen kr\u00e4ftigen Wildgeschmack und das magere Hirschfleisch macht diese luftgetrocknete Salami besonders fest. Wie w\u00e4re es denn mit den Geschmacksrichtungen Wildschwein, <a href=\"https:\/\/monsieursaucisson.com\/de\/?s=ente&amp;submit=\">Ente<\/a> gr\u00fcner Pfeffer und <a href=\"https:\/\/monsieursaucisson.com\/de\/?s=fasan&amp;submit=\">Fasan<\/a> mit Cognac?!<\/p>\n<p>Wenn Sie aufs Ganze gehen wollen, w\u00e4hlen Sie unser Wildpaket.<\/p>\n","protected":false},"excerpt":{"rendered":"<p>Die luftgetrocknete Hirsch-Salami, auf Franz\u00f6sisch &#8218;Cerf&#8216; genannt, ist eine Wurst f\u00fcr den echten Wildliebhaber. Die Hirsch-Salami hat ein Gewicht von etwa 180 Gramm pro St\u00fcck und der Geschmack ist kr\u00e4ftig und intensiv. Die Hirsch-Salami eignet sich perfekt f\u00fcr eine herbstliche Vespertafel, zusammen mit unseren anderen Wildgerichten.<\/p>\n<p>Diese Wurst ist an der gr\u00fcn-blauen Schnur zu erkennen.<\/p>\n<p>&nbsp;<\/p>\n","protected":false},"featured_media":960,"template":"","meta":{"_acf_changed":false,"iawp_total_views":1176,"editor_notices":[]},"product_brand":[],"product_cat":[81,82,85,15],"product_tag":[],"class_list":{"0":"post-825","1":"product","2":"type-product","3":"status-publish","4":"has-post-thumbnail","6":"product_cat-luftgetrocknete-salami","7":"product_cat-franzoesische-salami","8":"product_cat-saucisson-sec-franzosische-salami","9":"product_cat-alle-produkte","11":"first","12":"instock","13":"taxable","14":"shipping-taxable","15":"purchasable","16":"product-type-simple"},"acf":[],"_links":{"self":[{"href":"https:\/\/monsieursaucisson.com\/de\/wp-json\/wp\/v2\/product\/825","targetHints":{"allow":["GET"]}}],"collection":[{"href":"https:\/\/monsieursaucisson.com\/de\/wp-json\/wp\/v2\/product"}],"about":[{"href":"https:\/\/monsieursaucisson.com\/de\/wp-json\/wp\/v2\/types\/product"}],"wp:featuredmedia":[{"embeddable":true,"href":"https:\/\/monsieursaucisson.com\/de\/wp-json\/wp\/v2\/media\/960"}],"wp:attachment":[{"href":"https:\/\/monsieursaucisson.com\/de\/wp-json\/wp\/v2\/media?parent=825"}],"wp:term":[{"taxonomy":"product_brand","embeddable":true,"href":"https:\/\/monsieursaucisson.com\/de\/wp-json\/wp\/v2\/product_brand?post=825"},{"taxonomy":"product_cat","embeddable":true,"href":"https:\/\/monsieursaucisson.com\/de\/wp-json\/wp\/v2\/product_cat?post=825"},{"taxonomy":"product_tag","embeddable":true,"href":"https:\/\/monsieursaucisson.com\/de\/wp-json\/wp\/v2\/product_tag?post=825"}],"curies":[{"name":"wp","href":"https:\/\/api.w.org\/{rel}","templated":true}]}}