{"id":822,"date":"2021-08-02T09:22:14","date_gmt":"2021-08-02T07:22:14","guid":{"rendered":"https:\/\/monsieursaucisson.com\/nl\/product\/fuet-met-gebakken-ui\/"},"modified":"2026-04-22T23:11:09","modified_gmt":"2026-04-22T21:11:09","slug":"fuet-edelsalami-roestzwiebel","status":"publish","type":"product","link":"https:\/\/monsieursaucisson.com\/de\/fuet-edelsalami-roestzwiebel\/","title":{"rendered":"Fuet Edelsalami R\u00f6stzwiebel"},"content":{"rendered":"<h2>Fuet Edelsalami R\u00f6stzwiebel &#8211; die beste Zwiebelsalami der Welt<\/h2>\n<p>Eine k\u00f6stliche spanische Fuet mit einer \u00fcberraschenden Wendung. Unsere Fuet mit R\u00f6stzwiebeln, die in Katalonien fachm\u00e4nnisch und traditionell hergestellt wird, ist ein kulinarisches Meisterwerk, dass Ihre Geschmacksnerven erobern wird. Die Zugabe von R\u00f6stzwiebeln verleiht dieser Rohwurst einen unwiderstehlich s\u00fc\u00dfen und w\u00fcrzigen Geschmack, der Sie sicher begeistern wird.<\/p>\n<p>Ganz gleich, ob Sie ein echter <a href=\"https:\/\/de.wikipedia.org\/wiki\/Fuet\" target=\"_blank\" rel=\"noopener\">Fuet-Fan<\/a> sind oder einfach nur eine einzigartige und schmackhafte Erg\u00e4nzung f\u00fcr f\u00fcr sich suchen, diese\u00a0 getrocknete Fuet Edelsalami R\u00f6stzwiebel sollten Sie unbedingt probieren. Genie\u00dfen Sie das perfekte Gleichgewicht zwischen s\u00fc\u00df und w\u00fcrzig. Eine traditionelle Salami &#8211; und doch \u00fcberraschend. Holen Sie sich die Fuet mit R\u00f6stzwiebeln noch heute und entdecken Sie eine neue Dimension des Geschmacks. Probieren und genie\u00dfen!<\/p>\n","protected":false},"excerpt":{"rendered":"<p>Vielleicht kennen Sie schon unsere k\u00f6stliche Saucisson mit gebratenen Zwiebeln. F\u00fcr alle, die diese Wurst lieben, haben wir gute Neuigkeiten: Hier ist unsere luftgetrocknete Fuet Edelsalami R\u00f6stzwiebeln. Der intensive Geschmack von R\u00f6stzwiebeln, kombiniert mit dem vollen Geschmack der Wurst, wird Sie positiv \u00fcberraschen. Probieren Sie es einfach und genie\u00dfen Sie!<\/p>\n<p>Die k\u00f6stliche Zwiebelsalami ist an der rot\/gelben Schnur zu erkennen.<\/p>\n","protected":false},"featured_media":1056,"template":"","meta":{"_acf_changed":false,"iawp_total_views":130,"editor_notices":[]},"product_brand":[],"product_cat":[15,88,81,87],"product_tag":[],"class_list":{"0":"post-822","1":"product","2":"type-product","3":"status-publish","4":"has-post-thumbnail","6":"product_cat-alle-produkte","7":"product_cat-fuet-salami","8":"product_cat-luftgetrocknete-salami","9":"product_cat-spanische-wurst","11":"first","12":"instock","13":"taxable","14":"shipping-taxable","15":"purchasable","16":"product-type-simple"},"acf":[],"_links":{"self":[{"href":"https:\/\/monsieursaucisson.com\/de\/wp-json\/wp\/v2\/product\/822","targetHints":{"allow":["GET"]}}],"collection":[{"href":"https:\/\/monsieursaucisson.com\/de\/wp-json\/wp\/v2\/product"}],"about":[{"href":"https:\/\/monsieursaucisson.com\/de\/wp-json\/wp\/v2\/types\/product"}],"wp:featuredmedia":[{"embeddable":true,"href":"https:\/\/monsieursaucisson.com\/de\/wp-json\/wp\/v2\/media\/1056"}],"wp:attachment":[{"href":"https:\/\/monsieursaucisson.com\/de\/wp-json\/wp\/v2\/media?parent=822"}],"wp:term":[{"taxonomy":"product_brand","embeddable":true,"href":"https:\/\/monsieursaucisson.com\/de\/wp-json\/wp\/v2\/product_brand?post=822"},{"taxonomy":"product_cat","embeddable":true,"href":"https:\/\/monsieursaucisson.com\/de\/wp-json\/wp\/v2\/product_cat?post=822"},{"taxonomy":"product_tag","embeddable":true,"href":"https:\/\/monsieursaucisson.com\/de\/wp-json\/wp\/v2\/product_tag?post=822"}],"curies":[{"name":"wp","href":"https:\/\/api.w.org\/{rel}","templated":true}]}}