{"id":8191,"date":"2025-07-03T14:50:46","date_gmt":"2025-07-03T12:50:46","guid":{"rendered":"https:\/\/monsieursaucisson.com\/de\/?post_type=product&#038;p=8191"},"modified":"2026-04-01T20:02:33","modified_gmt":"2026-04-01T18:02:33","slug":"alioli-wuerzig","status":"publish","type":"product","link":"https:\/\/monsieursaucisson.com\/de\/alioli-wuerzig\/","title":{"rendered":"Alioli W\u00fcrzig"},"content":{"rendered":"<p>Entdecke den k\u00f6stlichen Geschmack unserer scharfen Alioli. Diese spanische Delikatesse ist die perfekte Erg\u00e4nzung f\u00fcr jede Brotzeitplatte. Genie\u00dfe den cremigen und intensiven Knoblauchgeschmack, der wunderbar mit der angenehmen Sch\u00e4rfe einer spanischen Chili harmoniert.<\/p>\n<p>Lange haltbar und ohne Ei, da Alioli auf Basis von Knoblauch und \u00d6l hergestellt wird.<\/p>\n","protected":false},"excerpt":{"rendered":"<p>Entdecke den k\u00f6stlichen Geschmack unserer scharfen Alioli. Diese spanische Delikatesse ist die perfekte Erg\u00e4nzung f\u00fcr jede Brotzeitplatte. Genie\u00dfe den cremigen und intensiven Knoblauchgeschmack, der wunderbar mit der angenehmen Sch\u00e4rfe einer spanischen Chili harmoniert. Lange haltbar und ohne Ei, da Alioli auf Basis von Knoblauch und \u00d6l hergestellt wird.<\/p>\n","protected":false},"featured_media":8192,"template":"","meta":{"_acf_changed":false,"iawp_total_views":78,"editor_notices":[]},"product_brand":[],"product_cat":[315,15,309,313],"product_tag":[],"class_list":{"0":"post-8191","1":"product","2":"type-product","3":"status-publish","4":"has-post-thumbnail","6":"product_cat-aioli-knoblauch-dip","7":"product_cat-alle-produkte","8":"product_cat-delikatessen","9":"product_cat-tapas","11":"first","12":"instock","13":"taxable","14":"shipping-taxable","15":"purchasable","16":"product-type-simple"},"acf":[],"_links":{"self":[{"href":"https:\/\/monsieursaucisson.com\/de\/wp-json\/wp\/v2\/product\/8191","targetHints":{"allow":["GET"]}}],"collection":[{"href":"https:\/\/monsieursaucisson.com\/de\/wp-json\/wp\/v2\/product"}],"about":[{"href":"https:\/\/monsieursaucisson.com\/de\/wp-json\/wp\/v2\/types\/product"}],"wp:featuredmedia":[{"embeddable":true,"href":"https:\/\/monsieursaucisson.com\/de\/wp-json\/wp\/v2\/media\/8192"}],"wp:attachment":[{"href":"https:\/\/monsieursaucisson.com\/de\/wp-json\/wp\/v2\/media?parent=8191"}],"wp:term":[{"taxonomy":"product_brand","embeddable":true,"href":"https:\/\/monsieursaucisson.com\/de\/wp-json\/wp\/v2\/product_brand?post=8191"},{"taxonomy":"product_cat","embeddable":true,"href":"https:\/\/monsieursaucisson.com\/de\/wp-json\/wp\/v2\/product_cat?post=8191"},{"taxonomy":"product_tag","embeddable":true,"href":"https:\/\/monsieursaucisson.com\/de\/wp-json\/wp\/v2\/product_tag?post=8191"}],"curies":[{"name":"wp","href":"https:\/\/api.w.org\/{rel}","templated":true}]}}