{"id":816,"date":"2021-06-14T13:07:17","date_gmt":"2021-06-14T11:07:17","guid":{"rendered":"https:\/\/monsieursaucisson.com\/nl\/product\/top-10-pakket\/"},"modified":"2026-04-08T14:51:25","modified_gmt":"2026-04-08T12:51:25","slug":"top-10-salamis","status":"publish","type":"product","link":"https:\/\/monsieursaucisson.com\/de\/top-10-salamis\/","title":{"rendered":"Die Top-10 Salamis"},"content":{"rendered":"<h2>Die Top-10 Salamis \u2013 besser gehts nicht<\/h2>\n<p><a href=\"https:\/\/monsieursaucisson.com\/de\/wurstpakete-und-geschenksets\/\">Wenn man die Wahl hat, hat man auch die Qual<\/a>: Soll es eine Saucisson oder doch lieber eine Fuet-Salami sein? Es gibt so viele leckere M\u00f6glichkeiten.<\/p>\n<p>Sie entdecken gerne Neues? Sie k\u00f6nnen sich nicht entscheiden? Oder m\u00f6chten Sie jemandem eine Freude machen? Genie\u00dfen Sie unsere Top-10 Salamis &#8211; genau das Richtige f\u00fcr Sie oder Ihren Nachbarn, Bekannten, Freund usw.! Dieses Paket besteht aus unseren leckeren Top-10 Salamis. Wen m\u00f6chten Sie \u00fcberraschen?<\/p>\n","protected":false},"excerpt":{"rendered":"<p>M\u00f6chten Sie unsere 10 meistverkauften Salamis genie\u00dfen? Oder m\u00f6chten Sie, dass sich jemand anderes daran erfreut? Dann ist dieses Top-10-Paket genau das Richtige f\u00fcr Sie!<\/p>\n","protected":false},"featured_media":1098,"template":"","meta":{"_acf_changed":false,"iawp_total_views":4802,"editor_notices":[]},"product_brand":[],"product_cat":[299,15],"product_tag":[],"class_list":{"0":"post-816","1":"product","2":"type-product","3":"status-publish","4":"has-post-thumbnail","6":"product_cat-wurstpakete-und-geschenksets","7":"product_cat-alle-produkte","9":"first","10":"outofstock","11":"taxable","12":"shipping-taxable","13":"purchasable","14":"product-type-simple"},"acf":[],"_links":{"self":[{"href":"https:\/\/monsieursaucisson.com\/de\/wp-json\/wp\/v2\/product\/816","targetHints":{"allow":["GET"]}}],"collection":[{"href":"https:\/\/monsieursaucisson.com\/de\/wp-json\/wp\/v2\/product"}],"about":[{"href":"https:\/\/monsieursaucisson.com\/de\/wp-json\/wp\/v2\/types\/product"}],"wp:featuredmedia":[{"embeddable":true,"href":"https:\/\/monsieursaucisson.com\/de\/wp-json\/wp\/v2\/media\/1098"}],"wp:attachment":[{"href":"https:\/\/monsieursaucisson.com\/de\/wp-json\/wp\/v2\/media?parent=816"}],"wp:term":[{"taxonomy":"product_brand","embeddable":true,"href":"https:\/\/monsieursaucisson.com\/de\/wp-json\/wp\/v2\/product_brand?post=816"},{"taxonomy":"product_cat","embeddable":true,"href":"https:\/\/monsieursaucisson.com\/de\/wp-json\/wp\/v2\/product_cat?post=816"},{"taxonomy":"product_tag","embeddable":true,"href":"https:\/\/monsieursaucisson.com\/de\/wp-json\/wp\/v2\/product_tag?post=816"}],"curies":[{"name":"wp","href":"https:\/\/api.w.org\/{rel}","templated":true}]}}