{"id":8154,"date":"2025-07-03T14:46:39","date_gmt":"2025-07-03T12:46:39","guid":{"rendered":"https:\/\/monsieursaucisson.com\/de\/?post_type=product&#038;p=8154"},"modified":"2026-04-01T21:51:10","modified_gmt":"2026-04-01T19:51:10","slug":"kaas-chips","status":"publish","type":"product","link":"https:\/\/monsieursaucisson.com\/de\/kaas-chips\/","title":{"rendered":"K\u00e4se Chips"},"content":{"rendered":"<h2>K\u00e4se Chips<\/h2>\n<p>Lass dich vom authentischen Geschmack Spaniens \u00fcberraschen! Diese knusprigen Chips sind reichhaltig mit einem k\u00f6stlichen K\u00e4segeschmack verfeinert \u2013 eine perfekte Kombination aus Herzhaftigkeit und mediterranem Flair. Ideal als Snack oder zu einem gem\u00fctlichen Umtrunk. Die geschmackvollen Chips sind in 125-Gramm-T\u00fcten erh\u00e4ltlich.<\/p>\n<p>&nbsp;<\/p>\n<p>&nbsp;<\/p>\n<p>&nbsp;<\/p>\n","protected":false},"excerpt":{"rendered":"<p>Lass dich vom authentischen Geschmack Spaniens \u00fcberraschen! Diese knusprigen Chips sind reichhaltig mit einem k\u00f6stlichen K\u00e4segeschmack verfeinert \u2013 eine perfekte Kombination aus Herzhaftigkeit und mediterranem Flair. Ideal als Snack oder zu einem gem\u00fctlichen Umtrunk. Die geschmackvollen Chips sind in 125-Gramm-T\u00fcten erh\u00e4ltlich.<\/p>\n","protected":false},"featured_media":8155,"template":"","meta":{"_acf_changed":false,"iawp_total_views":67,"editor_notices":[]},"product_brand":[],"product_cat":[309,313,316,15],"product_tag":[],"class_list":{"0":"post-8154","1":"product","2":"type-product","3":"status-publish","4":"has-post-thumbnail","6":"product_cat-delikatessen","7":"product_cat-tapas","8":"product_cat-chips-cracker","9":"product_cat-alle-produkte","11":"first","12":"instock","13":"taxable","14":"shipping-taxable","15":"purchasable","16":"product-type-simple"},"acf":[],"_links":{"self":[{"href":"https:\/\/monsieursaucisson.com\/de\/wp-json\/wp\/v2\/product\/8154","targetHints":{"allow":["GET"]}}],"collection":[{"href":"https:\/\/monsieursaucisson.com\/de\/wp-json\/wp\/v2\/product"}],"about":[{"href":"https:\/\/monsieursaucisson.com\/de\/wp-json\/wp\/v2\/types\/product"}],"wp:featuredmedia":[{"embeddable":true,"href":"https:\/\/monsieursaucisson.com\/de\/wp-json\/wp\/v2\/media\/8155"}],"wp:attachment":[{"href":"https:\/\/monsieursaucisson.com\/de\/wp-json\/wp\/v2\/media?parent=8154"}],"wp:term":[{"taxonomy":"product_brand","embeddable":true,"href":"https:\/\/monsieursaucisson.com\/de\/wp-json\/wp\/v2\/product_brand?post=8154"},{"taxonomy":"product_cat","embeddable":true,"href":"https:\/\/monsieursaucisson.com\/de\/wp-json\/wp\/v2\/product_cat?post=8154"},{"taxonomy":"product_tag","embeddable":true,"href":"https:\/\/monsieursaucisson.com\/de\/wp-json\/wp\/v2\/product_tag?post=8154"}],"curies":[{"name":"wp","href":"https:\/\/api.w.org\/{rel}","templated":true}]}}