{"id":815,"date":"2021-06-09T20:12:23","date_gmt":"2021-06-09T18:12:23","guid":{"rendered":"https:\/\/monsieursaucisson.com\/nl\/product\/droge-worst-courbe\/"},"modified":"2026-04-27T21:40:38","modified_gmt":"2026-04-27T19:40:38","slug":"salami-ring","status":"publish","type":"product","link":"https:\/\/monsieursaucisson.com\/de\/salami-ring\/","title":{"rendered":"Franz\u00f6sischer Salami-Ring"},"content":{"rendered":"<h2>Saucisson Courbe Naturel &#8211; der franz\u00f6sischer Salami-Ring<\/h2>\n<p>Sind Sie ein Liebhaber der Rohw\u00fcrste von Monsieur Saucisson? Dann ist diese Courbe Naturel (Salami-Ring) genau das Richtige f\u00fcr Sie, denn sie ist eine Luxusversion. Mit ihrer gr\u00f6beren Struktur erleben Sie den wirklich reinen Geschmack des Fleisches. Na, neugierig geworden? Das Wasser l\u00e4uft Ihnen schon im Mund zusammen? Dann bestellen Sie diese ungew\u00f6hnliche Salami schnell!<\/p>\n<p>Es ist unsere Leidenschaft, Ihnen echte und au\u00dfergew\u00f6hnliche franz\u00f6sische Spezialit\u00e4ten anzubieten. Egal ob Sie ein Feinschmecker sind oder einfach nur auf der Suche nach etwas Besonderem, probieren Sie unsere <a href=\"https:\/\/monsieursaucisson.com\/de\/franzoesische-salami\/\">franz\u00f6sischen Salamis<\/a>, um Ihren Gaumen zu verw\u00f6hnen.<\/p>\n<p>&nbsp;<\/p>\n","protected":false},"excerpt":{"rendered":"<p>Sie kennen bereits alle Salami-W\u00fcrste von Monsieur Saucisson auswendig? Dann wird der franz\u00f6sischer Salami-Ring etwas Besonderes f\u00fcr Sie sein. Die Hufeisenform des Salami-Rings ist genauso schwer wie unsere &#8222;geraden&#8220; W\u00fcrste, aber d\u00fcnner. Dadurch ist der Franz\u00f6sischer Salami-Ring noch trockener und man kann den typischen Eigengeschmack des puren Fleisches herausschmecken.<\/p>\n<p>Lassen Sie sich die Wurstscheiben auf der Zunge zergehen und lernen Sie die luxuri\u00f6se Vielfalt unserer Naturwurst kennen.<\/p>\n","protected":false},"featured_media":977,"template":"","meta":{"_acf_changed":false,"iawp_total_views":569,"editor_notices":[]},"product_brand":[],"product_cat":[15,82,81,85],"product_tag":[],"class_list":{"0":"post-815","1":"product","2":"type-product","3":"status-publish","4":"has-post-thumbnail","6":"product_cat-alle-produkte","7":"product_cat-franzoesische-salami","8":"product_cat-luftgetrocknete-salami","9":"product_cat-saucisson-sec-franzosische-salami","11":"first","12":"instock","13":"taxable","14":"shipping-taxable","15":"purchasable","16":"product-type-simple"},"acf":[],"_links":{"self":[{"href":"https:\/\/monsieursaucisson.com\/de\/wp-json\/wp\/v2\/product\/815","targetHints":{"allow":["GET"]}}],"collection":[{"href":"https:\/\/monsieursaucisson.com\/de\/wp-json\/wp\/v2\/product"}],"about":[{"href":"https:\/\/monsieursaucisson.com\/de\/wp-json\/wp\/v2\/types\/product"}],"wp:featuredmedia":[{"embeddable":true,"href":"https:\/\/monsieursaucisson.com\/de\/wp-json\/wp\/v2\/media\/977"}],"wp:attachment":[{"href":"https:\/\/monsieursaucisson.com\/de\/wp-json\/wp\/v2\/media?parent=815"}],"wp:term":[{"taxonomy":"product_brand","embeddable":true,"href":"https:\/\/monsieursaucisson.com\/de\/wp-json\/wp\/v2\/product_brand?post=815"},{"taxonomy":"product_cat","embeddable":true,"href":"https:\/\/monsieursaucisson.com\/de\/wp-json\/wp\/v2\/product_cat?post=815"},{"taxonomy":"product_tag","embeddable":true,"href":"https:\/\/monsieursaucisson.com\/de\/wp-json\/wp\/v2\/product_tag?post=815"}],"curies":[{"name":"wp","href":"https:\/\/api.w.org\/{rel}","templated":true}]}}