{"id":813,"date":"2021-08-20T13:46:05","date_gmt":"2021-08-20T11:46:05","guid":{"rendered":"https:\/\/monsieursaucisson.com\/nl\/product\/brievenbus-borrel-pakket\/"},"modified":"2026-04-21T18:20:44","modified_gmt":"2026-04-21T16:20:44","slug":"wurstpaket-briefkasten","status":"publish","type":"product","link":"https:\/\/monsieursaucisson.com\/de\/wurstpaket-briefkasten\/","title":{"rendered":"Wurstpaket &#8222;Briefkasten&#8220;"},"content":{"rendered":"<h2>Wurstpaket &#8222;Briefkasten&#8220; &#8211; Geschenke direkt in den Briefkasten<\/h2>\n<p>Entdecken Sie unser einzigartiges Wurstpaket &#8222;Briefkasten&#8220; &#8211; das perfekte Geschenk, dass in den Briefkasten pa\u00dft! Die oder der Empf\u00e4nger m\u00fcssen also nicht zu Hause sein, um es zu erhalten. Dieses Wurstpaket enth\u00e4lt 4 leckere Fuet Salamis und 3 k\u00f6stliche Variationen unserer Mini-W\u00fcrstchen. Genie\u00dfen Sie authentische und hausgemachte Spezialit\u00e4ten, die direkt zu Ihnen nach Hause geliefert werden. Das Wurstpaket ist ideal zum Teilen mit Freunden und Familie, oder um sich selbst zu verw\u00f6hnen. Bestellen Sie jetzt das kulinarische Wurstpaket &#8222;Briefkasten&#8220; und \u00fcberraschen Sie jemanden mit unseren <a href=\"https:\/\/monsieursaucisson.com\/de\/wurstpakete-und-geschenksets\/?_paged=2\">Wurstpaketen und Geschenksets<\/a>!<\/p>\n","protected":false},"excerpt":{"rendered":"<p>Unser schmackhaftes Wurst-Paket enth\u00e4lt 3 verschiedene Sorten Snack-Salamis und 4 verschiedene Fuet-W\u00fcrste:<\/p>\n<ul>\n<li>Franz\u00f6sische W\u00fcrstchen, naturbelassen<\/li>\n<li>Franz\u00f6sische Chorizo-W\u00fcrstchen<\/li>\n<li>Franz\u00f6sische Pfefferw\u00fcrste (Pfeffer auf der Au\u00dfenseite)*<\/li>\n<li>Knoblauch Fuet-Salami<\/li>\n<li>Tr\u00fcffel Fuet-Salami<\/li>\n<li>Fuet Salami Naturel extra<\/li>\n<li>Fuet mit Kr\u00e4utern<\/li>\n<\/ul>\n<p>Unverpackt sind die W\u00fcrstchen circa 2 Monate haltbar. Um die beste Qualit\u00e4t zu erhalten, sollten Sie die W\u00fcrstchen nach Erhalt aus der Verpackung nehmen!<\/p>\n<p>Dieses Wurstpaket pa\u00dft in den Briefkasten und eignet sich hervorragend als \u00dcberraschung! Die oder der Empf\u00e4nger m\u00fcssen also nicht zu Hause sein, um es zu erhalten. Wen m\u00f6chten Sie heute \u00fcberraschen?!<\/p>\n","protected":false},"featured_media":1091,"template":"","meta":{"_acf_changed":false,"iawp_total_views":1775,"editor_notices":[]},"product_brand":[],"product_cat":[15,299],"product_tag":[],"class_list":{"0":"post-813","1":"product","2":"type-product","3":"status-publish","4":"has-post-thumbnail","6":"product_cat-alle-produkte","7":"product_cat-wurstpakete-und-geschenksets","9":"first","10":"instock","11":"taxable","12":"shipping-taxable","13":"purchasable","14":"product-type-simple"},"acf":[],"_links":{"self":[{"href":"https:\/\/monsieursaucisson.com\/de\/wp-json\/wp\/v2\/product\/813","targetHints":{"allow":["GET"]}}],"collection":[{"href":"https:\/\/monsieursaucisson.com\/de\/wp-json\/wp\/v2\/product"}],"about":[{"href":"https:\/\/monsieursaucisson.com\/de\/wp-json\/wp\/v2\/types\/product"}],"wp:featuredmedia":[{"embeddable":true,"href":"https:\/\/monsieursaucisson.com\/de\/wp-json\/wp\/v2\/media\/1091"}],"wp:attachment":[{"href":"https:\/\/monsieursaucisson.com\/de\/wp-json\/wp\/v2\/media?parent=813"}],"wp:term":[{"taxonomy":"product_brand","embeddable":true,"href":"https:\/\/monsieursaucisson.com\/de\/wp-json\/wp\/v2\/product_brand?post=813"},{"taxonomy":"product_cat","embeddable":true,"href":"https:\/\/monsieursaucisson.com\/de\/wp-json\/wp\/v2\/product_cat?post=813"},{"taxonomy":"product_tag","embeddable":true,"href":"https:\/\/monsieursaucisson.com\/de\/wp-json\/wp\/v2\/product_tag?post=813"}],"curies":[{"name":"wp","href":"https:\/\/api.w.org\/{rel}","templated":true}]}}