{"id":812,"date":"2021-06-01T08:34:39","date_gmt":"2021-06-01T06:34:39","guid":{"rendered":"https:\/\/monsieursaucisson.com\/nl\/product\/droge-worst-met-gerookt-spek\/"},"modified":"2026-04-03T19:23:38","modified_gmt":"2026-04-03T17:23:38","slug":"salami-mit-geraeuchertem-speck","status":"publish","type":"product","link":"https:\/\/monsieursaucisson.com\/de\/salami-mit-geraeuchertem-speck\/","title":{"rendered":"Franz\u00f6sische Salami mit ger\u00e4uchertem Speck"},"content":{"rendered":"<h2>Saucisson Fume Lardons &#8211; Franz\u00f6sische Salami mit ger\u00e4uchertem Speck<\/h2>\n<p>Es kann Ihnen nicht salzig genug sein! Dann ist diese luftgetrocknete Salami mit ger\u00e4uchertem Speck genau das Richtige f\u00fcr Sie! Die franz\u00f6sische Salami mit ger\u00e4uchertem Speck (Saucisson Fume Lardons) hat ein mildes Raucharoma und enth\u00e4lt ger\u00e4ucherte Speckst\u00fcckchen, die sogenannten Lardons. Au\u00dfen knusprig und innen zart &#8211; einfach k\u00f6stlich. Die Speckst\u00fcckchen sind etwas saftiger als normaler Speck.<\/p>\n<p>Alle Monsieur Saucisson-W\u00fcrste werden grunds\u00e4tzlich aus Schweinefleisch hergestellt. Im Fall dieser Wurst mit ger\u00e4uchertem Speck wurden &#8218;Lardons&#8216; hinzugef\u00fcgt. Dadurch erh\u00e4lt sie einen etwas salzigeren Geschmack. Bei allen W\u00fcrsten kann man auch die Au\u00dfenseite essen. Die Salami mit ger\u00e4uchertem Speck wiegt zwischen 160 g und 180 g.<\/p>\n","protected":false},"excerpt":{"rendered":"<p>Kann es Ihnen nicht salzig genug sein! Dann ist diese Salami mit ger\u00e4uchertem Speck genau das Richtige f\u00fcr Sie! Diese Wurst enth\u00e4lt St\u00fccke von ger\u00e4uchertem Speck, auch &#8222;Lardons&#8220; genannt. Speckst\u00fccke sind etwas saftiger als normaler Speck. Au\u00dfen knusprig und innen weich. Schon neugierig geworden? Dann bestellen Sie diese Wurst schnell!<\/p>\n<p>Diese Wurst ist an der orangen Schnur zu erkennen.<\/p>\n","protected":false},"featured_media":975,"template":"","meta":{"_acf_changed":false,"iawp_total_views":466,"editor_notices":[]},"product_brand":[],"product_cat":[15,82,81,85],"product_tag":[],"class_list":{"0":"post-812","1":"product","2":"type-product","3":"status-publish","4":"has-post-thumbnail","6":"product_cat-alle-produkte","7":"product_cat-franzoesische-salami","8":"product_cat-luftgetrocknete-salami","9":"product_cat-saucisson-sec-franzosische-salami","11":"first","12":"instock","13":"taxable","14":"shipping-taxable","15":"purchasable","16":"product-type-simple"},"acf":[],"_links":{"self":[{"href":"https:\/\/monsieursaucisson.com\/de\/wp-json\/wp\/v2\/product\/812","targetHints":{"allow":["GET"]}}],"collection":[{"href":"https:\/\/monsieursaucisson.com\/de\/wp-json\/wp\/v2\/product"}],"about":[{"href":"https:\/\/monsieursaucisson.com\/de\/wp-json\/wp\/v2\/types\/product"}],"wp:featuredmedia":[{"embeddable":true,"href":"https:\/\/monsieursaucisson.com\/de\/wp-json\/wp\/v2\/media\/975"}],"wp:attachment":[{"href":"https:\/\/monsieursaucisson.com\/de\/wp-json\/wp\/v2\/media?parent=812"}],"wp:term":[{"taxonomy":"product_brand","embeddable":true,"href":"https:\/\/monsieursaucisson.com\/de\/wp-json\/wp\/v2\/product_brand?post=812"},{"taxonomy":"product_cat","embeddable":true,"href":"https:\/\/monsieursaucisson.com\/de\/wp-json\/wp\/v2\/product_cat?post=812"},{"taxonomy":"product_tag","embeddable":true,"href":"https:\/\/monsieursaucisson.com\/de\/wp-json\/wp\/v2\/product_tag?post=812"}],"curies":[{"name":"wp","href":"https:\/\/api.w.org\/{rel}","templated":true}]}}