{"id":811,"date":"2021-04-21T08:19:19","date_gmt":"2021-04-21T06:19:19","guid":{"rendered":"https:\/\/monsieursaucisson.com\/nl\/product\/droge-worst-lavendel-honing\/"},"modified":"2026-02-26T14:01:09","modified_gmt":"2026-02-26T13:01:09","slug":"salami-mit-lavendelhonig","status":"publish","type":"product","link":"https:\/\/monsieursaucisson.com\/de\/salami-mit-lavendelhonig\/","title":{"rendered":"Franz\u00f6sische Salami mit Lavendelhonig"},"content":{"rendered":"<h3>Salami mit Lavendelhonig &#8211; Saucisson aux lavende miel<\/h3>\n<p>Diese hausgemachte Salami mit Lavendelhonig ist ein wahrer Genuss f\u00fcr die Sinne. Das Aroma von Lavendel und Honig verleihen der traditionellen Wurst eine \u00fcberraschende Note. Egal ob Sie sich bei einem erfrischenden Bier im Garten entspannen oder einen trockenen Wei\u00dfwein auf Ihrer Terrasse genie\u00dfen m\u00f6chten, diese franz\u00f6sische Delikatesse verleiht Ihren sommerlichen Getr\u00e4nken einen Hauch von franz\u00f6sischer Finesse.<\/p>\n<p>Bei Monsieur Saucisson legen wir Wert auf die Frische und Authentizit\u00e4t unserer Produkte. Unsere Rohw\u00fcrste werden sorgf\u00e4ltig ausgew\u00e4hlt und sind immer frisch vom Bauern.<\/p>\n<p>Probieren Sie die Salami mit Lavendelhonig von Monsieur Saucisson und lassen Sie Ihre Zunge von diesem einzigartigen Geschmack verw\u00f6hnen. Mit diesem k\u00f6stlichen Genuss werden (Sommer) abende zu etwas ganz Besonderem. Bestellen Sie noch heute und genie\u00dfen Sie den Zauber der franz\u00f6sischen Aromen. Prost auf unvergessliche Momente und leckeres Essen!<\/p>\n","protected":false},"excerpt":{"rendered":"<p>Salami aus Frankreich ist meist luftgetrocknet und hat einen feineren, und einen etwas s\u00fc\u00dflicheren Geschmack als die deutsche Salami. Die Wurst mit Lavendelhonig &#8211; Saucisson au Miel de Lavande ist eine bekannte Wurstspezialit\u00e4t aus der Provence. Lavendel und Honig verleihen der Wurst einen leicht s\u00fc\u00dflichen, blumigen Geschmack.<\/p>\n<p>Die s\u00fc\u00dflichen Aromen passen hervorragend zum salzigen Geschmack der Salami. Probieren Sie die Salami mit Lavendelhonig einmal mit einem erfrischenden Bier oder einem trockenen Wei\u00dfwein. Ein guter Start ins Wochenende!<\/p>\n<p>&nbsp;<\/p>\n","protected":false},"featured_media":4396,"template":"","meta":{"_acf_changed":false,"iawp_total_views":183,"editor_notices":[]},"product_brand":[],"product_cat":[81,82,85,15],"product_tag":[],"class_list":{"0":"post-811","1":"product","2":"type-product","3":"status-publish","4":"has-post-thumbnail","6":"product_cat-luftgetrocknete-salami","7":"product_cat-franzoesische-salami","8":"product_cat-saucisson-sec-franzosische-salami","9":"product_cat-alle-produkte","11":"first","12":"outofstock","13":"taxable","14":"shipping-taxable","15":"purchasable","16":"product-type-simple"},"acf":[],"_links":{"self":[{"href":"https:\/\/monsieursaucisson.com\/de\/wp-json\/wp\/v2\/product\/811","targetHints":{"allow":["GET"]}}],"collection":[{"href":"https:\/\/monsieursaucisson.com\/de\/wp-json\/wp\/v2\/product"}],"about":[{"href":"https:\/\/monsieursaucisson.com\/de\/wp-json\/wp\/v2\/types\/product"}],"wp:featuredmedia":[{"embeddable":true,"href":"https:\/\/monsieursaucisson.com\/de\/wp-json\/wp\/v2\/media\/4396"}],"wp:attachment":[{"href":"https:\/\/monsieursaucisson.com\/de\/wp-json\/wp\/v2\/media?parent=811"}],"wp:term":[{"taxonomy":"product_brand","embeddable":true,"href":"https:\/\/monsieursaucisson.com\/de\/wp-json\/wp\/v2\/product_brand?post=811"},{"taxonomy":"product_cat","embeddable":true,"href":"https:\/\/monsieursaucisson.com\/de\/wp-json\/wp\/v2\/product_cat?post=811"},{"taxonomy":"product_tag","embeddable":true,"href":"https:\/\/monsieursaucisson.com\/de\/wp-json\/wp\/v2\/product_tag?post=811"}],"curies":[{"name":"wp","href":"https:\/\/api.w.org\/{rel}","templated":true}]}}