{"id":808,"date":"2021-03-11T09:57:29","date_gmt":"2021-03-11T08:57:29","guid":{"rendered":"https:\/\/monsieursaucisson.com\/nl\/product\/top-7-fuet-pakket\/"},"modified":"2026-04-14T15:31:01","modified_gmt":"2026-04-14T13:31:01","slug":"top-7-fuet-paket","status":"publish","type":"product","link":"https:\/\/monsieursaucisson.com\/de\/top-7-fuet-paket\/","title":{"rendered":"Top 7 Fuet Paket"},"content":{"rendered":"<div>\n<div id=\"tab-description\" role=\"tabpanel\" aria-labelledby=\"tab-title-description\">\n<h2>Top 7 Fuet Paket &#8211; unsere 7 besten Salamis<\/h2>\n<p>Sie lieben es neue Dinge zu entdecken? Sie naschen gerne? Oder Sie m\u00f6chten jemand anderen eine Freude machen? Genie\u00dfen Sie unsere 7 besten spanischen Fuet W\u00fcrste, mit diesem Top 7 Fuet Paket &#8211; genau das Richtige f\u00fcr Sie oder f\u00fcr Ihren Nachbarn, Bekannten, Freund usw.! Dieses Paket besteht aus 7 leckeren Fuet Salamis und pa\u00dft in den Briefkasten. Sie oder der Empf\u00e4nger m\u00fcssen also nicht zu Hause sein, um es zu erhalten. Wenn m\u00f6chten Sie \u00fcberraschen?<\/p>\n<\/div>\n<\/div>\n","protected":false},"excerpt":{"rendered":"<p>M\u00f6chten Sie unsere 7 besten Fuet-W\u00fcrste aus Spanien probieren? Oder m\u00f6chten Sie jemandem eine besondere Freude machen? Dann ist das Top 7 Fuet Paket genau das Richtige f\u00fcr Sie oder f\u00fcr Ihre Nachbarn, Bekannten und Freunde!<\/p>\n","protected":false},"featured_media":2011,"template":"","meta":{"_acf_changed":false,"iawp_total_views":2554,"editor_notices":[]},"product_brand":[],"product_cat":[299,15],"product_tag":[],"class_list":{"0":"post-808","1":"product","2":"type-product","3":"status-publish","4":"has-post-thumbnail","6":"product_cat-wurstpakete-und-geschenksets","7":"product_cat-alle-produkte","8":"product_shipping_class-brievenbus-verzending","10":"first","11":"instock","12":"taxable","13":"shipping-taxable","14":"purchasable","15":"product-type-simple"},"acf":[],"_links":{"self":[{"href":"https:\/\/monsieursaucisson.com\/de\/wp-json\/wp\/v2\/product\/808","targetHints":{"allow":["GET"]}}],"collection":[{"href":"https:\/\/monsieursaucisson.com\/de\/wp-json\/wp\/v2\/product"}],"about":[{"href":"https:\/\/monsieursaucisson.com\/de\/wp-json\/wp\/v2\/types\/product"}],"wp:featuredmedia":[{"embeddable":true,"href":"https:\/\/monsieursaucisson.com\/de\/wp-json\/wp\/v2\/media\/2011"}],"wp:attachment":[{"href":"https:\/\/monsieursaucisson.com\/de\/wp-json\/wp\/v2\/media?parent=808"}],"wp:term":[{"taxonomy":"product_brand","embeddable":true,"href":"https:\/\/monsieursaucisson.com\/de\/wp-json\/wp\/v2\/product_brand?post=808"},{"taxonomy":"product_cat","embeddable":true,"href":"https:\/\/monsieursaucisson.com\/de\/wp-json\/wp\/v2\/product_cat?post=808"},{"taxonomy":"product_tag","embeddable":true,"href":"https:\/\/monsieursaucisson.com\/de\/wp-json\/wp\/v2\/product_tag?post=808"}],"curies":[{"name":"wp","href":"https:\/\/api.w.org\/{rel}","templated":true}]}}