{"id":807,"date":"2021-02-10T15:28:08","date_gmt":"2021-02-10T14:28:08","guid":{"rendered":"https:\/\/monsieursaucisson.com\/nl\/product\/spaanse-salchichon\/"},"modified":"2026-04-22T17:31:08","modified_gmt":"2026-04-22T15:31:08","slug":"spanische-salchichon","status":"publish","type":"product","link":"https:\/\/monsieursaucisson.com\/de\/spanische-salchichon\/","title":{"rendered":"Spanische Salchichon"},"content":{"rendered":"<h2>Spanische Salchichon &#8211; nur das Beste<\/h2>\n<p>Nur die beste Qualit\u00e4t f\u00fcr unsere Kunden! Deshalb hat Monsieur Saucisson f\u00fcr Sie diese k\u00f6stliche spanische Salchichon ausgew\u00e4hlt. Diese Salami ist eine typisch spanische, milde Wurst, die mit Salz, Knoblauch und anderen Gew\u00fcrzen aromatisiert ist. Die spanische Salchichon ist das Beste, was Spanien zu bieten hat, und Sie k\u00f6nnen sich in die sch\u00f6ne Zeit zur\u00fcck tr\u00e4umen, die Sie dort verbracht haben.<\/p>\n<p>Jeder Bissen ist ein Genuss, der die perfekte Balance zwischen einer reichhaltigen Textur und einem herrlichen Geschmack offenbart. Egal, ob Sie einen gem\u00fctlichen Abend mit Freunden verbringen oder sich einfach eine kleine, pers\u00f6nliche Freude g\u00f6nnen m\u00f6chten \u2013 diese leckere spanische Salchichon ist immer eine wunderbare Wahl. Entdecken Sie auch unsere <a href=\"https:\/\/monsieursaucisson.com\/de\/?s=Salchichon&amp;submit=\">anderen Salchichon<\/a> W\u00fcrste!<\/p>\n","protected":false},"excerpt":{"rendered":"<p>Diese spanische Wurst wird auch Salchichon genannt. Diese Salchichon Salami ist ein perfekter Mix aus Schinken und Speck, was ihr einen kr\u00e4ftigen Geschmack verleiht. Die Salchichon ist etwa 300 Gramm schwer.<\/p>\n","protected":false},"featured_media":1044,"template":"","meta":{"_acf_changed":false,"iawp_total_views":220,"editor_notices":[]},"product_brand":[],"product_cat":[15,81,87],"product_tag":[],"class_list":{"0":"post-807","1":"product","2":"type-product","3":"status-publish","4":"has-post-thumbnail","6":"product_cat-alle-produkte","7":"product_cat-luftgetrocknete-salami","8":"product_cat-spanische-wurst","10":"first","11":"instock","12":"taxable","13":"shipping-taxable","14":"purchasable","15":"product-type-simple"},"acf":[],"_links":{"self":[{"href":"https:\/\/monsieursaucisson.com\/de\/wp-json\/wp\/v2\/product\/807","targetHints":{"allow":["GET"]}}],"collection":[{"href":"https:\/\/monsieursaucisson.com\/de\/wp-json\/wp\/v2\/product"}],"about":[{"href":"https:\/\/monsieursaucisson.com\/de\/wp-json\/wp\/v2\/types\/product"}],"wp:featuredmedia":[{"embeddable":true,"href":"https:\/\/monsieursaucisson.com\/de\/wp-json\/wp\/v2\/media\/1044"}],"wp:attachment":[{"href":"https:\/\/monsieursaucisson.com\/de\/wp-json\/wp\/v2\/media?parent=807"}],"wp:term":[{"taxonomy":"product_brand","embeddable":true,"href":"https:\/\/monsieursaucisson.com\/de\/wp-json\/wp\/v2\/product_brand?post=807"},{"taxonomy":"product_cat","embeddable":true,"href":"https:\/\/monsieursaucisson.com\/de\/wp-json\/wp\/v2\/product_cat?post=807"},{"taxonomy":"product_tag","embeddable":true,"href":"https:\/\/monsieursaucisson.com\/de\/wp-json\/wp\/v2\/product_tag?post=807"}],"curies":[{"name":"wp","href":"https:\/\/api.w.org\/{rel}","templated":true}]}}