{"id":806,"date":"2021-02-09T14:56:26","date_gmt":"2021-02-09T13:56:26","guid":{"rendered":"https:\/\/monsieursaucisson.com\/nl\/product\/houten-borrelplank\/"},"modified":"2026-04-28T16:31:17","modified_gmt":"2026-04-28T14:31:17","slug":"schneidebrett-medium","status":"publish","type":"product","link":"https:\/\/monsieursaucisson.com\/de\/schneidebrett-medium\/","title":{"rendered":"Schneidebrett &#8222;Medium&#8220;"},"content":{"rendered":"<h2>Schneidebrett &#8222;Medium&#8220; &#8211; <b>Besonders hygienisch\u00a0<\/b><\/h2>\n<p>Jedes K\u00fcchenbrett hat seine Vor- und Nachteile. Holz- und Kunststoffbretter sind besonders hygienisch und schonend f\u00fcr die Messer. Holzschneidebretter sind sehr langlebig und nicht nur ideal zum Schneiden von Brot, Gem\u00fcse und Obst.<\/p>\n<p>Unser Holzbrettchen &#8222;Medium&#8220;, mit seiner luxuri\u00f6sen Ausstrahlung, macht das Servieren von H\u00e4ppchen zu einem echten Erlebnis. Servieren Sie eine unserer Salamiwurst mit einem K\u00e4se und ein paar unserer rustikalen <a href=\"https:\/\/monsieursaucisson.com\/de\/chips-cracker\/\" target=\"_blank\" rel=\"noopener\">Dipsticks<\/a> auf diesem Holzbrett und es verbreitet sich sofort eine gem\u00fctliche Atmosph\u00e4re. Das Holzbrettchen &#8222;Medium&#8220; ist von sehr guter Qualit\u00e4t und hat die folgenden Abmessungen: 33 x 21 x 1,5 cm. Schauen Sie sich auch unsere anderen <a href=\"https:\/\/monsieursaucisson.com\/de\/non-food\/\">Non-Food<\/a>-Produkte an!<\/p>\n<p>Sie ben\u00f6tigen mehr als nur 1 St\u00fcck?! Dann kontaktieren Sie unseren <a href=\"https:\/\/www.derwurstgrosshandel.de\/non-food\/schneidebretter\/\" target=\"_blank\" rel=\"noopener\">Wurst Gro\u00dfhandel<\/a>!<\/p>\n","protected":false},"excerpt":{"rendered":"<p>Dieses Holzschneidebrett ist ideal f\u00fcr entspannte Augenblicke des Genie\u00dfens. Mit seiner handlichen Gr\u00f6\u00dfe passt das Frett in jede K\u00fcche. Belegen Sie das Brettchen &#8222;Medium&#8220; mit unseren leckeren franz\u00f6sischen Salami, dem spanischen Fuet und unseren <a href=\"https:\/\/monsieursaucisson.com\/de\/delikatessen\/\">Delikatessen<\/a>. Kreieren Sie Ihre eigene Geschmacksexplosion und genie\u00dfen Sie ein kleines kulinarisches Fest.<\/p>\n","protected":false},"featured_media":2210,"template":"","meta":{"_acf_changed":false,"iawp_total_views":59,"editor_notices":[]},"product_brand":[],"product_cat":[15,309,322],"product_tag":[],"class_list":{"0":"post-806","1":"product","2":"type-product","3":"status-publish","4":"has-post-thumbnail","6":"product_cat-alle-produkte","7":"product_cat-delikatessen","8":"product_cat-non-food","10":"first","11":"instock","12":"taxable","13":"shipping-taxable","14":"purchasable","15":"product-type-simple"},"acf":[],"_links":{"self":[{"href":"https:\/\/monsieursaucisson.com\/de\/wp-json\/wp\/v2\/product\/806","targetHints":{"allow":["GET"]}}],"collection":[{"href":"https:\/\/monsieursaucisson.com\/de\/wp-json\/wp\/v2\/product"}],"about":[{"href":"https:\/\/monsieursaucisson.com\/de\/wp-json\/wp\/v2\/types\/product"}],"wp:featuredmedia":[{"embeddable":true,"href":"https:\/\/monsieursaucisson.com\/de\/wp-json\/wp\/v2\/media\/2210"}],"wp:attachment":[{"href":"https:\/\/monsieursaucisson.com\/de\/wp-json\/wp\/v2\/media?parent=806"}],"wp:term":[{"taxonomy":"product_brand","embeddable":true,"href":"https:\/\/monsieursaucisson.com\/de\/wp-json\/wp\/v2\/product_brand?post=806"},{"taxonomy":"product_cat","embeddable":true,"href":"https:\/\/monsieursaucisson.com\/de\/wp-json\/wp\/v2\/product_cat?post=806"},{"taxonomy":"product_tag","embeddable":true,"href":"https:\/\/monsieursaucisson.com\/de\/wp-json\/wp\/v2\/product_tag?post=806"}],"curies":[{"name":"wp","href":"https:\/\/api.w.org\/{rel}","templated":true}]}}