{"id":803,"date":"2021-03-19T08:38:18","date_gmt":"2021-03-19T07:38:18","guid":{"rendered":"https:\/\/monsieursaucisson.com\/nl\/product\/spaanse-pate-van-iberico-en-paprika-18\/"},"modified":"2026-04-07T19:02:40","modified_gmt":"2026-04-07T17:02:40","slug":"iberico-pate-mit-paprika","status":"publish","type":"product","link":"https:\/\/monsieursaucisson.com\/de\/iberico-pate-mit-paprika\/","title":{"rendered":"Spanisches Iberico Pat\u00e9 mit Paprika"},"content":{"rendered":"<h2>Spanisches Iberico Pat\u00e9 mit Paprika &#8211; einer unser Bestseller!<\/h2>\n<p>Bei Monsieur Saucisson laden wir Sie zu einer unvergesslichen Reise in die geschmackvolle Welt der authentischen Delikatessen ein. Unsere spanische Iberico-Paprika-Pastete, angereichert mit leicht scharfer Paprika, ist eine wahre Geschmacksexplosion, die jede Veranstaltung oder jedes Abendessen zu einem Gourmetfest werden l\u00e4sst.<\/p>\n<p>Der unverwechselbare Geschmack des Iberico-Schweins, der f\u00fcr seine reichen, nussigen Noten bekannt ist, verbindet sich perfekt mit der w\u00fcrzigen Sch\u00e4rfe der Paprika. Das Ergebnis ist eine Pastete, die sowohl raffiniert als auch abenteuerlich ist und Ihren Gaumen \u00fcberraschen wird.<\/p>\n<p>Unsere spanische Iberico Pat\u00e9 mit Paprika wird sorgf\u00e4ltig verarbeitet und bietet die ultimative Frische und Qualit\u00e4t, die Sie von Monsieur Saucisson gewohnt sind. Kreieren Sie mal eine etwas andere Wurstplatte, die Ihre G\u00e4ste beeindrucken wird &#8211; als Vorspeise oder g\u00f6nnen Sie sich selbst einfach einen leckeren Genuss.<\/p>\n","protected":false},"excerpt":{"rendered":"<p>Unsere spanische Pastete aus Iberico und Paprika; eine exquisite Mischung aus der klassischen Iberico-Schweinepastete und einer Prise von einer leicht w\u00fcrzigen Paprika. Diese Pastete sollte bei einem k\u00f6stlichen Beisammensein oder Abendessen auf keinen Fall fehlen. Die spanische Pastete aus Iberico und Paprika ist wirklich eine echte Bereicherung!<\/p>\n<p>Bei Monsieur Saucisson legen wir Wert auf Authentizit\u00e4t und Frische, und das schmeckt man in jedem Bissen. Noch mehr Leckereien? Zu unseren Pasteten gibt es auch herrliche Terrinen in verschiedenen <a href=\"https:\/\/monsieursaucisson.com\/de\/terrinen-und-pasteten\/\">Geschmacksrichtungen<\/a>!<\/p>\n","protected":false},"featured_media":1074,"template":"","meta":{"_acf_changed":false,"iawp_total_views":60,"editor_notices":[]},"product_brand":[],"product_cat":[309,310,312,15],"product_tag":[],"class_list":{"0":"post-803","1":"product","2":"type-product","3":"status-publish","4":"has-post-thumbnail","6":"product_cat-delikatessen","7":"product_cat-terrinen-und-pasteten","8":"product_cat-spanische-pasteten","9":"product_cat-alle-produkte","11":"first","12":"instock","13":"taxable","14":"shipping-taxable","15":"purchasable","16":"product-type-simple"},"acf":[],"_links":{"self":[{"href":"https:\/\/monsieursaucisson.com\/de\/wp-json\/wp\/v2\/product\/803","targetHints":{"allow":["GET"]}}],"collection":[{"href":"https:\/\/monsieursaucisson.com\/de\/wp-json\/wp\/v2\/product"}],"about":[{"href":"https:\/\/monsieursaucisson.com\/de\/wp-json\/wp\/v2\/types\/product"}],"wp:featuredmedia":[{"embeddable":true,"href":"https:\/\/monsieursaucisson.com\/de\/wp-json\/wp\/v2\/media\/1074"}],"wp:attachment":[{"href":"https:\/\/monsieursaucisson.com\/de\/wp-json\/wp\/v2\/media?parent=803"}],"wp:term":[{"taxonomy":"product_brand","embeddable":true,"href":"https:\/\/monsieursaucisson.com\/de\/wp-json\/wp\/v2\/product_brand?post=803"},{"taxonomy":"product_cat","embeddable":true,"href":"https:\/\/monsieursaucisson.com\/de\/wp-json\/wp\/v2\/product_cat?post=803"},{"taxonomy":"product_tag","embeddable":true,"href":"https:\/\/monsieursaucisson.com\/de\/wp-json\/wp\/v2\/product_tag?post=803"}],"curies":[{"name":"wp","href":"https:\/\/api.w.org\/{rel}","templated":true}]}}