{"id":802,"date":"2021-03-16T11:02:30","date_gmt":"2021-03-16T10:02:30","guid":{"rendered":"https:\/\/monsieursaucisson.com\/nl\/product\/spaanse-pate-van-artisjok\/"},"modified":"2026-04-07T19:02:31","modified_gmt":"2026-04-07T17:02:31","slug":"spanische-pastete-mit-artischocken","status":"publish","type":"product","link":"https:\/\/monsieursaucisson.com\/de\/spanische-pastete-mit-artischocken\/","title":{"rendered":"Spanische Pastete mit Artischocken"},"content":{"rendered":"<h2>Spanische Pastete mit Artischocken &#8211; vegetarische Pastete<\/h2>\n<p>Bei Monsieur Saucisson sind wir stolz auf unsere Pasteten &#8211; vielseitige und authentische K\u00f6stlichkeiten. Die vegetarische Artischockenpastete ist eine der k\u00f6stlichsten Pasteten Spaniens. Das <em>Besondere an dieser spanischen Pastete mit Artischocken ist<\/em>, dass sie auch als fleischlose Pastete verwendet werden kann. Wenn Sie Vegetarier sind oder einfach nur eine schmackhafte Alternative zu herk\u00f6mmlicher Pastete suchen, ist dies die ideale Wahl &#8211; eine Geschmacksexplosion, die Ihre Sinne verzaubert.<\/p>\n<p>Aus feinsten Artischockenherzen hergestellt, bietet unsere spanische Artischockenpastete eine Reihe von kulinarischen M\u00f6glichkeiten. Sie schmeckt nicht nur auf Toast und Crackern, sondern verleiht auch Ihren Lieblingsdips und -dressings eine neue, k\u00f6stliche Dimension. Liebhaber der vegetarischen K\u00fcche werden diese Artischockencreme lieben. Diese Pastete pa\u00dft perfekt zu einem Getr\u00e4nk, auf Toast und beim Kochen er\u00f6ffnet diese vegetarische Pastete neue Facetten. Probieren Sie sie auch mit Nudeln und geriebenem Parmesan.<\/p>\n<p>Noch mehr Leckereien? Unsere Pasteten gibt es in verschiedenen Geschmacksrichtungen, wie zum Beispiel unsere <a href=\"https:\/\/monsieursaucisson.com\/de\/pastete-mit-manchego-kaese\/\">Pastete mit Manchego-K\u00e4se<\/a>!<\/p>\n","protected":false},"excerpt":{"rendered":"<p>Diese k\u00f6stliche, spanische Pastete mit Artischocken ist eine besonders leckere Creme aus Artischockenherzen &#8211; herrlich aus auf Toast oder Crackern. Verwenden Sie diese spanische Pastete mit Artischocken in Dips und Dressings. Probieren Sie das Pat\u00e9 auch mit Nudeln und geriebenem Parmesan. Diese vegetarische Pastete ist ein sehr vielseitiges Produkt.<\/p>\n<p>Bei Monsieur Saucisson legen wir Wert auf Authentizit\u00e4t und Frische, und das schmeckt man in jedem Bissen unserer spanischen Artischockenpastete. Bringen Sie mit dieser schmackhaften und vielseitigen Kreation einen Hauch von Spaniens kulinarischer Tradition in Ihr Zuhause.<\/p>\n","protected":false},"featured_media":1069,"template":"","meta":{"_acf_changed":false,"iawp_total_views":38,"editor_notices":[]},"product_brand":[],"product_cat":[15,309,312,310],"product_tag":[],"class_list":{"0":"post-802","1":"product","2":"type-product","3":"status-publish","4":"has-post-thumbnail","6":"product_cat-alle-produkte","7":"product_cat-delikatessen","8":"product_cat-spanische-pasteten","9":"product_cat-terrinen-und-pasteten","11":"first","12":"instock","13":"taxable","14":"shipping-taxable","15":"purchasable","16":"product-type-simple"},"acf":[],"_links":{"self":[{"href":"https:\/\/monsieursaucisson.com\/de\/wp-json\/wp\/v2\/product\/802","targetHints":{"allow":["GET"]}}],"collection":[{"href":"https:\/\/monsieursaucisson.com\/de\/wp-json\/wp\/v2\/product"}],"about":[{"href":"https:\/\/monsieursaucisson.com\/de\/wp-json\/wp\/v2\/types\/product"}],"wp:featuredmedia":[{"embeddable":true,"href":"https:\/\/monsieursaucisson.com\/de\/wp-json\/wp\/v2\/media\/1069"}],"wp:attachment":[{"href":"https:\/\/monsieursaucisson.com\/de\/wp-json\/wp\/v2\/media?parent=802"}],"wp:term":[{"taxonomy":"product_brand","embeddable":true,"href":"https:\/\/monsieursaucisson.com\/de\/wp-json\/wp\/v2\/product_brand?post=802"},{"taxonomy":"product_cat","embeddable":true,"href":"https:\/\/monsieursaucisson.com\/de\/wp-json\/wp\/v2\/product_cat?post=802"},{"taxonomy":"product_tag","embeddable":true,"href":"https:\/\/monsieursaucisson.com\/de\/wp-json\/wp\/v2\/product_tag?post=802"}],"curies":[{"name":"wp","href":"https:\/\/api.w.org\/{rel}","templated":true}]}}