{"id":800,"date":"2021-03-19T08:36:29","date_gmt":"2021-03-19T07:36:29","guid":{"rendered":"https:\/\/monsieursaucisson.com\/nl\/product\/spaanse-pate-van-fazant-en-truffel\/"},"modified":"2026-04-21T13:50:48","modified_gmt":"2026-04-21T11:50:48","slug":"pate-vom-fasan-mit-trueffel","status":"publish","type":"product","link":"https:\/\/monsieursaucisson.com\/de\/pate-vom-fasan-mit-trueffel\/","title":{"rendered":"Spanisches Pat\u00e9 vom Fasan mit Tr\u00fcffel"},"content":{"rendered":"<h2>Spanisches Pat\u00e9 vom Fasan mit Tr\u00fcffel &#8211; ein wahres Juwel in unserer Kollektion<\/h2>\n<p>Unser spanisches Pat\u00e9 vom Fasan mit Tr\u00fcffel ist ein wahres Juwel in unserer Kollektion und zeichnet sich durch ihre Reichhaltigkeit und ihren edlen Geschmack aus. Diese mit \u00e4u\u00dferster Sorgfalt zubereitete Delikatesse verbindet den intensiven Geschmack des Fasans mit den raffinierten Aromen der Tr\u00fcffel, die fachm\u00e4nnisch mit nativem Oliven\u00f6l extra vermischt werden.<\/p>\n<p>Diese spanische Fasanen- und Tr\u00fcffelpastete ist nicht nur eine streichfertige K\u00f6stlichkeit, sondern auch ein kulinarisches Meisterwerk, das Ihre Sinne erfreuen wird. Streichen Sie sie auf knuspriges Brot, oder servieren Sie sie als edlen Happen auf Ihrer Aperitifplatte. Die Vielseitigkeit dieser spanischen Pastete ist bemerkenswert. Sie passt zu einer Vielzahl von K\u00e4sesorten, von jungen und milden bis hin zu alten und w\u00fcrzigen K\u00e4sesorten, so dass Sie unendlich viele Kombinationsm\u00f6glichkeiten haben, um Ihre G\u00e4ste zu \u00fcberraschen.<\/p>\n<p>Monsieur Saucisson serviert Ihnen die ganze Vielfalt der spanischen Kochkunst in Form der spanischen Fasanen-Tr\u00fcffel-Pastete. Wir legen Wert auf Frische und Authentizit\u00e4t, und dieses Produkt ist keine Ausnahme!<\/p>\n<p>&nbsp;<\/p>\n","protected":false},"excerpt":{"rendered":"<p>Unsere spanische Fasanen- und Tr\u00fcffelpastete ist reichhaltig, geschmackvoll und raffiniert vermengt mit hochwertigem Oliven\u00f6l extra vergine. Das spanische Pat\u00e9 vom Fasan mit Tr\u00fcffel eignet sich perfekt zum Bestreichen von knusprigem Brot oder zum Servieren als Snack. Diese Pastete passt gut zu allen K\u00e4sesorten &#8211; von jung bis alt. Wenn Sie auf der Suche nach etwas Neuem sind!<\/p>\n<p>Bei Monsieur Saucisson legen wir Wert auf Authentizit\u00e4t und Frische, und das schmeckt man in jedem Bissen. Noch mehr Leckereien? Zu unseren Pasteten gibt es auch herrliche Terrinen in verschiedenen <a href=\"https:\/\/monsieursaucisson.com\/de\/terrinen-und-pasteten\/\">Geschmacksrichtungen<\/a>!<\/p>\n","protected":false},"featured_media":2921,"template":"","meta":{"_acf_changed":false,"iawp_total_views":120,"editor_notices":[]},"product_brand":[],"product_cat":[15,309,312,310],"product_tag":[],"class_list":{"0":"post-800","1":"product","2":"type-product","3":"status-publish","4":"has-post-thumbnail","6":"product_cat-alle-produkte","7":"product_cat-delikatessen","8":"product_cat-spanische-pasteten","9":"product_cat-terrinen-und-pasteten","11":"first","12":"instock","13":"taxable","14":"shipping-taxable","15":"purchasable","16":"product-type-simple"},"acf":[],"_links":{"self":[{"href":"https:\/\/monsieursaucisson.com\/de\/wp-json\/wp\/v2\/product\/800","targetHints":{"allow":["GET"]}}],"collection":[{"href":"https:\/\/monsieursaucisson.com\/de\/wp-json\/wp\/v2\/product"}],"about":[{"href":"https:\/\/monsieursaucisson.com\/de\/wp-json\/wp\/v2\/types\/product"}],"wp:featuredmedia":[{"embeddable":true,"href":"https:\/\/monsieursaucisson.com\/de\/wp-json\/wp\/v2\/media\/2921"}],"wp:attachment":[{"href":"https:\/\/monsieursaucisson.com\/de\/wp-json\/wp\/v2\/media?parent=800"}],"wp:term":[{"taxonomy":"product_brand","embeddable":true,"href":"https:\/\/monsieursaucisson.com\/de\/wp-json\/wp\/v2\/product_brand?post=800"},{"taxonomy":"product_cat","embeddable":true,"href":"https:\/\/monsieursaucisson.com\/de\/wp-json\/wp\/v2\/product_cat?post=800"},{"taxonomy":"product_tag","embeddable":true,"href":"https:\/\/monsieursaucisson.com\/de\/wp-json\/wp\/v2\/product_tag?post=800"}],"curies":[{"name":"wp","href":"https:\/\/api.w.org\/{rel}","templated":true}]}}