{"id":798,"date":"2021-03-19T08:32:28","date_gmt":"2021-03-19T07:32:28","guid":{"rendered":"https:\/\/monsieursaucisson.com\/nl\/product\/spaanse-pate-met-manchego-kaas\/"},"modified":"2026-04-05T14:50:22","modified_gmt":"2026-04-05T12:50:22","slug":"pastete-mit-manchego-kaese","status":"publish","type":"product","link":"https:\/\/monsieursaucisson.com\/de\/pastete-mit-manchego-kaese\/","title":{"rendered":"Spanische Pastete mit Manchego-K\u00e4se"},"content":{"rendered":"<h2>Spanische Pastete mit Manchego-K\u00e4se &#8211; Pat\u00e9 mit Schafsk\u00e4se<\/h2>\n<p>Der Manchego-K\u00e4se ist der weltweit bekannteste spanische K\u00e4se und wird in der Region La Mancha hergestellt.\u00a0Angereichert mit dem unverwechselbaren Geschmack des Manchego-K\u00e4ses, ist diese traditionelle Pastete ein wahrer Genuss f\u00fcr die Sinne. Pasteten schmecken als Vorspeise, zu einem frischen Salat mit einem Glas Wein oder als Brotaufstrich.<\/p>\n<p>Die kr\u00e4ftigen, nussigen Untert\u00f6ne des K\u00e4ses bilden einen sch\u00f6nen Kontrast zur cremigen, samtigen Textur der Pastete. Dieses harmonische Zusammenspiel der Aromen eignet sich hervorragend als Beilage zu frisch gebackenem Brot, knusprigen Crackern oder einer Auswahl an N\u00fcssen und Trockenfr\u00fcchten.<\/p>\n<p>Ganz gleich, ob Sie einen entspannten Abend mit Freunden verbringen oder einen besonderen Anlass feiern, diese Pastete bringt einen Hauch der spanischen Tradition auf Ihren Tisch. Monsieur Saucisson bringt Ihnen diese authentische Delikatesse direkt vom Bauernhof auf Ihren Teller.<\/p>\n<p>Erleben Sie den Geschmack Spaniens und teilen Sie diese unvergessliche Delikatesse mit Ihren Liebsten. Noch mehr Leckereien? Unsere Pasteten gibt es in verschiedenen Geschmacksrichtungen, wie zum Beispiel unsere <a href=\"https:\/\/monsieursaucisson.com\/de\/spanische-pastete-mit-steinpilzen\/\">spanische Pastete mit Steinpilzen.<\/a><\/p>\n<p>&nbsp;<\/p>\n","protected":false},"excerpt":{"rendered":"<p>Dieser k\u00f6stliche K\u00e4se ist der ber\u00fchmteste K\u00e4se aus dem sonnigen Spanien. Der Manchego-K\u00e4se stammt aus der Region &#8222;La Mancha&#8220;. Eine echte spanische Pastete also. Durch den Manchego-K\u00e4se hat die Pastete einen w\u00fcrzigeren und ausgepr\u00e4gten Geschmack &#8211; perfekt, wenn Sie Lust auf etwas Neues haben. Diese spanische <em>Pastete mit Manchego-K\u00e4se<\/em> ist ein k\u00f6stlicher Begleiter zu jedem Anlass!<\/p>\n<p>Bei Monsieur Saucisson legen wir Wert auf Authentizit\u00e4t und Frische, und das schmeckt man in jedem Bissen unserer spanischen K\u00e4sepastete. Bringen Sie mit dieser schmackhaften und vielseitigen Kreation einen Hauch von Spaniens kulinarischer Tradition in Ihr Zuhause.<\/p>\n","protected":false},"featured_media":1077,"template":"","meta":{"_acf_changed":false,"iawp_total_views":44,"editor_notices":[]},"product_brand":[],"product_cat":[309,310,312,15],"product_tag":[],"class_list":{"0":"post-798","1":"product","2":"type-product","3":"status-publish","4":"has-post-thumbnail","6":"product_cat-delikatessen","7":"product_cat-terrinen-und-pasteten","8":"product_cat-spanische-pasteten","9":"product_cat-alle-produkte","11":"first","12":"instock","13":"taxable","14":"shipping-taxable","15":"purchasable","16":"product-type-simple"},"acf":[],"_links":{"self":[{"href":"https:\/\/monsieursaucisson.com\/de\/wp-json\/wp\/v2\/product\/798","targetHints":{"allow":["GET"]}}],"collection":[{"href":"https:\/\/monsieursaucisson.com\/de\/wp-json\/wp\/v2\/product"}],"about":[{"href":"https:\/\/monsieursaucisson.com\/de\/wp-json\/wp\/v2\/types\/product"}],"wp:featuredmedia":[{"embeddable":true,"href":"https:\/\/monsieursaucisson.com\/de\/wp-json\/wp\/v2\/media\/1077"}],"wp:attachment":[{"href":"https:\/\/monsieursaucisson.com\/de\/wp-json\/wp\/v2\/media?parent=798"}],"wp:term":[{"taxonomy":"product_brand","embeddable":true,"href":"https:\/\/monsieursaucisson.com\/de\/wp-json\/wp\/v2\/product_brand?post=798"},{"taxonomy":"product_cat","embeddable":true,"href":"https:\/\/monsieursaucisson.com\/de\/wp-json\/wp\/v2\/product_cat?post=798"},{"taxonomy":"product_tag","embeddable":true,"href":"https:\/\/monsieursaucisson.com\/de\/wp-json\/wp\/v2\/product_tag?post=798"}],"curies":[{"name":"wp","href":"https:\/\/api.w.org\/{rel}","templated":true}]}}